{"id":789,"date":"2020-07-14T15:06:49","date_gmt":"2020-07-14T13:06:49","guid":{"rendered":"http:\/\/fwltvvj.cluster028.hosting.ovh.net\/?page_id=789"},"modified":"2026-02-06T18:22:04","modified_gmt":"2026-02-06T17:22:04","slug":"faq","status":"publish","type":"page","link":"https:\/\/makutano.cd\/fr\/faq\/","title":{"rendered":"FAQ"},"content":{"rendered":"\t\t<div data-elementor-type=\"wp-page\" data-elementor-id=\"789\" class=\"elementor elementor-789\" data-elementor-post-type=\"page\">\n\t\t\t\t\t\t<section data-dce-background-overlay-color=\"#CC9933\" data-dce-background-image-url=\"https:\/\/makutano.cd\/wp-content\/uploads\/2026\/02\/IMGL7300.jpg\" class=\"elementor-section elementor-top-section elementor-element elementor-element-61ce92f elementor-section-boxed elementor-section-height-default elementor-section-height-default elementor-invisible\" data-id=\"61ce92f\" data-element_type=\"section\" data-e-type=\"section\" data-settings=\"{&quot;background_background&quot;:&quot;classic&quot;,&quot;animation&quot;:&quot;fadeIn&quot;,&quot;background_motion_fx_motion_fx_scrolling&quot;:&quot;yes&quot;,&quot;background_motion_fx_translateX_effect&quot;:&quot;yes&quot;,&quot;background_motion_fx_translateX_speed&quot;:{&quot;unit&quot;:&quot;px&quot;,&quot;size&quot;:7,&quot;sizes&quot;:[]},&quot;background_motion_fx_translateX_affectedRange&quot;:{&quot;unit&quot;:&quot;%&quot;,&quot;size&quot;:&quot;&quot;,&quot;sizes&quot;:{&quot;start&quot;:0,&quot;end&quot;:100}},&quot;background_motion_fx_devices&quot;:[&quot;desktop&quot;,&quot;tablet&quot;,&quot;mobile&quot;]}\">\n\t\t\t\t\t\t\t<div class=\"elementor-background-overlay\"><\/div>\n\t\t\t\t\t\t\t<div class=\"elementor-container elementor-column-gap-default\">\n\t\t\t\t\t<div data-dce-background-color=\"#052093A6\" class=\"elementor-column elementor-col-100 elementor-top-column elementor-element elementor-element-ee99c51\" data-id=\"ee99c51\" data-element_type=\"column\" data-e-type=\"column\" data-settings=\"{&quot;background_background&quot;:&quot;classic&quot;}\">\n\t\t\t<div class=\"elementor-widget-wrap elementor-element-populated\">\n\t\t\t\t\t\t<div data-dce-title-color=\"#FFFFFF\" class=\"elementor-element elementor-element-5bce9ea titre-2-puce-haut elementor-invisible elementor-widget elementor-widget-heading\" data-id=\"5bce9ea\" data-element_type=\"widget\" data-e-type=\"widget\" data-settings=\"{&quot;_animation&quot;:&quot;fadeInDown&quot;}\" data-widget_type=\"heading.default\">\n\t\t\t\t<div class=\"elementor-widget-container\">\n\t\t\t\t\t<h2 class=\"elementor-heading-title elementor-size-default\">Questions<br>fr\u00e9quentes<\/h2>\t\t\t\t<\/div>\n\t\t\t\t<\/div>\n\t\t\t\t\t<\/div>\n\t\t<\/div>\n\t\t\t\t\t<\/div>\n\t\t<\/section>\n\t\t\t\t<section data-dce-background-color=\"#FFFFFF\" class=\"elementor-section elementor-top-section elementor-element elementor-element-5281ad4d elementor-section-content-top elementor-section-boxed elementor-section-height-default elementor-section-height-default\" data-id=\"5281ad4d\" data-element_type=\"section\" data-e-type=\"section\" data-settings=\"{&quot;background_background&quot;:&quot;classic&quot;}\">\n\t\t\t\t\t\t<div class=\"elementor-container elementor-column-gap-default\">\n\t\t\t\t\t<div class=\"elementor-column elementor-col-100 elementor-top-column elementor-element elementor-element-19ea38e7\" data-id=\"19ea38e7\" data-element_type=\"column\" data-e-type=\"column\" data-settings=\"{&quot;animation&quot;:&quot;none&quot;}\">\n\t\t\t<div class=\"elementor-widget-wrap elementor-element-populated\">\n\t\t\t\t\t\t<div class=\"elementor-element elementor-element-a9e1de3 elementor-align-center elementor-widget elementor-widget-lottie\" data-id=\"a9e1de3\" data-element_type=\"widget\" data-e-type=\"widget\" data-settings=\"{&quot;source_json&quot;:{&quot;url&quot;:&quot;https:\\\/\\\/makutano.cd\\\/wp-content\\\/uploads\\\/2020\\\/07\\\/lf30_editor_wlINcd.json&quot;,&quot;id&quot;:871,&quot;size&quot;:&quot;&quot;},&quot;play_speed&quot;:{&quot;unit&quot;:&quot;px&quot;,&quot;size&quot;:0.5,&quot;sizes&quot;:[]},&quot;source&quot;:&quot;media_file&quot;,&quot;caption_source&quot;:&quot;none&quot;,&quot;link_to&quot;:&quot;none&quot;,&quot;trigger&quot;:&quot;arriving_to_viewport&quot;,&quot;viewport&quot;:{&quot;unit&quot;:&quot;%&quot;,&quot;size&quot;:&quot;&quot;,&quot;sizes&quot;:{&quot;start&quot;:0,&quot;end&quot;:100}},&quot;start_point&quot;:{&quot;unit&quot;:&quot;%&quot;,&quot;size&quot;:0,&quot;sizes&quot;:[]},&quot;end_point&quot;:{&quot;unit&quot;:&quot;%&quot;,&quot;size&quot;:100,&quot;sizes&quot;:[]},&quot;renderer&quot;:&quot;svg&quot;}\" data-widget_type=\"lottie.default\">\n\t\t\t\t<div class=\"elementor-widget-container\">\n\t\t\t\t\t<div class=\"e-lottie__container\"><div class=\"e-lottie__animation\"><\/div><\/div>\t\t\t\t<\/div>\n\t\t\t\t<\/div>\n\t\t\t\t<section class=\"elementor-section elementor-inner-section elementor-element elementor-element-6117226 elementor-section-boxed elementor-section-height-default elementor-section-height-default\" data-id=\"6117226\" data-element_type=\"section\" data-e-type=\"section\">\n\t\t\t\t\t\t<div class=\"elementor-container elementor-column-gap-default\">\n\t\t\t\t\t<div class=\"elementor-column elementor-col-50 elementor-inner-column elementor-element elementor-element-f4de51a\" data-id=\"f4de51a\" data-element_type=\"column\" data-e-type=\"column\">\n\t\t\t<div class=\"elementor-widget-wrap elementor-element-populated\">\n\t\t\t\t\t\t<div data-dce-title-color=\"#FFFFFF\" data-dce-advanced-background-color=\"#052093\" class=\"elementor-element elementor-element-2e0fb62 elementor-widget elementor-widget-heading\" data-id=\"2e0fb62\" data-element_type=\"widget\" data-e-type=\"widget\" data-widget_type=\"heading.default\">\n\t\t\t\t<div class=\"elementor-widget-container\">\n\t\t\t\t\t<span class=\"elementor-heading-title elementor-size-default\">Comment devient-on membre du Makutano ?<\/span>\t\t\t\t<\/div>\n\t\t\t\t<\/div>\n\t\t\t\t<div data-dce-advanced-background-color=\"#F1F1F1\" class=\"elementor-element elementor-element-d6b331d elementor-widget elementor-widget-text-editor\" data-id=\"d6b331d\" data-element_type=\"widget\" data-e-type=\"widget\" data-widget_type=\"text-editor.default\">\n\t\t\t\t<div class=\"elementor-widget-container\">\n\t\t\t\t\t\t\t\t\t<p>L\u2019int\u00e9gration est conditionn\u00e9e par le parrainage d\u2019un membre du r\u00e9seau et le paiement d\u2019une cotisation annuelle.<\/p>\t\t\t\t\t\t\t\t<\/div>\n\t\t\t\t<\/div>\n\t\t\t\t<div data-dce-title-color=\"#FFFFFF\" data-dce-advanced-background-color=\"#052093\" class=\"elementor-element elementor-element-af00b13 elementor-widget elementor-widget-heading\" data-id=\"af00b13\" data-element_type=\"widget\" data-e-type=\"widget\" data-widget_type=\"heading.default\">\n\t\t\t\t<div class=\"elementor-widget-container\">\n\t\t\t\t\t<span class=\"elementor-heading-title elementor-size-default\">Quelle est la diff\u00e9rence entre le Forum et la Fondation ?<\/span>\t\t\t\t<\/div>\n\t\t\t\t<\/div>\n\t\t\t\t<div data-dce-advanced-background-color=\"#F1F1F1\" class=\"elementor-element elementor-element-ab45eba elementor-widget elementor-widget-text-editor\" data-id=\"ab45eba\" data-element_type=\"widget\" data-e-type=\"widget\" data-widget_type=\"text-editor.default\">\n\t\t\t\t<div class=\"elementor-widget-container\">\n\t\t\t\t\t\t\t\t\t<p>La Fondation est un business club et un \u00ab Think and Do tank \u00bb qui travaille toute l\u2019ann\u00e9e. Le forum est le grand rassemblement annuel des acteurs \u00e9conomiques de la RDC et d\u2019Afrique qui se tient une fois par an.<\/p>\t\t\t\t\t\t\t\t<\/div>\n\t\t\t\t<\/div>\n\t\t\t\t<div data-dce-title-color=\"#FFFFFF\" data-dce-advanced-background-color=\"#052093\" class=\"elementor-element elementor-element-5502e93 elementor-widget elementor-widget-heading\" data-id=\"5502e93\" data-element_type=\"widget\" data-e-type=\"widget\" data-widget_type=\"heading.default\">\n\t\t\t\t<div class=\"elementor-widget-container\">\n\t\t\t\t\t<span class=\"elementor-heading-title elementor-size-default\">Le forum Makutano, est-il ouvert \u00e0 tous, et \u00e0 quelles conditions ?<\/span>\t\t\t\t<\/div>\n\t\t\t\t<\/div>\n\t\t\t\t<div data-dce-advanced-background-color=\"#F1F1F1\" class=\"elementor-element elementor-element-79fc522 elementor-widget elementor-widget-text-editor\" data-id=\"79fc522\" data-element_type=\"widget\" data-e-type=\"widget\" data-widget_type=\"text-editor.default\">\n\t\t\t\t<div class=\"elementor-widget-container\">\n\t\t\t\t\t\t\t\t\t<p>Le forum est ouvert en priorit\u00e9 aux CEOs du secteur priv\u00e9 et aux responsables \u00e0 tous les niveaux (institutionnels etc.) et au paiement d\u2019un droit de participation.<\/p>\t\t\t\t\t\t\t\t<\/div>\n\t\t\t\t<\/div>\n\t\t\t\t<div data-dce-title-color=\"#FFFFFF\" data-dce-advanced-background-color=\"#052093\" class=\"elementor-element elementor-element-367c1c5 elementor-widget elementor-widget-heading\" data-id=\"367c1c5\" data-element_type=\"widget\" data-e-type=\"widget\" data-widget_type=\"heading.default\">\n\t\t\t\t<div class=\"elementor-widget-container\">\n\t\t\t\t\t<span class=\"elementor-heading-title elementor-size-default\">Le Sultani Makutano est-il r\u00e9serv\u00e9 aux Congolais ?<\/span>\t\t\t\t<\/div>\n\t\t\t\t<\/div>\n\t\t\t\t<div data-dce-advanced-background-color=\"#F1F1F1\" class=\"elementor-element elementor-element-d67b7c9 elementor-widget elementor-widget-text-editor\" data-id=\"d67b7c9\" data-element_type=\"widget\" data-e-type=\"widget\" data-widget_type=\"text-editor.default\">\n\t\t\t\t<div class=\"elementor-widget-container\">\n\t\t\t\t\t\t\t\t\t<p>Non. La Fondation et le forum sont ouverts \u00e0 toutes celles et ceux qui ont le d\u00e9sir de faire progresser l\u2019\u00e9conomie de la RDC et de l\u2019Afrique.<\/p>\t\t\t\t\t\t\t\t<\/div>\n\t\t\t\t<\/div>\n\t\t\t\t\t<\/div>\n\t\t<\/div>\n\t\t\t\t<div class=\"elementor-column elementor-col-50 elementor-inner-column elementor-element elementor-element-766efea\" data-id=\"766efea\" data-element_type=\"column\" data-e-type=\"column\">\n\t\t\t<div class=\"elementor-widget-wrap elementor-element-populated\">\n\t\t\t\t\t\t<div data-dce-title-color=\"#FFFFFF\" data-dce-advanced-background-color=\"#052093\" class=\"elementor-element elementor-element-f7432d9 elementor-widget elementor-widget-heading\" data-id=\"f7432d9\" data-element_type=\"widget\" data-e-type=\"widget\" data-widget_type=\"heading.default\">\n\t\t\t\t<div class=\"elementor-widget-container\">\n\t\t\t\t\t<span class=\"elementor-heading-title elementor-size-default\">Le r\u00e9seau est-il engag\u00e9 politiquement ?<\/span>\t\t\t\t<\/div>\n\t\t\t\t<\/div>\n\t\t\t\t<div data-dce-advanced-background-color=\"#F1F1F1\" class=\"elementor-element elementor-element-9b69ef0 elementor-widget elementor-widget-text-editor\" data-id=\"9b69ef0\" data-element_type=\"widget\" data-e-type=\"widget\" data-widget_type=\"text-editor.default\">\n\t\t\t\t<div class=\"elementor-widget-container\">\n\t\t\t\t\t\t\t\t\t<p>Non. Le r\u00e9seau Makutano est apolitique et la\u00efque.<\/p>\t\t\t\t\t\t\t\t<\/div>\n\t\t\t\t<\/div>\n\t\t\t\t<div data-dce-title-color=\"#FFFFFF\" data-dce-advanced-background-color=\"#052093\" class=\"elementor-element elementor-element-aa9a125 elementor-widget elementor-widget-heading\" data-id=\"aa9a125\" data-element_type=\"widget\" data-e-type=\"widget\" data-widget_type=\"heading.default\">\n\t\t\t\t<div class=\"elementor-widget-container\">\n\t\t\t\t\t<span class=\"elementor-heading-title elementor-size-default\">Peut\u2013on rejoindre le Makutano sans \u00eatre membre ?<\/span>\t\t\t\t<\/div>\n\t\t\t\t<\/div>\n\t\t\t\t<div data-dce-advanced-background-color=\"#F1F1F1\" class=\"elementor-element elementor-element-e50df1b elementor-widget elementor-widget-text-editor\" data-id=\"e50df1b\" data-element_type=\"widget\" data-e-type=\"widget\" data-widget_type=\"text-editor.default\">\n\t\t\t\t<div class=\"elementor-widget-container\">\n\t\t\t\t\t\t\t\t\t<p>Bien entendu ! Le Makutano est ouvert \u00e0 tous. C\u2019est ce que nous appelons la \u00ab\u00a0Communaut\u00e9 Makutano\u00a0\u00bb. Elle permet de participer \u00e0 certaines conf\u00e9rences mensuelles (Hors forum annuel et rencontres r\u00e9serv\u00e9es aux membres), de recevoir la newsletter et d\u2019\u00eatre inform\u00e9 en priorit\u00e9. De nombreux \u00e9tudiants, jeunes cr\u00e9ateurs d\u2019entreprises, acteurs de la soci\u00e9t\u00e9 civile, l\u2019ont d\u2019ores et d\u00e9j\u00e0 rejointe. Faire partie de la communaut\u00e9 est gratuit.<\/p>\t\t\t\t\t\t\t\t<\/div>\n\t\t\t\t<\/div>\n\t\t\t\t<div data-dce-title-color=\"#FFFFFF\" data-dce-advanced-background-color=\"#052093\" class=\"elementor-element elementor-element-b516063 elementor-widget elementor-widget-heading\" data-id=\"b516063\" data-element_type=\"widget\" data-e-type=\"widget\" data-widget_type=\"heading.default\">\n\t\t\t\t<div class=\"elementor-widget-container\">\n\t\t\t\t\t<span class=\"elementor-heading-title elementor-size-default\">Quid en cas d\u2019annulation \u00e0 la participation au forum ?<\/span>\t\t\t\t<\/div>\n\t\t\t\t<\/div>\n\t\t\t\t<div data-dce-advanced-background-color=\"#F1F1F1\" class=\"elementor-element elementor-element-76d8fc0 elementor-widget elementor-widget-text-editor\" data-id=\"76d8fc0\" data-element_type=\"widget\" data-e-type=\"widget\" data-widget_type=\"text-editor.default\">\n\t\t\t\t<div class=\"elementor-widget-container\">\n\t\t\t\t\t\t\t\t\t<p>L\u2019annulation par le participant ne proc\u00e8de \u00e0 aucun remboursement, quelle que soit la cause de l\u2019annulation. Un participant emp\u00each\u00e9 peut se faire repr\u00e9senter par un remplacement de niveau hi\u00e9rarchique \u00e9quivalent sous r\u00e9serve de l\u2019accord express de l\u2019organisateur, qui doit en \u00eatre inform\u00e9 au plus t\u00f4t. Aucune demande ne pourra \u00eatre accept\u00e9e si elle intervient moins de 14 jours avant le d\u00e9but du forum.<\/p>\t\t\t\t\t\t\t\t<\/div>\n\t\t\t\t<\/div>\n\t\t\t\t<div data-dce-title-color=\"#FFFFFF\" data-dce-advanced-background-color=\"#052093\" class=\"elementor-element elementor-element-34c12a3 elementor-widget elementor-widget-heading\" data-id=\"34c12a3\" data-element_type=\"widget\" data-e-type=\"widget\" data-widget_type=\"heading.default\">\n\t\t\t\t<div class=\"elementor-widget-container\">\n\t\t\t\t\t<span class=\"elementor-heading-title elementor-size-default\">Voyage et s\u00e9jour ?<\/span>\t\t\t\t<\/div>\n\t\t\t\t<\/div>\n\t\t\t\t<div data-dce-advanced-background-color=\"#F1F1F1\" class=\"elementor-element elementor-element-ee1cd48 elementor-widget elementor-widget-text-editor\" data-id=\"ee1cd48\" data-element_type=\"widget\" data-e-type=\"widget\" data-widget_type=\"text-editor.default\">\n\t\t\t\t<div class=\"elementor-widget-container\">\n\t\t\t\t\t\t\t\t\t<p>Les participants prennent en charge leur voyage et leur s\u00e9jour sauf pour ceux qui auront pris le package avec les nuit\u00e9es.<\/p>\t\t\t\t\t\t\t\t<\/div>\n\t\t\t\t<\/div>\n\t\t\t\t\t<\/div>\n\t\t<\/div>\n\t\t\t\t\t<\/div>\n\t\t<\/section>\n\t\t\t\t\t<\/div>\n\t\t<\/div>\n\t\t\t\t\t<\/div>\n\t\t<\/section>\n\t\t\t\t<\/div>\n\t\t","protected":false},"excerpt":{"rendered":"<p>Questionsfr\u00e9quentes Comment devient-on membre du Makutano ? L\u2019int\u00e9gration est conditionn\u00e9e par le parrainage d\u2019un membre du r\u00e9seau et le paiement d\u2019une cotisation annuelle. Quelle est la diff\u00e9rence entre le Forum et la Fondation ? La Fondation est un business club et un \u00ab Think and Do tank \u00bb qui travaille toute l\u2019ann\u00e9e. Le forum est [&hellip;]<\/p>\n","protected":false},"author":3,"featured_media":0,"parent":0,"menu_order":0,"comment_status":"closed","ping_status":"closed","template":"elementor_header_footer","meta":{"inline_featured_image":false,"footnotes":""},"class_list":["post-789","page","type-page","status-publish","hentry"],"yoast_head":"<!-- This site is optimized with the Yoast SEO plugin v27.4 - https:\/\/yoast.com\/product\/yoast-seo-wordpress\/ -->\n<title>FAQ - Makutano<\/title>\n<meta name=\"robots\" content=\"index, follow, max-snippet:-1, max-image-preview:large, max-video-preview:-1\" \/>\n<link rel=\"canonical\" href=\"https:\/\/makutano.cd\/fr\/faq\/\" \/>\n<meta property=\"og:locale\" content=\"fr_FR\" \/>\n<meta property=\"og:type\" content=\"article\" \/>\n<meta property=\"og:title\" content=\"FAQ - Makutano\" \/>\n<meta property=\"og:description\" content=\"Questionsfr\u00e9quentes Comment devient-on membre du Makutano ? L\u2019int\u00e9gration est conditionn\u00e9e par le parrainage d\u2019un membre du r\u00e9seau et le paiement d\u2019une cotisation annuelle. Quelle est la diff\u00e9rence entre le Forum et la Fondation ? La Fondation est un business club et un \u00ab Think and Do tank \u00bb qui travaille toute l\u2019ann\u00e9e. Le forum est [&hellip;]\" \/>\n<meta property=\"og:url\" content=\"https:\/\/makutano.cd\/fr\/faq\/\" \/>\n<meta property=\"og:site_name\" content=\"Makutano\" \/>\n<meta property=\"article:publisher\" content=\"https:\/\/facebook.com\/MakutanoNetwork\" \/>\n<meta property=\"article:modified_time\" content=\"2026-02-06T17:22:04+00:00\" \/>\n<meta name=\"twitter:card\" content=\"summary_large_image\" \/>\n<meta name=\"twitter:site\" content=\"@MakutanoForum\" \/>\n<meta name=\"twitter:label1\" content=\"Dur\u00e9e de lecture estim\u00e9e\" \/>\n\t<meta name=\"twitter:data1\" content=\"2 minutes\" \/>\n<script type=\"application\/ld+json\" class=\"yoast-schema-graph\">{\"@context\":\"https:\\\/\\\/schema.org\",\"@graph\":[{\"@type\":\"WebPage\",\"@id\":\"https:\\\/\\\/makutano.cd\\\/faq\\\/\",\"url\":\"https:\\\/\\\/makutano.cd\\\/faq\\\/\",\"name\":\"FAQ - Makutano\",\"isPartOf\":{\"@id\":\"https:\\\/\\\/makutano.cd\\\/fr\\\/#website\"},\"datePublished\":\"2020-07-14T13:06:49+00:00\",\"dateModified\":\"2026-02-06T17:22:04+00:00\",\"breadcrumb\":{\"@id\":\"https:\\\/\\\/makutano.cd\\\/faq\\\/#breadcrumb\"},\"inLanguage\":\"fr-FR\",\"potentialAction\":[{\"@type\":\"ReadAction\",\"target\":[\"https:\\\/\\\/makutano.cd\\\/faq\\\/\"]}]},{\"@type\":\"BreadcrumbList\",\"@id\":\"https:\\\/\\\/makutano.cd\\\/faq\\\/#breadcrumb\",\"itemListElement\":[{\"@type\":\"ListItem\",\"position\":1,\"name\":\"Accueil\",\"item\":\"https:\\\/\\\/makutano.cd\\\/\"},{\"@type\":\"ListItem\",\"position\":2,\"name\":\"FAQ\"}]},{\"@type\":\"WebSite\",\"@id\":\"https:\\\/\\\/makutano.cd\\\/fr\\\/#website\",\"url\":\"https:\\\/\\\/makutano.cd\\\/fr\\\/\",\"name\":\"Makutano\",\"description\":\"If we don&#039;t, who will ?\",\"publisher\":{\"@id\":\"https:\\\/\\\/makutano.cd\\\/fr\\\/#organization\"},\"potentialAction\":[{\"@type\":\"SearchAction\",\"target\":{\"@type\":\"EntryPoint\",\"urlTemplate\":\"https:\\\/\\\/makutano.cd\\\/fr\\\/?s={search_term_string}\"},\"query-input\":{\"@type\":\"PropertyValueSpecification\",\"valueRequired\":true,\"valueName\":\"search_term_string\"}}],\"inLanguage\":\"fr-FR\"},{\"@type\":\"Organization\",\"@id\":\"https:\\\/\\\/makutano.cd\\\/fr\\\/#organization\",\"name\":\"Makutano\",\"url\":\"https:\\\/\\\/makutano.cd\\\/fr\\\/\",\"logo\":{\"@type\":\"ImageObject\",\"inLanguage\":\"fr-FR\",\"@id\":\"https:\\\/\\\/makutano.cd\\\/fr\\\/#\\\/schema\\\/logo\\\/image\\\/\",\"url\":\"https:\\\/\\\/makutano.cd\\\/wp-content\\\/uploads\\\/2020\\\/06\\\/Logo-Makutano-inblock.svg\",\"contentUrl\":\"https:\\\/\\\/makutano.cd\\\/wp-content\\\/uploads\\\/2020\\\/06\\\/Logo-Makutano-inblock.svg\",\"width\":293,\"height\":80,\"caption\":\"Makutano\"},\"image\":{\"@id\":\"https:\\\/\\\/makutano.cd\\\/fr\\\/#\\\/schema\\\/logo\\\/image\\\/\"},\"sameAs\":[\"https:\\\/\\\/facebook.com\\\/MakutanoNetwork\",\"https:\\\/\\\/x.com\\\/MakutanoForum\",\"https:\\\/\\\/www.linkedin.com\\\/in\\\/sultanimakutano\\\/\",\"https:\\\/\\\/www.instagram.com\\\/p\\\/B192OJ8nkVx\\\/\",\"https:\\\/\\\/www.youtube.com\\\/channel\\\/UCb_Won5SE0j8B2yMo0zigoQ\"]}]}<\/script>\n<!-- \/ Yoast SEO plugin. -->","yoast_head_json":{"title":"FAQ - Makutano","robots":{"index":"index","follow":"follow","max-snippet":"max-snippet:-1","max-image-preview":"max-image-preview:large","max-video-preview":"max-video-preview:-1"},"canonical":"https:\/\/makutano.cd\/fr\/faq\/","og_locale":"fr_FR","og_type":"article","og_title":"FAQ - Makutano","og_description":"Questionsfr\u00e9quentes Comment devient-on membre du Makutano ? L\u2019int\u00e9gration est conditionn\u00e9e par le parrainage d\u2019un membre du r\u00e9seau et le paiement d\u2019une cotisation annuelle. Quelle est la diff\u00e9rence entre le Forum et la Fondation ? La Fondation est un business club et un \u00ab Think and Do tank \u00bb qui travaille toute l\u2019ann\u00e9e. Le forum est [&hellip;]","og_url":"https:\/\/makutano.cd\/fr\/faq\/","og_site_name":"Makutano","article_publisher":"https:\/\/facebook.com\/MakutanoNetwork","article_modified_time":"2026-02-06T17:22:04+00:00","twitter_card":"summary_large_image","twitter_site":"@MakutanoForum","twitter_misc":{"Dur\u00e9e de lecture estim\u00e9e":"2 minutes"},"schema":{"@context":"https:\/\/schema.org","@graph":[{"@type":"WebPage","@id":"https:\/\/makutano.cd\/faq\/","url":"https:\/\/makutano.cd\/faq\/","name":"FAQ - Makutano","isPartOf":{"@id":"https:\/\/makutano.cd\/fr\/#website"},"datePublished":"2020-07-14T13:06:49+00:00","dateModified":"2026-02-06T17:22:04+00:00","breadcrumb":{"@id":"https:\/\/makutano.cd\/faq\/#breadcrumb"},"inLanguage":"fr-FR","potentialAction":[{"@type":"ReadAction","target":["https:\/\/makutano.cd\/faq\/"]}]},{"@type":"BreadcrumbList","@id":"https:\/\/makutano.cd\/faq\/#breadcrumb","itemListElement":[{"@type":"ListItem","position":1,"name":"Accueil","item":"https:\/\/makutano.cd\/"},{"@type":"ListItem","position":2,"name":"FAQ"}]},{"@type":"WebSite","@id":"https:\/\/makutano.cd\/fr\/#website","url":"https:\/\/makutano.cd\/fr\/","name":"Makutano","description":"If we don&#039;t, who will ?","publisher":{"@id":"https:\/\/makutano.cd\/fr\/#organization"},"potentialAction":[{"@type":"SearchAction","target":{"@type":"EntryPoint","urlTemplate":"https:\/\/makutano.cd\/fr\/?s={search_term_string}"},"query-input":{"@type":"PropertyValueSpecification","valueRequired":true,"valueName":"search_term_string"}}],"inLanguage":"fr-FR"},{"@type":"Organization","@id":"https:\/\/makutano.cd\/fr\/#organization","name":"Makutano","url":"https:\/\/makutano.cd\/fr\/","logo":{"@type":"ImageObject","inLanguage":"fr-FR","@id":"https:\/\/makutano.cd\/fr\/#\/schema\/logo\/image\/","url":"https:\/\/makutano.cd\/wp-content\/uploads\/2020\/06\/Logo-Makutano-inblock.svg","contentUrl":"https:\/\/makutano.cd\/wp-content\/uploads\/2020\/06\/Logo-Makutano-inblock.svg","width":293,"height":80,"caption":"Makutano"},"image":{"@id":"https:\/\/makutano.cd\/fr\/#\/schema\/logo\/image\/"},"sameAs":["https:\/\/facebook.com\/MakutanoNetwork","https:\/\/x.com\/MakutanoForum","https:\/\/www.linkedin.com\/in\/sultanimakutano\/","https:\/\/www.instagram.com\/p\/B192OJ8nkVx\/","https:\/\/www.youtube.com\/channel\/UCb_Won5SE0j8B2yMo0zigoQ"]}]}},"_links":{"self":[{"href":"https:\/\/makutano.cd\/fr\/wp-json\/wp\/v2\/pages\/789","targetHints":{"allow":["GET"]}}],"collection":[{"href":"https:\/\/makutano.cd\/fr\/wp-json\/wp\/v2\/pages"}],"about":[{"href":"https:\/\/makutano.cd\/fr\/wp-json\/wp\/v2\/types\/page"}],"author":[{"embeddable":true,"href":"https:\/\/makutano.cd\/fr\/wp-json\/wp\/v2\/users\/3"}],"replies":[{"embeddable":true,"href":"https:\/\/makutano.cd\/fr\/wp-json\/wp\/v2\/comments?post=789"}],"version-history":[{"count":6,"href":"https:\/\/makutano.cd\/fr\/wp-json\/wp\/v2\/pages\/789\/revisions"}],"predecessor-version":[{"id":7804,"href":"https:\/\/makutano.cd\/fr\/wp-json\/wp\/v2\/pages\/789\/revisions\/7804"}],"wp:attachment":[{"href":"https:\/\/makutano.cd\/fr\/wp-json\/wp\/v2\/media?parent=789"}],"curies":[{"name":"wp","href":"https:\/\/api.w.org\/{rel}","templated":true}]}}