{"id":5971,"date":"2023-01-30T07:53:24","date_gmt":"2023-01-30T06:53:24","guid":{"rendered":"https:\/\/makutano.cd\/?page_id=5971"},"modified":"2025-12-15T14:01:24","modified_gmt":"2025-12-15T13:01:24","slug":"raba-arbi","status":"publish","type":"page","link":"https:\/\/makutano.cd\/fr\/institut\/publications\/raba-arbi\/","title":{"rendered":"Revue Africaine de la Banque et des Assurances (African Review of Banking and Insurance)"},"content":{"rendered":"\t\t<div data-elementor-type=\"wp-page\" data-elementor-id=\"5971\" class=\"elementor elementor-5971\" data-elementor-post-type=\"page\">\n\t\t\t\t\t\t<section data-dce-background-color=\"#F6F6F6\" data-dce-background-image-url=\"https:\/\/makutano.cd\/wp-content\/uploads\/2023\/01\/MOTIF.26.png\" class=\"elementor-section elementor-top-section elementor-element elementor-element-2a8b74a2 elementor-section-boxed elementor-section-height-default elementor-section-height-default elementor-invisible\" data-id=\"2a8b74a2\" data-element_type=\"section\" data-e-type=\"section\" data-settings=\"{&quot;background_background&quot;:&quot;classic&quot;,&quot;animation&quot;:&quot;fadeIn&quot;,&quot;background_motion_fx_motion_fx_scrolling&quot;:&quot;yes&quot;,&quot;background_motion_fx_devices&quot;:[&quot;desktop&quot;,&quot;tablet&quot;,&quot;mobile&quot;]}\">\n\t\t\t\t\t\t<div class=\"elementor-container elementor-column-gap-default\">\n\t\t\t\t\t<div data-dce-background-color=\"#117C62\" class=\"elementor-column elementor-col-100 elementor-top-column elementor-element elementor-element-395b78df\" data-id=\"395b78df\" data-element_type=\"column\" data-e-type=\"column\" data-settings=\"{&quot;background_background&quot;:&quot;classic&quot;}\">\n\t\t\t<div class=\"elementor-widget-wrap elementor-element-populated\">\n\t\t\t\t\t\t<div data-dce-title-color=\"#FFFFFF\" class=\"elementor-element elementor-element-73923dc titre-2-puce-haut elementor-invisible elementor-widget elementor-widget-heading\" data-id=\"73923dc\" data-element_type=\"widget\" data-e-type=\"widget\" data-settings=\"{&quot;_animation&quot;:&quot;fadeInUp&quot;}\" data-widget_type=\"heading.default\">\n\t\t\t\t<div class=\"elementor-widget-container\">\n\t\t\t\t\t<h2 class=\"elementor-heading-title elementor-size-default\">Revue Africaine de la Banque et des Assurances<br>African Review of Banking and Insurance<\/h2>\t\t\t\t<\/div>\n\t\t\t\t<\/div>\n\t\t\t\t\t<\/div>\n\t\t<\/div>\n\t\t\t\t\t<\/div>\n\t\t<\/section>\n\t\t\t\t<section data-dce-background-color=\"#FFFFFF\" data-dce-background-overlay-image-url=\"https:\/\/makutano.cd\/wp-content\/uploads\/2023\/01\/RABA-logo.png\" class=\"elementor-section elementor-top-section elementor-element elementor-element-34b54478 elementor-section-boxed elementor-section-height-default elementor-section-height-default elementor-invisible\" data-id=\"34b54478\" data-element_type=\"section\" data-e-type=\"section\" data-settings=\"{&quot;background_background&quot;:&quot;classic&quot;,&quot;animation&quot;:&quot;fadeIn&quot;}\">\n\t\t\t\t\t\t\t<div class=\"elementor-background-overlay\"><\/div>\n\t\t\t\t\t\t\t<div class=\"elementor-container elementor-column-gap-default\">\n\t\t\t\t\t<div class=\"elementor-column elementor-col-100 elementor-top-column elementor-element elementor-element-471f6758\" data-id=\"471f6758\" data-element_type=\"column\" data-e-type=\"column\">\n\t\t\t<div class=\"elementor-widget-wrap elementor-element-populated\">\n\t\t\t\t\t\t<div class=\"elementor-element elementor-element-43904404 elementor-grid-2 elementor-grid-tablet-2 elementor-grid-mobile-1 elementor-posts--thumbnail-top elementor-invisible elementor-widget elementor-widget-posts\" data-id=\"43904404\" data-element_type=\"widget\" data-e-type=\"widget\" data-settings=\"{&quot;classic_row_gap&quot;:{&quot;unit&quot;:&quot;px&quot;,&quot;size&quot;:30,&quot;sizes&quot;:[]},&quot;_animation&quot;:&quot;fadeInUp&quot;,&quot;_animation_tablet&quot;:&quot;fadeIn&quot;,&quot;pagination_type&quot;:&quot;numbers_and_prev_next&quot;,&quot;classic_columns&quot;:&quot;2&quot;,&quot;classic_columns_tablet&quot;:&quot;2&quot;,&quot;classic_columns_mobile&quot;:&quot;1&quot;,&quot;classic_row_gap_tablet&quot;:{&quot;unit&quot;:&quot;px&quot;,&quot;size&quot;:&quot;&quot;,&quot;sizes&quot;:[]},&quot;classic_row_gap_mobile&quot;:{&quot;unit&quot;:&quot;px&quot;,&quot;size&quot;:&quot;&quot;,&quot;sizes&quot;:[]}}\" data-widget_type=\"posts.classic\">\n\t\t\t\t<div class=\"elementor-widget-container\">\n\t\t\t\t\t\t\t<div class=\"elementor-posts-container elementor-posts elementor-posts--skin-classic elementor-grid\" role=\"list\">\n\t\t\t\t<article class=\"elementor-post elementor-grid-item post-5979 post type-post status-publish format-standard has-post-thumbnail hentry category-raba-arbi\" role=\"listitem\">\n\t\t\t\t<a class=\"elementor-post__thumbnail__link\" href=\"https:\/\/makutano.cd\/fr\/lindustrie-bancaire-congolaise-est-elle-hostile-ou-favorable-a-de-nouvelles-entrees\/\" tabindex=\"-1\" >\n\t\t\t<div class=\"elementor-post__thumbnail\"><img fetchpriority=\"high\" decoding=\"async\" width=\"2480\" height=\"866\" src=\"https:\/\/makutano.cd\/wp-content\/uploads\/2023\/01\/COVER.RABA_.ARBI_.png\" class=\"attachment-full size-full wp-image-5980\" alt=\"\" srcset=\"https:\/\/makutano.cd\/wp-content\/uploads\/2023\/01\/COVER.RABA_.ARBI_.png 2480w, https:\/\/makutano.cd\/wp-content\/uploads\/2023\/01\/COVER.RABA_.ARBI_-300x105.png 300w, https:\/\/makutano.cd\/wp-content\/uploads\/2023\/01\/COVER.RABA_.ARBI_-1024x358.png 1024w, https:\/\/makutano.cd\/wp-content\/uploads\/2023\/01\/COVER.RABA_.ARBI_-768x268.png 768w, https:\/\/makutano.cd\/wp-content\/uploads\/2023\/01\/COVER.RABA_.ARBI_-1536x536.png 1536w, https:\/\/makutano.cd\/wp-content\/uploads\/2023\/01\/COVER.RABA_.ARBI_-2048x715.png 2048w, https:\/\/makutano.cd\/wp-content\/uploads\/2023\/01\/COVER.RABA_.ARBI_-18x6.png 18w\" sizes=\"(max-width: 2480px) 100vw, 2480px\" \/><\/div>\n\t\t<\/a>\n\t\t\t\t<div class=\"elementor-post__text\">\n\t\t\t\t<h3 class=\"elementor-post__title\">\n\t\t\t<a href=\"https:\/\/makutano.cd\/fr\/lindustrie-bancaire-congolaise-est-elle-hostile-ou-favorable-a-de-nouvelles-entrees\/\" >\n\t\t\t\tL\u2019industrie bancaire congolaise est-elle hostile ou favorable \u00e0 de nouvelles entr\u00e9es ?\t\t\t<\/a>\n\t\t<\/h3>\n\t\t\t\t<div class=\"elementor-post__excerpt\">\n\t\t\t<p>Andr\u00e9 M. Nyembwe, Honor\u00e9 Mbantshi et Emmanuel Sungani<\/p>\n\t\t<\/div>\n\t\t\n\t\t<a class=\"elementor-post__read-more\" href=\"https:\/\/makutano.cd\/fr\/lindustrie-bancaire-congolaise-est-elle-hostile-ou-favorable-a-de-nouvelles-entrees\/\" aria-label=\"En savoir plus sur L\u2019industrie bancaire congolaise est-elle hostile ou favorable \u00e0 de nouvelles entr\u00e9es ?\" tabindex=\"-1\" >\n\t\t\tLire la suite\t\t<\/a>\n\n\t\t\t\t<\/div>\n\t\t\t\t<\/article>\n\t\t\t\t<article class=\"elementor-post elementor-grid-item post-5990 post type-post status-publish format-standard has-post-thumbnail hentry category-raba-arbi\" role=\"listitem\">\n\t\t\t\t<a class=\"elementor-post__thumbnail__link\" href=\"https:\/\/makutano.cd\/fr\/credit-bail-en-republique-democratique-du-congo-ecueils-reglementaires-et-ajustements-necessaires-pour-une-pratique-comptable-sereine\/\" tabindex=\"-1\" >\n\t\t\t<div class=\"elementor-post__thumbnail\"><img fetchpriority=\"high\" decoding=\"async\" width=\"2480\" height=\"866\" src=\"https:\/\/makutano.cd\/wp-content\/uploads\/2023\/01\/COVER.RABA_.ARBI_.png\" class=\"attachment-full size-full wp-image-5980\" alt=\"\" srcset=\"https:\/\/makutano.cd\/wp-content\/uploads\/2023\/01\/COVER.RABA_.ARBI_.png 2480w, https:\/\/makutano.cd\/wp-content\/uploads\/2023\/01\/COVER.RABA_.ARBI_-300x105.png 300w, https:\/\/makutano.cd\/wp-content\/uploads\/2023\/01\/COVER.RABA_.ARBI_-1024x358.png 1024w, https:\/\/makutano.cd\/wp-content\/uploads\/2023\/01\/COVER.RABA_.ARBI_-768x268.png 768w, https:\/\/makutano.cd\/wp-content\/uploads\/2023\/01\/COVER.RABA_.ARBI_-1536x536.png 1536w, https:\/\/makutano.cd\/wp-content\/uploads\/2023\/01\/COVER.RABA_.ARBI_-2048x715.png 2048w, https:\/\/makutano.cd\/wp-content\/uploads\/2023\/01\/COVER.RABA_.ARBI_-18x6.png 18w\" sizes=\"(max-width: 2480px) 100vw, 2480px\" \/><\/div>\n\t\t<\/a>\n\t\t\t\t<div class=\"elementor-post__text\">\n\t\t\t\t<h3 class=\"elementor-post__title\">\n\t\t\t<a href=\"https:\/\/makutano.cd\/fr\/credit-bail-en-republique-democratique-du-congo-ecueils-reglementaires-et-ajustements-necessaires-pour-une-pratique-comptable-sereine\/\" >\n\t\t\t\tCr\u00e9dit-bail en R\u00e9publique d\u00e9mocratique du Congo : \u00e9cueils r\u00e9glementaires et ajustements n\u00e9cessaires pour une pratique comptable sereine\t\t\t<\/a>\n\t\t<\/h3>\n\t\t\t\t<div class=\"elementor-post__excerpt\">\n\t\t\t<p>Jean-Marie Tumba Kabalambi<\/p>\n\t\t<\/div>\n\t\t\n\t\t<a class=\"elementor-post__read-more\" href=\"https:\/\/makutano.cd\/fr\/credit-bail-en-republique-democratique-du-congo-ecueils-reglementaires-et-ajustements-necessaires-pour-une-pratique-comptable-sereine\/\" aria-label=\"En savoir plus sur Cr\u00e9dit-bail en R\u00e9publique d\u00e9mocratique du Congo : \u00e9cueils r\u00e9glementaires et ajustements n\u00e9cessaires pour une pratique comptable sereine\" tabindex=\"-1\" >\n\t\t\tLire la suite\t\t<\/a>\n\n\t\t\t\t<\/div>\n\t\t\t\t<\/article>\n\t\t\t\t<article class=\"elementor-post elementor-grid-item post-5992 post type-post status-publish format-standard has-post-thumbnail hentry category-raba-arbi\" role=\"listitem\">\n\t\t\t\t<a class=\"elementor-post__thumbnail__link\" href=\"https:\/\/makutano.cd\/fr\/meconnaissance-et-faiblesse-de-remuneration-du-courtage-en-assurances-en-republique-democratique-du-congo-pistes-de-solution\/\" tabindex=\"-1\" >\n\t\t\t<div class=\"elementor-post__thumbnail\"><img fetchpriority=\"high\" decoding=\"async\" width=\"2480\" height=\"866\" src=\"https:\/\/makutano.cd\/wp-content\/uploads\/2023\/01\/COVER.RABA_.ARBI_.png\" class=\"attachment-full size-full wp-image-5980\" alt=\"\" srcset=\"https:\/\/makutano.cd\/wp-content\/uploads\/2023\/01\/COVER.RABA_.ARBI_.png 2480w, https:\/\/makutano.cd\/wp-content\/uploads\/2023\/01\/COVER.RABA_.ARBI_-300x105.png 300w, https:\/\/makutano.cd\/wp-content\/uploads\/2023\/01\/COVER.RABA_.ARBI_-1024x358.png 1024w, https:\/\/makutano.cd\/wp-content\/uploads\/2023\/01\/COVER.RABA_.ARBI_-768x268.png 768w, https:\/\/makutano.cd\/wp-content\/uploads\/2023\/01\/COVER.RABA_.ARBI_-1536x536.png 1536w, https:\/\/makutano.cd\/wp-content\/uploads\/2023\/01\/COVER.RABA_.ARBI_-2048x715.png 2048w, https:\/\/makutano.cd\/wp-content\/uploads\/2023\/01\/COVER.RABA_.ARBI_-18x6.png 18w\" sizes=\"(max-width: 2480px) 100vw, 2480px\" \/><\/div>\n\t\t<\/a>\n\t\t\t\t<div class=\"elementor-post__text\">\n\t\t\t\t<h3 class=\"elementor-post__title\">\n\t\t\t<a href=\"https:\/\/makutano.cd\/fr\/meconnaissance-et-faiblesse-de-remuneration-du-courtage-en-assurances-en-republique-democratique-du-congo-pistes-de-solution\/\" >\n\t\t\t\tM\u00e9connaissance et faiblesse de r\u00e9mun\u00e9ration du courtage en assurances en R\u00e9publique d\u00e9mocratique du Congo : pistes de solution.\t\t\t<\/a>\n\t\t<\/h3>\n\t\t\t\t<div class=\"elementor-post__excerpt\">\n\t\t\t<p>Louison Ekofo<\/p>\n\t\t<\/div>\n\t\t\n\t\t<a class=\"elementor-post__read-more\" href=\"https:\/\/makutano.cd\/fr\/meconnaissance-et-faiblesse-de-remuneration-du-courtage-en-assurances-en-republique-democratique-du-congo-pistes-de-solution\/\" aria-label=\"En savoir plus sur M\u00e9connaissance et faiblesse de r\u00e9mun\u00e9ration du courtage en assurances en R\u00e9publique d\u00e9mocratique du Congo : pistes de solution.\" tabindex=\"-1\" >\n\t\t\tLire la suite\t\t<\/a>\n\n\t\t\t\t<\/div>\n\t\t\t\t<\/article>\n\t\t\t\t<article class=\"elementor-post elementor-grid-item post-5994 post type-post status-publish format-standard has-post-thumbnail hentry category-raba-arbi\" role=\"listitem\">\n\t\t\t\t<a class=\"elementor-post__thumbnail__link\" href=\"https:\/\/makutano.cd\/fr\/evolution-des-echanges-des-services-financiers-et-dassurance-entre-la-rdc-et-la-belgique-implications-pour-les-secteurs-bancaire-et-des-assurances-congolais\/\" tabindex=\"-1\" >\n\t\t\t<div class=\"elementor-post__thumbnail\"><img fetchpriority=\"high\" decoding=\"async\" width=\"2480\" height=\"866\" src=\"https:\/\/makutano.cd\/wp-content\/uploads\/2023\/01\/COVER.RABA_.ARBI_.png\" class=\"attachment-full size-full wp-image-5980\" alt=\"\" srcset=\"https:\/\/makutano.cd\/wp-content\/uploads\/2023\/01\/COVER.RABA_.ARBI_.png 2480w, https:\/\/makutano.cd\/wp-content\/uploads\/2023\/01\/COVER.RABA_.ARBI_-300x105.png 300w, https:\/\/makutano.cd\/wp-content\/uploads\/2023\/01\/COVER.RABA_.ARBI_-1024x358.png 1024w, https:\/\/makutano.cd\/wp-content\/uploads\/2023\/01\/COVER.RABA_.ARBI_-768x268.png 768w, https:\/\/makutano.cd\/wp-content\/uploads\/2023\/01\/COVER.RABA_.ARBI_-1536x536.png 1536w, https:\/\/makutano.cd\/wp-content\/uploads\/2023\/01\/COVER.RABA_.ARBI_-2048x715.png 2048w, https:\/\/makutano.cd\/wp-content\/uploads\/2023\/01\/COVER.RABA_.ARBI_-18x6.png 18w\" sizes=\"(max-width: 2480px) 100vw, 2480px\" \/><\/div>\n\t\t<\/a>\n\t\t\t\t<div class=\"elementor-post__text\">\n\t\t\t\t<h3 class=\"elementor-post__title\">\n\t\t\t<a href=\"https:\/\/makutano.cd\/fr\/evolution-des-echanges-des-services-financiers-et-dassurance-entre-la-rdc-et-la-belgique-implications-pour-les-secteurs-bancaire-et-des-assurances-congolais\/\" >\n\t\t\t\tEvolution des \u00e9changes des services financiers et d\u2019assurance entre la RDC et la Belgique : implications pour les secteurs bancaire et des assurances congolais\t\t\t<\/a>\n\t\t<\/h3>\n\t\t\t\t<div class=\"elementor-post__excerpt\">\n\t\t\t<p>Andr\u00e9 Nyembwe<\/p>\n\t\t<\/div>\n\t\t\n\t\t<a class=\"elementor-post__read-more\" href=\"https:\/\/makutano.cd\/fr\/evolution-des-echanges-des-services-financiers-et-dassurance-entre-la-rdc-et-la-belgique-implications-pour-les-secteurs-bancaire-et-des-assurances-congolais\/\" aria-label=\"En savoir plus sur Evolution des \u00e9changes des services financiers et d\u2019assurance entre la RDC et la Belgique : implications pour les secteurs bancaire et des assurances congolais\" tabindex=\"-1\" >\n\t\t\tLire la suite\t\t<\/a>\n\n\t\t\t\t<\/div>\n\t\t\t\t<\/article>\n\t\t\t\t<\/div>\n\t\t\n\t\t\t\t\t\t<\/div>\n\t\t\t\t<\/div>\n\t\t\t\t\t<\/div>\n\t\t<\/div>\n\t\t\t\t\t<\/div>\n\t\t<\/section>\n\t\t\t\t<\/div>\n\t\t","protected":false},"excerpt":{"rendered":"<p>Revue Africaine de la Banque et des AssurancesAfrican Review of Banking and Insurance<\/p>\n","protected":false},"author":3,"featured_media":0,"parent":2066,"menu_order":0,"comment_status":"closed","ping_status":"closed","template":"","meta":{"inline_featured_image":false,"footnotes":""},"class_list":["post-5971","page","type-page","status-publish","hentry"],"yoast_head":"<!-- This site is optimized with the Yoast SEO plugin v27.3 - https:\/\/yoast.com\/product\/yoast-seo-wordpress\/ -->\n<title>Revue Africaine de la Banque et des Assurances (African Review of Banking and Insurance) - Makutano<\/title>\n<meta name=\"robots\" content=\"index, follow, max-snippet:-1, max-image-preview:large, max-video-preview:-1\" \/>\n<link rel=\"canonical\" href=\"https:\/\/makutano.cd\/fr\/institut\/publications\/raba-arbi\/\" \/>\n<meta property=\"og:locale\" content=\"fr_FR\" \/>\n<meta property=\"og:type\" content=\"article\" \/>\n<meta property=\"og:title\" content=\"Revue Africaine de la Banque et des Assurances (African Review of Banking and Insurance) - Makutano\" \/>\n<meta property=\"og:description\" content=\"Revue Africaine de la Banque et des AssurancesAfrican Review of Banking and Insurance\" \/>\n<meta property=\"og:url\" content=\"https:\/\/makutano.cd\/fr\/institut\/publications\/raba-arbi\/\" \/>\n<meta property=\"og:site_name\" content=\"Makutano\" \/>\n<meta property=\"article:publisher\" content=\"https:\/\/facebook.com\/MakutanoNetwork\" \/>\n<meta property=\"article:modified_time\" content=\"2025-12-15T13:01:24+00:00\" \/>\n<meta name=\"twitter:card\" content=\"summary_large_image\" \/>\n<meta name=\"twitter:site\" content=\"@MakutanoForum\" \/>\n<script type=\"application\/ld+json\" class=\"yoast-schema-graph\">{\"@context\":\"https:\\\/\\\/schema.org\",\"@graph\":[{\"@type\":\"WebPage\",\"@id\":\"https:\\\/\\\/makutano.cd\\\/institut\\\/publications\\\/raba-arbi\\\/\",\"url\":\"https:\\\/\\\/makutano.cd\\\/institut\\\/publications\\\/raba-arbi\\\/\",\"name\":\"Revue Africaine de la Banque et des Assurances (African Review of Banking and Insurance) - Makutano\",\"isPartOf\":{\"@id\":\"https:\\\/\\\/makutano.cd\\\/fr\\\/#website\"},\"datePublished\":\"2023-01-30T06:53:24+00:00\",\"dateModified\":\"2025-12-15T13:01:24+00:00\",\"breadcrumb\":{\"@id\":\"https:\\\/\\\/makutano.cd\\\/institut\\\/publications\\\/raba-arbi\\\/#breadcrumb\"},\"inLanguage\":\"fr-FR\",\"potentialAction\":[{\"@type\":\"ReadAction\",\"target\":[\"https:\\\/\\\/makutano.cd\\\/institut\\\/publications\\\/raba-arbi\\\/\"]}]},{\"@type\":\"BreadcrumbList\",\"@id\":\"https:\\\/\\\/makutano.cd\\\/institut\\\/publications\\\/raba-arbi\\\/#breadcrumb\",\"itemListElement\":[{\"@type\":\"ListItem\",\"position\":1,\"name\":\"Accueil\",\"item\":\"https:\\\/\\\/makutano.cd\\\/\"},{\"@type\":\"ListItem\",\"position\":2,\"name\":\"Institut\",\"item\":\"https:\\\/\\\/makutano.cd\\\/institut\\\/\"},{\"@type\":\"ListItem\",\"position\":3,\"name\":\"Publications\",\"item\":\"https:\\\/\\\/makutano.cd\\\/institut\\\/publications\\\/\"},{\"@type\":\"ListItem\",\"position\":4,\"name\":\"Revue Africaine de la Banque et des Assurances (African Review of Banking and Insurance)\"}]},{\"@type\":\"WebSite\",\"@id\":\"https:\\\/\\\/makutano.cd\\\/fr\\\/#website\",\"url\":\"https:\\\/\\\/makutano.cd\\\/fr\\\/\",\"name\":\"Makutano\",\"description\":\"If we don&#039;t, who will ?\",\"publisher\":{\"@id\":\"https:\\\/\\\/makutano.cd\\\/fr\\\/#organization\"},\"potentialAction\":[{\"@type\":\"SearchAction\",\"target\":{\"@type\":\"EntryPoint\",\"urlTemplate\":\"https:\\\/\\\/makutano.cd\\\/fr\\\/?s={search_term_string}\"},\"query-input\":{\"@type\":\"PropertyValueSpecification\",\"valueRequired\":true,\"valueName\":\"search_term_string\"}}],\"inLanguage\":\"fr-FR\"},{\"@type\":\"Organization\",\"@id\":\"https:\\\/\\\/makutano.cd\\\/fr\\\/#organization\",\"name\":\"Makutano\",\"url\":\"https:\\\/\\\/makutano.cd\\\/fr\\\/\",\"logo\":{\"@type\":\"ImageObject\",\"inLanguage\":\"fr-FR\",\"@id\":\"https:\\\/\\\/makutano.cd\\\/fr\\\/#\\\/schema\\\/logo\\\/image\\\/\",\"url\":\"https:\\\/\\\/makutano.cd\\\/wp-content\\\/uploads\\\/2020\\\/06\\\/Logo-Makutano-inblock.svg\",\"contentUrl\":\"https:\\\/\\\/makutano.cd\\\/wp-content\\\/uploads\\\/2020\\\/06\\\/Logo-Makutano-inblock.svg\",\"width\":293,\"height\":80,\"caption\":\"Makutano\"},\"image\":{\"@id\":\"https:\\\/\\\/makutano.cd\\\/fr\\\/#\\\/schema\\\/logo\\\/image\\\/\"},\"sameAs\":[\"https:\\\/\\\/facebook.com\\\/MakutanoNetwork\",\"https:\\\/\\\/x.com\\\/MakutanoForum\",\"https:\\\/\\\/www.linkedin.com\\\/in\\\/sultanimakutano\\\/\",\"https:\\\/\\\/www.instagram.com\\\/p\\\/B192OJ8nkVx\\\/\",\"https:\\\/\\\/www.youtube.com\\\/channel\\\/UCb_Won5SE0j8B2yMo0zigoQ\"]}]}<\/script>\n<!-- \/ Yoast SEO plugin. -->","yoast_head_json":{"title":"Revue Africaine de la Banque et des Assurances (African Review of Banking and Insurance) - Makutano","robots":{"index":"index","follow":"follow","max-snippet":"max-snippet:-1","max-image-preview":"max-image-preview:large","max-video-preview":"max-video-preview:-1"},"canonical":"https:\/\/makutano.cd\/fr\/institut\/publications\/raba-arbi\/","og_locale":"fr_FR","og_type":"article","og_title":"Revue Africaine de la Banque et des Assurances (African Review of Banking and Insurance) - Makutano","og_description":"Revue Africaine de la Banque et des AssurancesAfrican Review of Banking and Insurance","og_url":"https:\/\/makutano.cd\/fr\/institut\/publications\/raba-arbi\/","og_site_name":"Makutano","article_publisher":"https:\/\/facebook.com\/MakutanoNetwork","article_modified_time":"2025-12-15T13:01:24+00:00","twitter_card":"summary_large_image","twitter_site":"@MakutanoForum","schema":{"@context":"https:\/\/schema.org","@graph":[{"@type":"WebPage","@id":"https:\/\/makutano.cd\/institut\/publications\/raba-arbi\/","url":"https:\/\/makutano.cd\/institut\/publications\/raba-arbi\/","name":"Revue Africaine de la Banque et des Assurances (African Review of Banking and Insurance) - Makutano","isPartOf":{"@id":"https:\/\/makutano.cd\/fr\/#website"},"datePublished":"2023-01-30T06:53:24+00:00","dateModified":"2025-12-15T13:01:24+00:00","breadcrumb":{"@id":"https:\/\/makutano.cd\/institut\/publications\/raba-arbi\/#breadcrumb"},"inLanguage":"fr-FR","potentialAction":[{"@type":"ReadAction","target":["https:\/\/makutano.cd\/institut\/publications\/raba-arbi\/"]}]},{"@type":"BreadcrumbList","@id":"https:\/\/makutano.cd\/institut\/publications\/raba-arbi\/#breadcrumb","itemListElement":[{"@type":"ListItem","position":1,"name":"Accueil","item":"https:\/\/makutano.cd\/"},{"@type":"ListItem","position":2,"name":"Institut","item":"https:\/\/makutano.cd\/institut\/"},{"@type":"ListItem","position":3,"name":"Publications","item":"https:\/\/makutano.cd\/institut\/publications\/"},{"@type":"ListItem","position":4,"name":"Revue Africaine de la Banque et des Assurances (African Review of Banking and Insurance)"}]},{"@type":"WebSite","@id":"https:\/\/makutano.cd\/fr\/#website","url":"https:\/\/makutano.cd\/fr\/","name":"Makutano","description":"If we don&#039;t, who will ?","publisher":{"@id":"https:\/\/makutano.cd\/fr\/#organization"},"potentialAction":[{"@type":"SearchAction","target":{"@type":"EntryPoint","urlTemplate":"https:\/\/makutano.cd\/fr\/?s={search_term_string}"},"query-input":{"@type":"PropertyValueSpecification","valueRequired":true,"valueName":"search_term_string"}}],"inLanguage":"fr-FR"},{"@type":"Organization","@id":"https:\/\/makutano.cd\/fr\/#organization","name":"Makutano","url":"https:\/\/makutano.cd\/fr\/","logo":{"@type":"ImageObject","inLanguage":"fr-FR","@id":"https:\/\/makutano.cd\/fr\/#\/schema\/logo\/image\/","url":"https:\/\/makutano.cd\/wp-content\/uploads\/2020\/06\/Logo-Makutano-inblock.svg","contentUrl":"https:\/\/makutano.cd\/wp-content\/uploads\/2020\/06\/Logo-Makutano-inblock.svg","width":293,"height":80,"caption":"Makutano"},"image":{"@id":"https:\/\/makutano.cd\/fr\/#\/schema\/logo\/image\/"},"sameAs":["https:\/\/facebook.com\/MakutanoNetwork","https:\/\/x.com\/MakutanoForum","https:\/\/www.linkedin.com\/in\/sultanimakutano\/","https:\/\/www.instagram.com\/p\/B192OJ8nkVx\/","https:\/\/www.youtube.com\/channel\/UCb_Won5SE0j8B2yMo0zigoQ"]}]}},"_links":{"self":[{"href":"https:\/\/makutano.cd\/fr\/wp-json\/wp\/v2\/pages\/5971","targetHints":{"allow":["GET"]}}],"collection":[{"href":"https:\/\/makutano.cd\/fr\/wp-json\/wp\/v2\/pages"}],"about":[{"href":"https:\/\/makutano.cd\/fr\/wp-json\/wp\/v2\/types\/page"}],"author":[{"embeddable":true,"href":"https:\/\/makutano.cd\/fr\/wp-json\/wp\/v2\/users\/3"}],"replies":[{"embeddable":true,"href":"https:\/\/makutano.cd\/fr\/wp-json\/wp\/v2\/comments?post=5971"}],"version-history":[{"count":9,"href":"https:\/\/makutano.cd\/fr\/wp-json\/wp\/v2\/pages\/5971\/revisions"}],"predecessor-version":[{"id":7521,"href":"https:\/\/makutano.cd\/fr\/wp-json\/wp\/v2\/pages\/5971\/revisions\/7521"}],"up":[{"embeddable":true,"href":"https:\/\/makutano.cd\/fr\/wp-json\/wp\/v2\/pages\/2066"}],"wp:attachment":[{"href":"https:\/\/makutano.cd\/fr\/wp-json\/wp\/v2\/media?parent=5971"}],"curies":[{"name":"wp","href":"https:\/\/api.w.org\/{rel}","templated":true}]}}