{"id":4191,"date":"2022-01-29T12:37:19","date_gmt":"2022-01-29T11:37:19","guid":{"rendered":"https:\/\/makutano.cd\/?page_id=4191"},"modified":"2022-01-29T13:12:44","modified_gmt":"2022-01-29T12:12:44","slug":"livre-blanc","status":"publish","type":"page","link":"https:\/\/makutano.cd\/fr\/livre-blanc\/","title":{"rendered":"Livre blanc #Makutano7"},"content":{"rendered":"\t\t<div data-elementor-type=\"wp-page\" data-elementor-id=\"4191\" class=\"elementor elementor-4191\" data-elementor-post-type=\"page\">\n\t\t\t\t\t\t<section data-dce-background-color=\"#052093\" data-dce-background-overlay-color=\"#05209363\" data-dce-background-image-url=\"https:\/\/makutano.cd\/wp-content\/uploads\/2021\/12\/318A4964-scaled.jpg\" class=\"elementor-section elementor-top-section elementor-element elementor-element-707bc03 elementor-section-boxed elementor-section-height-default elementor-section-height-default elementor-invisible\" data-id=\"707bc03\" data-element_type=\"section\" data-e-type=\"section\" data-settings=\"{&quot;background_background&quot;:&quot;classic&quot;,&quot;animation&quot;:&quot;fadeIn&quot;,&quot;background_motion_fx_motion_fx_scrolling&quot;:&quot;yes&quot;,&quot;background_motion_fx_translateX_effect&quot;:&quot;yes&quot;,&quot;background_motion_fx_translateX_speed&quot;:{&quot;unit&quot;:&quot;px&quot;,&quot;size&quot;:7,&quot;sizes&quot;:[]},&quot;background_motion_fx_translateX_affectedRange&quot;:{&quot;unit&quot;:&quot;%&quot;,&quot;size&quot;:&quot;&quot;,&quot;sizes&quot;:{&quot;start&quot;:0,&quot;end&quot;:100}},&quot;background_motion_fx_devices&quot;:[&quot;desktop&quot;,&quot;tablet&quot;,&quot;mobile&quot;]}\">\n\t\t\t\t\t\t\t<div class=\"elementor-background-overlay\"><\/div>\n\t\t\t\t\t\t\t<div class=\"elementor-container elementor-column-gap-default\">\n\t\t\t\t\t<div data-dce-background-color=\"#052093C7\" class=\"elementor-column elementor-col-100 elementor-top-column elementor-element elementor-element-34fec58\" data-id=\"34fec58\" data-element_type=\"column\" data-e-type=\"column\" data-settings=\"{&quot;background_background&quot;:&quot;classic&quot;}\">\n\t\t\t<div class=\"elementor-widget-wrap elementor-element-populated\">\n\t\t\t\t\t\t<div data-dce-title-color=\"#FFFFFF\" class=\"elementor-element elementor-element-416a380 titre-2-puce-haut elementor-invisible elementor-widget elementor-widget-heading\" data-id=\"416a380\" data-element_type=\"widget\" data-e-type=\"widget\" data-settings=\"{&quot;_animation&quot;:&quot;fadeInRight&quot;}\" data-widget_type=\"heading.default\">\n\t\t\t\t<div class=\"elementor-widget-container\">\n\t\t\t\t\t<h2 class=\"elementor-heading-title elementor-size-default\">LIVRE BLANC MAKUTANO 7<\/h2>\t\t\t\t<\/div>\n\t\t\t\t<\/div>\n\t\t\t\t<div data-dce-title-color=\"#FFFFFF\" class=\"elementor-element elementor-element-26cd66a elementor-invisible elementor-widget elementor-widget-heading\" data-id=\"26cd66a\" data-element_type=\"widget\" data-e-type=\"widget\" data-settings=\"{&quot;_animation&quot;:&quot;fadeInRight&quot;}\" data-widget_type=\"heading.default\">\n\t\t\t\t<div class=\"elementor-widget-container\">\n\t\t\t\t\t<h4 class=\"elementor-heading-title elementor-size-default\">International Business Forum<br>\u00ab Out of the box ! \u00bb<\/h4>\t\t\t\t<\/div>\n\t\t\t\t<\/div>\n\t\t\t\t\t<\/div>\n\t\t<\/div>\n\t\t\t\t\t<\/div>\n\t\t<\/section>\n\t\t\t\t<section class=\"elementor-section elementor-top-section elementor-element elementor-element-c755979 elementor-section-boxed elementor-section-height-default elementor-section-height-default\" data-id=\"c755979\" data-element_type=\"section\" data-e-type=\"section\">\n\t\t\t\t\t\t<div class=\"elementor-container elementor-column-gap-default\">\n\t\t\t\t\t<div class=\"elementor-column elementor-col-100 elementor-top-column elementor-element elementor-element-0f87ac9\" data-id=\"0f87ac9\" data-element_type=\"column\" data-e-type=\"column\">\n\t\t\t<div class=\"elementor-widget-wrap elementor-element-populated\">\n\t\t\t\t\t\t<div data-dce-title-color=\"#052093\" class=\"elementor-element elementor-element-7ff521b titre-2-puce-haut elementor-invisible elementor-widget elementor-widget-heading\" data-id=\"7ff521b\" data-element_type=\"widget\" data-e-type=\"widget\" data-settings=\"{&quot;_animation&quot;:&quot;fadeInRight&quot;}\" data-widget_type=\"heading.default\">\n\t\t\t\t<div class=\"elementor-widget-container\">\n\t\t\t\t\t<h2 class=\"elementor-heading-title elementor-size-default\">PR\u00c9FACE<\/h2>\t\t\t\t<\/div>\n\t\t\t\t<\/div>\n\t\t\t\t<div class=\"elementor-element elementor-element-9de4fca elementor-invisible elementor-widget elementor-widget-text-editor\" data-id=\"9de4fca\" data-element_type=\"widget\" data-e-type=\"widget\" data-settings=\"{&quot;_animation&quot;:&quot;fadeInLeft&quot;,&quot;_animation_tablet&quot;:&quot;fadeIn&quot;,&quot;_animation_mobile&quot;:&quot;fadeIn&quot;}\" data-widget_type=\"text-editor.default\">\n\t\t\t\t<div class=\"elementor-widget-container\">\n\t\t\t\t\t\t\t\t\t<p>\u00c9ve\u0300nement signature de la plateforme d\u2019affaires Makutano, le forum Makutano attire chaque ann\u00e9e a\u0300 Kinshasa plusieurs centaines de participants autour d\u2019un th\u00e8me strat\u00e9gique.<\/p><p>Moment tr\u00e8s attendu par l\u2019ensemble des acteurs \u00e9conomiques de premier plan au Congo comme dans les pays de la r\u00e9gion, le forum Makutano est un espace d\u2019engagement collaboratif ou\u0300 les tables rondes, panels, ateliers, alternent avec les sessions de networking, les Master Class et les \u00ab <strong>deal rooms<\/strong> \u00bb. La force du forum Makutano repose sur le brassage d\u2019expertises multisectorielles de haut niveau contribuant a\u0300 faire de ce rassemblement annuel un r\u00e9el vecteur d\u2019innovation et de d\u00e9veloppement pour le Congo, mais aussi pour la r\u00e9gion.<\/p><p>Makutano croit fermement \u00e0 l\u2019imp\u00e9ratif de distiller un nouvel \u00e9tat d\u2019esprit dans le chef des parties prenantes pour une RDC et une Afrique d\u00e9termin\u00e9es \u00e0 affronter de multiples d\u00e9fis et tirer parti des opportunit\u00e9s de d\u00e9veloppement. S\u2019il on vient au Makutano, d\u2019abord et avant pour discuter affaire avec diff\u00e9rents partenaires africains et d\u2019outre-mer, il faudra noter qu\u2019en parall\u00e8le, des \u00e9changes avec les d\u00e9cideurs politiques, les hommes et femmes d\u2019affaires, et les experts lors des tables rondes et des pl\u00e9ni\u00e8res th\u00e9matiques, sont aussi au menu. Par ailleurs, ces moments de r\u00e9flexion et d\u2019\u00e9change sont ponctu\u00e9s de s\u00e9quences festives refl\u00e9tant la richesse culturelle du continent.<\/p><p>Rendez-vous business incontournable depuis 7 ans, l\u2019\u00e9dition 2021 du Forum Makutano n\u2019a pas d\u00e9rog\u00e9 \u00e0 la r\u00e8gle, le 7 d\u00e9cembre dernier, malgr\u00e9 une jauge et un format r\u00e9duits. Dans le strict respect des r\u00e8gles sanitaires, il a r\u00e9uni <strong>300 d\u00e9cideurs des secteurs public et priv\u00e9<\/strong> ainsi que plusieurs personnalit\u00e9s congolaises et internationales : <strong>Jean-Michel Sama Lukonde<\/strong>, Premier ministre de RDC, <strong>Nicolas Kazadi<\/strong>, Ministre des Finances de RDC, <strong>Romuald Wadagni<\/strong>, son homologue du Benin, <strong>l\u2019Ivoirien Lacina Kon\u00e9<\/strong>, Directeur g\u00e9n\u00e9ral de Smart Africa, <strong>R\u00e9my Rioux<\/strong>, Directeur G\u00e9n\u00e9ral de l\u2019Agence Fran\u00e7aise de D\u00e9veloppement (AFD), le Kenyan <strong>Kaddu Sebunya<\/strong>, CEO du l\u2019African Wildlife Foundation, le \u00ab serial \u00bb entrepreneur \u00e9gyptien <strong>Naguib Sawiris<\/strong> ou encore par vid\u00e9o interpos\u00e9e le Ballon d\u2019Or <strong>Lionel Messi<\/strong> auquel le chiffre 7 a \u00e9galement r\u00e9ussi !<\/p><p>Ce brainstorming g\u00e9ant d\u2019une douzaine d\u2019heures invitait, en cette p\u00e9riode de multiples bouleversements, \u00e0 r\u00e9fl\u00e9chir et \u00e0 agir \u00ab <strong>Out of the Box<\/strong> \u00bb, c\u2019est-\u00e0-dire en essayant de se d\u00e9faire de toutes ces certitudes dans lesquelles l\u2019on est install\u00e9 depuis toujours et que l\u2019on n\u2019a jamais remises en cause. Parmi les sujets abord\u00e9s, l\u2019indispensable construction de champions nationaux, la transition \u00e9nerg\u00e9tique vers les \u00e9nergies renouvelables, le financement de l\u2019entrepreneuriat culturel ou encore le num\u00e9rique, levier de d\u00e9veloppement \u00e0 saisir. Tous les participants ont r\u00e9pondu sans langue de bois aux questions du public et des membres du Makutano qui se sont succ\u00e9d\u00e9 pour interviewer sans concession les pan\u00e9listes ou pour mod\u00e9rer les d\u00e9bats de fa\u00e7on experte, au c\u00f4t\u00e9 de <strong>Christian Lusakueno<\/strong>, Pr\u00e9sident de Top Congo, partenaire radio du Forum 2021.<\/p><p>Parmi les temps forts de la journ\u00e9e, il y a lieu de saluer aussi la signature, sous l\u2019\u00e9gide du Makutano, de trois accords visant \u00e0 renforcer le soutien de l\u2019AFD au secteur priv\u00e9 congolais, confortant ainsi le r\u00f4le strat\u00e9gique du Forum en tant que moment de networking privil\u00e9gi\u00e9. Cette 7\u00e8me \u00e9dition aura mis en exergue l\u2019urgence d\u2019un indispensable dialogue d\u00e9complex\u00e9 entre les acteurs du secteur priv\u00e9 et ceux du secteur public congolais. Il est opportun de continuer \u00e0 d\u00e9velopper la confiance qui sous-tend ce dialogue, y compris peut-\u00eatre sous un format diff\u00e9rent et avec d\u2019autres protagonistes, l\u2019ann\u00e9e prochaine.<\/p><p>Le Mak7 aura enfin capt\u00e9 l\u2019int\u00e9r\u00eat d\u2019une soixantaine de journalistes repr\u00e9sentant autant de m\u00e9dias nationaux et internationaux et aura \u00e9t\u00e9 suivi sur Facebook par pr\u00e8s de <strong>32 000 personnes<\/strong>. Le pr\u00e9sent livre blanc reprend l\u2019essentiel du contenu du <strong>MAK7<\/strong> et d\u00e9bouche sur les principales recommandations, qui pourraient servir de starting-block \u00e0 l\u2019action ainsi qu\u2019\u00e0 d\u2019autres r\u00e9flexions.<br \/><br \/><strong>Nicole Sulu<\/strong><br \/>CEO Makutano<\/p>\t\t\t\t\t\t\t\t<\/div>\n\t\t\t\t<\/div>\n\t\t\t\t\t<\/div>\n\t\t<\/div>\n\t\t\t\t\t<\/div>\n\t\t<\/section>\n\t\t\t\t<section data-dce-background-color=\"#FFFFFF\" class=\"elementor-section elementor-top-section elementor-element elementor-element-799a19d0 elementor-section-boxed elementor-section-height-default elementor-section-height-default elementor-invisible\" data-id=\"799a19d0\" data-element_type=\"section\" data-e-type=\"section\" id=\"bilan\" data-settings=\"{&quot;background_background&quot;:&quot;classic&quot;,&quot;animation&quot;:&quot;fadeIn&quot;}\">\n\t\t\t\t\t\t<div class=\"elementor-container elementor-column-gap-default\">\n\t\t\t\t\t<div class=\"elementor-column elementor-col-100 elementor-top-column elementor-element elementor-element-792f494b\" data-id=\"792f494b\" data-element_type=\"column\" data-e-type=\"column\" data-settings=\"{&quot;animation_tablet&quot;:&quot;fadeIn&quot;}\">\n\t\t\t<div class=\"elementor-widget-wrap elementor-element-populated\">\n\t\t\t\t\t\t<div class=\"elementor-element elementor-element-90da51a elementor-align-center elementor-tablet-align-left cta-big elementor-mobile-align-center elementor-invisible elementor-widget elementor-widget-button\" data-id=\"90da51a\" data-element_type=\"widget\" data-e-type=\"widget\" data-settings=\"{&quot;_animation&quot;:&quot;fadeInRight&quot;,&quot;_animation_tablet&quot;:&quot;fadeIn&quot;,&quot;_animation_delay&quot;:400}\" data-widget_type=\"button.default\">\n\t\t\t\t<div class=\"elementor-widget-container\">\n\t\t\t\t\t\t\t\t\t<div class=\"elementor-button-wrapper\">\n\t\t\t\t\t<a class=\"elementor-button elementor-button-link elementor-size-sm elementor-animation-float\" href=\"https:\/\/makutano.cd\/wp-content\/uploads\/2022\/01\/Livre-blanc-Makutano-7.pdf\" target=\"_blank\">\n\t\t\t\t\t\t<span class=\"elementor-button-content-wrapper\">\n\t\t\t\t\t\t<span class=\"elementor-button-icon\">\n\t\t\t\t<svg xmlns=\"http:\/\/www.w3.org\/2000\/svg\" width=\"34\" height=\"18\" viewBox=\"0 0 34 18\" fill=\"none\"><path d=\"M1 8.25962H0.875V8.38462V9.61539V9.74039H1H30.7751L24.527 15.9885L24.4438 16.0717L24.5218 16.1598L25.339 17.0829L25.4271 17.1823L25.521 17.0884L33.521 9.08839L33.6094 9L33.521 8.91161L25.521 0.911612L25.4271 0.817684L25.339 0.917141L24.5218 1.84022L24.4438 1.92829L24.527 2.01147L30.7751 8.25962H1Z\" fill=\"white\" stroke=\"white\" stroke-width=\"0.25\"><\/path><\/svg>\t\t\t<\/span>\n\t\t\t\t\t\t\t\t\t<span class=\"elementor-button-text\">LIRE &amp; T\u00c9L\u00c9CHARGER LE LIVRE BLANC #MAK7<\/span>\n\t\t\t\t\t<\/span>\n\t\t\t\t\t<\/a>\n\t\t\t\t<\/div>\n\t\t\t\t\t\t\t\t<\/div>\n\t\t\t\t<\/div>\n\t\t\t\t\t<\/div>\n\t\t<\/div>\n\t\t\t\t\t<\/div>\n\t\t<\/section>\n\t\t\t\t<\/div>\n\t\t","protected":false},"excerpt":{"rendered":"<p>LIVRE BLANC MAKUTANO 7 International Business Forum\u00ab Out of the box ! \u00bb PR\u00c9FACE \u00c9ve\u0300nement signature de la plateforme d\u2019affaires Makutano, le forum Makutano attire chaque ann\u00e9e a\u0300 Kinshasa plusieurs centaines de participants autour d\u2019un th\u00e8me strat\u00e9gique. Moment tr\u00e8s attendu par l\u2019ensemble des acteurs \u00e9conomiques de premier plan au Congo comme dans les pays de [&hellip;]<\/p>\n","protected":false},"author":3,"featured_media":0,"parent":0,"menu_order":0,"comment_status":"closed","ping_status":"closed","template":"elementor_header_footer","meta":{"inline_featured_image":false,"footnotes":""},"class_list":["post-4191","page","type-page","status-publish","hentry"],"yoast_head":"<!-- This site is optimized with the Yoast SEO plugin v27.3 - https:\/\/yoast.com\/product\/yoast-seo-wordpress\/ -->\n<title>Livre blanc #Makutano7 - Makutano<\/title>\n<meta name=\"robots\" content=\"index, follow, max-snippet:-1, max-image-preview:large, max-video-preview:-1\" \/>\n<link rel=\"canonical\" href=\"https:\/\/makutano.cd\/fr\/livre-blanc\/\" \/>\n<meta property=\"og:locale\" content=\"fr_FR\" \/>\n<meta property=\"og:type\" content=\"article\" \/>\n<meta property=\"og:title\" content=\"Livre blanc #Makutano7 - Makutano\" \/>\n<meta property=\"og:description\" content=\"LIVRE BLANC MAKUTANO 7 International Business Forum\u00ab Out of the box ! \u00bb PR\u00c9FACE \u00c9ve\u0300nement signature de la plateforme d\u2019affaires Makutano, le forum Makutano attire chaque ann\u00e9e a\u0300 Kinshasa plusieurs centaines de participants autour d\u2019un th\u00e8me strat\u00e9gique. Moment tr\u00e8s attendu par l\u2019ensemble des acteurs \u00e9conomiques de premier plan au Congo comme dans les pays de [&hellip;]\" \/>\n<meta property=\"og:url\" content=\"https:\/\/makutano.cd\/fr\/livre-blanc\/\" \/>\n<meta property=\"og:site_name\" content=\"Makutano\" \/>\n<meta property=\"article:publisher\" content=\"https:\/\/facebook.com\/MakutanoNetwork\" \/>\n<meta property=\"article:modified_time\" content=\"2022-01-29T12:12:44+00:00\" \/>\n<meta name=\"twitter:card\" content=\"summary_large_image\" \/>\n<meta name=\"twitter:site\" content=\"@MakutanoForum\" \/>\n<meta name=\"twitter:label1\" content=\"Dur\u00e9e de lecture estim\u00e9e\" \/>\n\t<meta name=\"twitter:data1\" content=\"4 minutes\" \/>\n<script type=\"application\/ld+json\" class=\"yoast-schema-graph\">{\"@context\":\"https:\\\/\\\/schema.org\",\"@graph\":[{\"@type\":\"WebPage\",\"@id\":\"https:\\\/\\\/makutano.cd\\\/livre-blanc\\\/\",\"url\":\"https:\\\/\\\/makutano.cd\\\/livre-blanc\\\/\",\"name\":\"Livre blanc #Makutano7 - Makutano\",\"isPartOf\":{\"@id\":\"https:\\\/\\\/makutano.cd\\\/fr\\\/#website\"},\"datePublished\":\"2022-01-29T11:37:19+00:00\",\"dateModified\":\"2022-01-29T12:12:44+00:00\",\"breadcrumb\":{\"@id\":\"https:\\\/\\\/makutano.cd\\\/livre-blanc\\\/#breadcrumb\"},\"inLanguage\":\"fr-FR\",\"potentialAction\":[{\"@type\":\"ReadAction\",\"target\":[\"https:\\\/\\\/makutano.cd\\\/livre-blanc\\\/\"]}]},{\"@type\":\"BreadcrumbList\",\"@id\":\"https:\\\/\\\/makutano.cd\\\/livre-blanc\\\/#breadcrumb\",\"itemListElement\":[{\"@type\":\"ListItem\",\"position\":1,\"name\":\"Accueil\",\"item\":\"https:\\\/\\\/makutano.cd\\\/\"},{\"@type\":\"ListItem\",\"position\":2,\"name\":\"Livre blanc #Makutano7\"}]},{\"@type\":\"WebSite\",\"@id\":\"https:\\\/\\\/makutano.cd\\\/fr\\\/#website\",\"url\":\"https:\\\/\\\/makutano.cd\\\/fr\\\/\",\"name\":\"Makutano\",\"description\":\"If we don&#039;t, who will ?\",\"publisher\":{\"@id\":\"https:\\\/\\\/makutano.cd\\\/fr\\\/#organization\"},\"potentialAction\":[{\"@type\":\"SearchAction\",\"target\":{\"@type\":\"EntryPoint\",\"urlTemplate\":\"https:\\\/\\\/makutano.cd\\\/fr\\\/?s={search_term_string}\"},\"query-input\":{\"@type\":\"PropertyValueSpecification\",\"valueRequired\":true,\"valueName\":\"search_term_string\"}}],\"inLanguage\":\"fr-FR\"},{\"@type\":\"Organization\",\"@id\":\"https:\\\/\\\/makutano.cd\\\/fr\\\/#organization\",\"name\":\"Makutano\",\"url\":\"https:\\\/\\\/makutano.cd\\\/fr\\\/\",\"logo\":{\"@type\":\"ImageObject\",\"inLanguage\":\"fr-FR\",\"@id\":\"https:\\\/\\\/makutano.cd\\\/fr\\\/#\\\/schema\\\/logo\\\/image\\\/\",\"url\":\"https:\\\/\\\/makutano.cd\\\/wp-content\\\/uploads\\\/2020\\\/06\\\/Logo-Makutano-inblock.svg\",\"contentUrl\":\"https:\\\/\\\/makutano.cd\\\/wp-content\\\/uploads\\\/2020\\\/06\\\/Logo-Makutano-inblock.svg\",\"width\":293,\"height\":80,\"caption\":\"Makutano\"},\"image\":{\"@id\":\"https:\\\/\\\/makutano.cd\\\/fr\\\/#\\\/schema\\\/logo\\\/image\\\/\"},\"sameAs\":[\"https:\\\/\\\/facebook.com\\\/MakutanoNetwork\",\"https:\\\/\\\/x.com\\\/MakutanoForum\",\"https:\\\/\\\/www.linkedin.com\\\/in\\\/sultanimakutano\\\/\",\"https:\\\/\\\/www.instagram.com\\\/p\\\/B192OJ8nkVx\\\/\",\"https:\\\/\\\/www.youtube.com\\\/channel\\\/UCb_Won5SE0j8B2yMo0zigoQ\"]}]}<\/script>\n<!-- \/ Yoast SEO plugin. -->","yoast_head_json":{"title":"Livre blanc #Makutano7 - Makutano","robots":{"index":"index","follow":"follow","max-snippet":"max-snippet:-1","max-image-preview":"max-image-preview:large","max-video-preview":"max-video-preview:-1"},"canonical":"https:\/\/makutano.cd\/fr\/livre-blanc\/","og_locale":"fr_FR","og_type":"article","og_title":"Livre blanc #Makutano7 - Makutano","og_description":"LIVRE BLANC MAKUTANO 7 International Business Forum\u00ab Out of the box ! \u00bb PR\u00c9FACE \u00c9ve\u0300nement signature de la plateforme d\u2019affaires Makutano, le forum Makutano attire chaque ann\u00e9e a\u0300 Kinshasa plusieurs centaines de participants autour d\u2019un th\u00e8me strat\u00e9gique. Moment tr\u00e8s attendu par l\u2019ensemble des acteurs \u00e9conomiques de premier plan au Congo comme dans les pays de [&hellip;]","og_url":"https:\/\/makutano.cd\/fr\/livre-blanc\/","og_site_name":"Makutano","article_publisher":"https:\/\/facebook.com\/MakutanoNetwork","article_modified_time":"2022-01-29T12:12:44+00:00","twitter_card":"summary_large_image","twitter_site":"@MakutanoForum","twitter_misc":{"Dur\u00e9e de lecture estim\u00e9e":"4 minutes"},"schema":{"@context":"https:\/\/schema.org","@graph":[{"@type":"WebPage","@id":"https:\/\/makutano.cd\/livre-blanc\/","url":"https:\/\/makutano.cd\/livre-blanc\/","name":"Livre blanc #Makutano7 - Makutano","isPartOf":{"@id":"https:\/\/makutano.cd\/fr\/#website"},"datePublished":"2022-01-29T11:37:19+00:00","dateModified":"2022-01-29T12:12:44+00:00","breadcrumb":{"@id":"https:\/\/makutano.cd\/livre-blanc\/#breadcrumb"},"inLanguage":"fr-FR","potentialAction":[{"@type":"ReadAction","target":["https:\/\/makutano.cd\/livre-blanc\/"]}]},{"@type":"BreadcrumbList","@id":"https:\/\/makutano.cd\/livre-blanc\/#breadcrumb","itemListElement":[{"@type":"ListItem","position":1,"name":"Accueil","item":"https:\/\/makutano.cd\/"},{"@type":"ListItem","position":2,"name":"Livre blanc #Makutano7"}]},{"@type":"WebSite","@id":"https:\/\/makutano.cd\/fr\/#website","url":"https:\/\/makutano.cd\/fr\/","name":"Makutano","description":"If we don&#039;t, who will ?","publisher":{"@id":"https:\/\/makutano.cd\/fr\/#organization"},"potentialAction":[{"@type":"SearchAction","target":{"@type":"EntryPoint","urlTemplate":"https:\/\/makutano.cd\/fr\/?s={search_term_string}"},"query-input":{"@type":"PropertyValueSpecification","valueRequired":true,"valueName":"search_term_string"}}],"inLanguage":"fr-FR"},{"@type":"Organization","@id":"https:\/\/makutano.cd\/fr\/#organization","name":"Makutano","url":"https:\/\/makutano.cd\/fr\/","logo":{"@type":"ImageObject","inLanguage":"fr-FR","@id":"https:\/\/makutano.cd\/fr\/#\/schema\/logo\/image\/","url":"https:\/\/makutano.cd\/wp-content\/uploads\/2020\/06\/Logo-Makutano-inblock.svg","contentUrl":"https:\/\/makutano.cd\/wp-content\/uploads\/2020\/06\/Logo-Makutano-inblock.svg","width":293,"height":80,"caption":"Makutano"},"image":{"@id":"https:\/\/makutano.cd\/fr\/#\/schema\/logo\/image\/"},"sameAs":["https:\/\/facebook.com\/MakutanoNetwork","https:\/\/x.com\/MakutanoForum","https:\/\/www.linkedin.com\/in\/sultanimakutano\/","https:\/\/www.instagram.com\/p\/B192OJ8nkVx\/","https:\/\/www.youtube.com\/channel\/UCb_Won5SE0j8B2yMo0zigoQ"]}]}},"_links":{"self":[{"href":"https:\/\/makutano.cd\/fr\/wp-json\/wp\/v2\/pages\/4191","targetHints":{"allow":["GET"]}}],"collection":[{"href":"https:\/\/makutano.cd\/fr\/wp-json\/wp\/v2\/pages"}],"about":[{"href":"https:\/\/makutano.cd\/fr\/wp-json\/wp\/v2\/types\/page"}],"author":[{"embeddable":true,"href":"https:\/\/makutano.cd\/fr\/wp-json\/wp\/v2\/users\/3"}],"replies":[{"embeddable":true,"href":"https:\/\/makutano.cd\/fr\/wp-json\/wp\/v2\/comments?post=4191"}],"version-history":[{"count":0,"href":"https:\/\/makutano.cd\/fr\/wp-json\/wp\/v2\/pages\/4191\/revisions"}],"wp:attachment":[{"href":"https:\/\/makutano.cd\/fr\/wp-json\/wp\/v2\/media?parent=4191"}],"curies":[{"name":"wp","href":"https:\/\/api.w.org\/{rel}","templated":true}]}}