{"id":3759,"date":"2021-12-22T20:07:00","date_gmt":"2021-12-22T19:07:00","guid":{"rendered":"https:\/\/makutano.cd\/?page_id=3759"},"modified":"2021-12-28T14:40:53","modified_gmt":"2021-12-28T13:40:53","slug":"communique-de-presse-bilan","status":"publish","type":"page","link":"https:\/\/makutano.cd\/fr\/communique-de-presse-bilan\/","title":{"rendered":"Communiqu\u00e9 de presse bilan"},"content":{"rendered":"\t\t<div data-elementor-type=\"wp-page\" data-elementor-id=\"3759\" class=\"elementor elementor-3759\" data-elementor-post-type=\"page\">\n\t\t\t\t\t\t<section data-dce-background-color=\"#052093\" data-dce-background-image-url=\"https:\/\/makutano.cd\/wp-content\/uploads\/2020\/07\/pattern-roue-deux-orange-2.png\" class=\"elementor-section elementor-top-section elementor-element elementor-element-f37938c elementor-section-boxed elementor-section-height-default elementor-section-height-default elementor-invisible\" data-id=\"f37938c\" data-element_type=\"section\" data-e-type=\"section\" data-settings=\"{&quot;background_background&quot;:&quot;classic&quot;,&quot;animation&quot;:&quot;fadeIn&quot;,&quot;background_motion_fx_motion_fx_scrolling&quot;:&quot;yes&quot;,&quot;background_motion_fx_translateX_effect&quot;:&quot;yes&quot;,&quot;background_motion_fx_translateX_speed&quot;:{&quot;unit&quot;:&quot;px&quot;,&quot;size&quot;:7,&quot;sizes&quot;:[]},&quot;background_motion_fx_translateX_affectedRange&quot;:{&quot;unit&quot;:&quot;%&quot;,&quot;size&quot;:&quot;&quot;,&quot;sizes&quot;:{&quot;start&quot;:0,&quot;end&quot;:100}},&quot;background_motion_fx_devices&quot;:[&quot;desktop&quot;,&quot;tablet&quot;,&quot;mobile&quot;]}\">\n\t\t\t\t\t\t<div class=\"elementor-container elementor-column-gap-default\">\n\t\t\t\t\t<div data-dce-background-color=\"#052093\" class=\"elementor-column elementor-col-100 elementor-top-column elementor-element elementor-element-df8ec60\" data-id=\"df8ec60\" data-element_type=\"column\" data-e-type=\"column\" data-settings=\"{&quot;background_background&quot;:&quot;classic&quot;}\">\n\t\t\t<div class=\"elementor-widget-wrap elementor-element-populated\">\n\t\t\t\t\t\t<div data-dce-title-color=\"#FFFFFF\" class=\"elementor-element elementor-element-a8cd6f0 titre-2-puce-haut elementor-invisible elementor-widget elementor-widget-heading\" data-id=\"a8cd6f0\" data-element_type=\"widget\" data-e-type=\"widget\" data-settings=\"{&quot;_animation&quot;:&quot;fadeInRight&quot;}\" data-widget_type=\"heading.default\">\n\t\t\t\t<div class=\"elementor-widget-container\">\n\t\t\t\t\t<h2 class=\"elementor-heading-title elementor-size-default\">COMMUNIQU\u00c9 DE PRESSE BILAN<\/h2>\t\t\t\t<\/div>\n\t\t\t\t<\/div>\n\t\t\t\t<div data-dce-title-color=\"#FFFFFF\" class=\"elementor-element elementor-element-1e79b0d elementor-invisible elementor-widget elementor-widget-heading\" data-id=\"1e79b0d\" data-element_type=\"widget\" data-e-type=\"widget\" data-settings=\"{&quot;_animation&quot;:&quot;fadeInRight&quot;}\" data-widget_type=\"heading.default\">\n\t\t\t\t<div class=\"elementor-widget-container\">\n\t\t\t\t\t<h4 class=\"elementor-heading-title elementor-size-default\">International Business Forum<br>\u00ab Out of the box ! \u00bb<\/h4>\t\t\t\t<\/div>\n\t\t\t\t<\/div>\n\t\t\t\t\t<\/div>\n\t\t<\/div>\n\t\t\t\t\t<\/div>\n\t\t<\/section>\n\t\t\t\t<section data-dce-background-color=\"#FFFFFF\" class=\"elementor-section elementor-top-section elementor-element elementor-element-799a19d0 elementor-section-boxed elementor-section-height-default elementor-section-height-default elementor-invisible\" data-id=\"799a19d0\" data-element_type=\"section\" data-e-type=\"section\" id=\"bilan\" data-settings=\"{&quot;background_background&quot;:&quot;classic&quot;,&quot;animation&quot;:&quot;fadeIn&quot;}\">\n\t\t\t\t\t\t<div class=\"elementor-container elementor-column-gap-default\">\n\t\t\t\t\t<div class=\"elementor-column elementor-col-100 elementor-top-column elementor-element elementor-element-792f494b\" data-id=\"792f494b\" data-element_type=\"column\" data-e-type=\"column\" data-settings=\"{&quot;animation_tablet&quot;:&quot;fadeIn&quot;}\">\n\t\t\t<div class=\"elementor-widget-wrap elementor-element-populated\">\n\t\t\t\t\t\t<div class=\"elementor-element elementor-element-531faf4 dce_masking-none elementor-widget elementor-widget-image\" data-id=\"531faf4\" data-element_type=\"widget\" data-e-type=\"widget\" data-widget_type=\"image.default\">\n\t\t\t\t<div class=\"elementor-widget-container\">\n\t\t\t\t\t\t\t\t\t\t\t\t\t\t\t<img fetchpriority=\"high\" decoding=\"async\" width=\"1275\" height=\"1650\" src=\"https:\/\/makutano.cd\/wp-content\/uploads\/2021\/12\/CP-Mak7-Version-francaise.jpg\" class=\"attachment-full size-full wp-image-3636\" alt=\"\" srcset=\"https:\/\/makutano.cd\/wp-content\/uploads\/2021\/12\/CP-Mak7-Version-francaise.jpg 1275w, https:\/\/makutano.cd\/wp-content\/uploads\/2021\/12\/CP-Mak7-Version-francaise-600x776.jpg 600w, https:\/\/makutano.cd\/wp-content\/uploads\/2021\/12\/CP-Mak7-Version-francaise-232x300.jpg 232w, https:\/\/makutano.cd\/wp-content\/uploads\/2021\/12\/CP-Mak7-Version-francaise-791x1024.jpg 791w, https:\/\/makutano.cd\/wp-content\/uploads\/2021\/12\/CP-Mak7-Version-francaise-768x994.jpg 768w, https:\/\/makutano.cd\/wp-content\/uploads\/2021\/12\/CP-Mak7-Version-francaise-1187x1536.jpg 1187w, https:\/\/makutano.cd\/wp-content\/uploads\/2021\/12\/CP-Mak7-Version-francaise-9x12.jpg 9w\" sizes=\"(max-width: 1275px) 100vw, 1275px\" \/>\t\t\t\t\t\t\t\t\t\t\t\t\t\t\t<\/div>\n\t\t\t\t<\/div>\n\t\t\t\t<div class=\"elementor-element elementor-element-90da51a elementor-align-center elementor-tablet-align-left cta-big elementor-mobile-align-center elementor-invisible elementor-widget elementor-widget-button\" data-id=\"90da51a\" data-element_type=\"widget\" data-e-type=\"widget\" data-settings=\"{&quot;_animation&quot;:&quot;fadeInRight&quot;,&quot;_animation_tablet&quot;:&quot;fadeIn&quot;,&quot;_animation_delay&quot;:400}\" data-widget_type=\"button.default\">\n\t\t\t\t<div class=\"elementor-widget-container\">\n\t\t\t\t\t\t\t\t\t<div class=\"elementor-button-wrapper\">\n\t\t\t\t\t<a class=\"elementor-button elementor-button-link elementor-size-sm elementor-animation-float\" href=\"https:\/\/makutano.cd\/wp-content\/uploads\/2021\/12\/CP-Mak7-version-francaise.pdf\" target=\"_blank\">\n\t\t\t\t\t\t<span class=\"elementor-button-content-wrapper\">\n\t\t\t\t\t\t<span class=\"elementor-button-icon\">\n\t\t\t\t<svg xmlns=\"http:\/\/www.w3.org\/2000\/svg\" width=\"34\" height=\"18\" viewBox=\"0 0 34 18\" fill=\"none\"><path d=\"M1 8.25962H0.875V8.38462V9.61539V9.74039H1H30.7751L24.527 15.9885L24.4438 16.0717L24.5218 16.1598L25.339 17.0829L25.4271 17.1823L25.521 17.0884L33.521 9.08839L33.6094 9L33.521 8.91161L25.521 0.911612L25.4271 0.817684L25.339 0.917141L24.5218 1.84022L24.4438 1.92829L24.527 2.01147L30.7751 8.25962H1Z\" fill=\"white\" stroke=\"white\" stroke-width=\"0.25\"><\/path><\/svg>\t\t\t<\/span>\n\t\t\t\t\t\t\t\t\t<span class=\"elementor-button-text\">T\u00e9l\u00e9charger LE COMMUNIQU\u00c9 DE PRESSE BILAN<\/span>\n\t\t\t\t\t<\/span>\n\t\t\t\t\t<\/a>\n\t\t\t\t<\/div>\n\t\t\t\t\t\t\t\t<\/div>\n\t\t\t\t<\/div>\n\t\t\t\t\t<\/div>\n\t\t<\/div>\n\t\t\t\t\t<\/div>\n\t\t<\/section>\n\t\t\t\t<\/div>\n\t\t","protected":false},"excerpt":{"rendered":"<p>COMMUNIQU\u00c9 DE PRESSE BILAN International Business Forum\u00ab Out of the box ! \u00bb T\u00e9l\u00e9charger LE COMMUNIQU\u00c9 DE PRESSE BILAN<\/p>\n","protected":false},"author":3,"featured_media":0,"parent":0,"menu_order":0,"comment_status":"closed","ping_status":"closed","template":"elementor_header_footer","meta":{"inline_featured_image":false,"footnotes":""},"class_list":["post-3759","page","type-page","status-publish","hentry"],"yoast_head":"<!-- This site is optimized with the Yoast SEO plugin v27.3 - https:\/\/yoast.com\/product\/yoast-seo-wordpress\/ -->\n<title>Communiqu\u00e9 de presse bilan - Makutano<\/title>\n<meta name=\"robots\" content=\"index, follow, max-snippet:-1, max-image-preview:large, max-video-preview:-1\" \/>\n<link rel=\"canonical\" href=\"https:\/\/makutano.cd\/fr\/communique-de-presse-bilan\/\" \/>\n<meta property=\"og:locale\" content=\"fr_FR\" \/>\n<meta property=\"og:type\" content=\"article\" \/>\n<meta property=\"og:title\" content=\"Communiqu\u00e9 de presse bilan - Makutano\" \/>\n<meta property=\"og:description\" content=\"COMMUNIQU\u00c9 DE PRESSE BILAN International Business Forum\u00ab Out of the box ! \u00bb T\u00e9l\u00e9charger LE COMMUNIQU\u00c9 DE PRESSE BILAN\" \/>\n<meta property=\"og:url\" content=\"https:\/\/makutano.cd\/fr\/communique-de-presse-bilan\/\" \/>\n<meta property=\"og:site_name\" content=\"Makutano\" \/>\n<meta property=\"article:publisher\" content=\"https:\/\/facebook.com\/MakutanoNetwork\" \/>\n<meta property=\"article:modified_time\" content=\"2021-12-28T13:40:53+00:00\" \/>\n<meta property=\"og:image\" content=\"https:\/\/makutano.cd\/wp-content\/uploads\/2021\/12\/CP-Mak7-Version-francaise.jpg\" \/>\n\t<meta property=\"og:image:width\" content=\"1275\" \/>\n\t<meta property=\"og:image:height\" content=\"1650\" \/>\n\t<meta property=\"og:image:type\" content=\"image\/jpeg\" \/>\n<meta name=\"twitter:card\" content=\"summary_large_image\" \/>\n<meta name=\"twitter:site\" content=\"@MakutanoForum\" \/>\n<script type=\"application\/ld+json\" class=\"yoast-schema-graph\">{\"@context\":\"https:\\\/\\\/schema.org\",\"@graph\":[{\"@type\":\"WebPage\",\"@id\":\"https:\\\/\\\/makutano.cd\\\/communique-de-presse-bilan\\\/\",\"url\":\"https:\\\/\\\/makutano.cd\\\/communique-de-presse-bilan\\\/\",\"name\":\"Communiqu\u00e9 de presse bilan - Makutano\",\"isPartOf\":{\"@id\":\"https:\\\/\\\/makutano.cd\\\/fr\\\/#website\"},\"primaryImageOfPage\":{\"@id\":\"https:\\\/\\\/makutano.cd\\\/communique-de-presse-bilan\\\/#primaryimage\"},\"image\":{\"@id\":\"https:\\\/\\\/makutano.cd\\\/communique-de-presse-bilan\\\/#primaryimage\"},\"thumbnailUrl\":\"https:\\\/\\\/makutano.cd\\\/wp-content\\\/uploads\\\/2021\\\/12\\\/CP-Mak7-Version-francaise.jpg\",\"datePublished\":\"2021-12-22T19:07:00+00:00\",\"dateModified\":\"2021-12-28T13:40:53+00:00\",\"breadcrumb\":{\"@id\":\"https:\\\/\\\/makutano.cd\\\/communique-de-presse-bilan\\\/#breadcrumb\"},\"inLanguage\":\"fr-FR\",\"potentialAction\":[{\"@type\":\"ReadAction\",\"target\":[\"https:\\\/\\\/makutano.cd\\\/communique-de-presse-bilan\\\/\"]}]},{\"@type\":\"ImageObject\",\"inLanguage\":\"fr-FR\",\"@id\":\"https:\\\/\\\/makutano.cd\\\/communique-de-presse-bilan\\\/#primaryimage\",\"url\":\"https:\\\/\\\/makutano.cd\\\/wp-content\\\/uploads\\\/2021\\\/12\\\/CP-Mak7-Version-francaise.jpg\",\"contentUrl\":\"https:\\\/\\\/makutano.cd\\\/wp-content\\\/uploads\\\/2021\\\/12\\\/CP-Mak7-Version-francaise.jpg\"},{\"@type\":\"BreadcrumbList\",\"@id\":\"https:\\\/\\\/makutano.cd\\\/communique-de-presse-bilan\\\/#breadcrumb\",\"itemListElement\":[{\"@type\":\"ListItem\",\"position\":1,\"name\":\"Accueil\",\"item\":\"https:\\\/\\\/makutano.cd\\\/\"},{\"@type\":\"ListItem\",\"position\":2,\"name\":\"Communiqu\u00e9 de presse bilan\"}]},{\"@type\":\"WebSite\",\"@id\":\"https:\\\/\\\/makutano.cd\\\/fr\\\/#website\",\"url\":\"https:\\\/\\\/makutano.cd\\\/fr\\\/\",\"name\":\"Makutano\",\"description\":\"If we don&#039;t, who will ?\",\"publisher\":{\"@id\":\"https:\\\/\\\/makutano.cd\\\/fr\\\/#organization\"},\"potentialAction\":[{\"@type\":\"SearchAction\",\"target\":{\"@type\":\"EntryPoint\",\"urlTemplate\":\"https:\\\/\\\/makutano.cd\\\/fr\\\/?s={search_term_string}\"},\"query-input\":{\"@type\":\"PropertyValueSpecification\",\"valueRequired\":true,\"valueName\":\"search_term_string\"}}],\"inLanguage\":\"fr-FR\"},{\"@type\":\"Organization\",\"@id\":\"https:\\\/\\\/makutano.cd\\\/fr\\\/#organization\",\"name\":\"Makutano\",\"url\":\"https:\\\/\\\/makutano.cd\\\/fr\\\/\",\"logo\":{\"@type\":\"ImageObject\",\"inLanguage\":\"fr-FR\",\"@id\":\"https:\\\/\\\/makutano.cd\\\/fr\\\/#\\\/schema\\\/logo\\\/image\\\/\",\"url\":\"https:\\\/\\\/makutano.cd\\\/wp-content\\\/uploads\\\/2020\\\/06\\\/Logo-Makutano-inblock.svg\",\"contentUrl\":\"https:\\\/\\\/makutano.cd\\\/wp-content\\\/uploads\\\/2020\\\/06\\\/Logo-Makutano-inblock.svg\",\"width\":293,\"height\":80,\"caption\":\"Makutano\"},\"image\":{\"@id\":\"https:\\\/\\\/makutano.cd\\\/fr\\\/#\\\/schema\\\/logo\\\/image\\\/\"},\"sameAs\":[\"https:\\\/\\\/facebook.com\\\/MakutanoNetwork\",\"https:\\\/\\\/x.com\\\/MakutanoForum\",\"https:\\\/\\\/www.linkedin.com\\\/in\\\/sultanimakutano\\\/\",\"https:\\\/\\\/www.instagram.com\\\/p\\\/B192OJ8nkVx\\\/\",\"https:\\\/\\\/www.youtube.com\\\/channel\\\/UCb_Won5SE0j8B2yMo0zigoQ\"]}]}<\/script>\n<!-- \/ Yoast SEO plugin. -->","yoast_head_json":{"title":"Communiqu\u00e9 de presse bilan - Makutano","robots":{"index":"index","follow":"follow","max-snippet":"max-snippet:-1","max-image-preview":"max-image-preview:large","max-video-preview":"max-video-preview:-1"},"canonical":"https:\/\/makutano.cd\/fr\/communique-de-presse-bilan\/","og_locale":"fr_FR","og_type":"article","og_title":"Communiqu\u00e9 de presse bilan - Makutano","og_description":"COMMUNIQU\u00c9 DE PRESSE BILAN International Business Forum\u00ab Out of the box ! \u00bb T\u00e9l\u00e9charger LE COMMUNIQU\u00c9 DE PRESSE BILAN","og_url":"https:\/\/makutano.cd\/fr\/communique-de-presse-bilan\/","og_site_name":"Makutano","article_publisher":"https:\/\/facebook.com\/MakutanoNetwork","article_modified_time":"2021-12-28T13:40:53+00:00","og_image":[{"width":1275,"height":1650,"url":"https:\/\/makutano.cd\/wp-content\/uploads\/2021\/12\/CP-Mak7-Version-francaise.jpg","type":"image\/jpeg"}],"twitter_card":"summary_large_image","twitter_site":"@MakutanoForum","schema":{"@context":"https:\/\/schema.org","@graph":[{"@type":"WebPage","@id":"https:\/\/makutano.cd\/communique-de-presse-bilan\/","url":"https:\/\/makutano.cd\/communique-de-presse-bilan\/","name":"Communiqu\u00e9 de presse bilan - Makutano","isPartOf":{"@id":"https:\/\/makutano.cd\/fr\/#website"},"primaryImageOfPage":{"@id":"https:\/\/makutano.cd\/communique-de-presse-bilan\/#primaryimage"},"image":{"@id":"https:\/\/makutano.cd\/communique-de-presse-bilan\/#primaryimage"},"thumbnailUrl":"https:\/\/makutano.cd\/wp-content\/uploads\/2021\/12\/CP-Mak7-Version-francaise.jpg","datePublished":"2021-12-22T19:07:00+00:00","dateModified":"2021-12-28T13:40:53+00:00","breadcrumb":{"@id":"https:\/\/makutano.cd\/communique-de-presse-bilan\/#breadcrumb"},"inLanguage":"fr-FR","potentialAction":[{"@type":"ReadAction","target":["https:\/\/makutano.cd\/communique-de-presse-bilan\/"]}]},{"@type":"ImageObject","inLanguage":"fr-FR","@id":"https:\/\/makutano.cd\/communique-de-presse-bilan\/#primaryimage","url":"https:\/\/makutano.cd\/wp-content\/uploads\/2021\/12\/CP-Mak7-Version-francaise.jpg","contentUrl":"https:\/\/makutano.cd\/wp-content\/uploads\/2021\/12\/CP-Mak7-Version-francaise.jpg"},{"@type":"BreadcrumbList","@id":"https:\/\/makutano.cd\/communique-de-presse-bilan\/#breadcrumb","itemListElement":[{"@type":"ListItem","position":1,"name":"Accueil","item":"https:\/\/makutano.cd\/"},{"@type":"ListItem","position":2,"name":"Communiqu\u00e9 de presse bilan"}]},{"@type":"WebSite","@id":"https:\/\/makutano.cd\/fr\/#website","url":"https:\/\/makutano.cd\/fr\/","name":"Makutano","description":"If we don&#039;t, who will ?","publisher":{"@id":"https:\/\/makutano.cd\/fr\/#organization"},"potentialAction":[{"@type":"SearchAction","target":{"@type":"EntryPoint","urlTemplate":"https:\/\/makutano.cd\/fr\/?s={search_term_string}"},"query-input":{"@type":"PropertyValueSpecification","valueRequired":true,"valueName":"search_term_string"}}],"inLanguage":"fr-FR"},{"@type":"Organization","@id":"https:\/\/makutano.cd\/fr\/#organization","name":"Makutano","url":"https:\/\/makutano.cd\/fr\/","logo":{"@type":"ImageObject","inLanguage":"fr-FR","@id":"https:\/\/makutano.cd\/fr\/#\/schema\/logo\/image\/","url":"https:\/\/makutano.cd\/wp-content\/uploads\/2020\/06\/Logo-Makutano-inblock.svg","contentUrl":"https:\/\/makutano.cd\/wp-content\/uploads\/2020\/06\/Logo-Makutano-inblock.svg","width":293,"height":80,"caption":"Makutano"},"image":{"@id":"https:\/\/makutano.cd\/fr\/#\/schema\/logo\/image\/"},"sameAs":["https:\/\/facebook.com\/MakutanoNetwork","https:\/\/x.com\/MakutanoForum","https:\/\/www.linkedin.com\/in\/sultanimakutano\/","https:\/\/www.instagram.com\/p\/B192OJ8nkVx\/","https:\/\/www.youtube.com\/channel\/UCb_Won5SE0j8B2yMo0zigoQ"]}]}},"_links":{"self":[{"href":"https:\/\/makutano.cd\/fr\/wp-json\/wp\/v2\/pages\/3759","targetHints":{"allow":["GET"]}}],"collection":[{"href":"https:\/\/makutano.cd\/fr\/wp-json\/wp\/v2\/pages"}],"about":[{"href":"https:\/\/makutano.cd\/fr\/wp-json\/wp\/v2\/types\/page"}],"author":[{"embeddable":true,"href":"https:\/\/makutano.cd\/fr\/wp-json\/wp\/v2\/users\/3"}],"replies":[{"embeddable":true,"href":"https:\/\/makutano.cd\/fr\/wp-json\/wp\/v2\/comments?post=3759"}],"version-history":[{"count":0,"href":"https:\/\/makutano.cd\/fr\/wp-json\/wp\/v2\/pages\/3759\/revisions"}],"wp:attachment":[{"href":"https:\/\/makutano.cd\/fr\/wp-json\/wp\/v2\/media?parent=3759"}],"curies":[{"name":"wp","href":"https:\/\/api.w.org\/{rel}","templated":true}]}}