{"id":2303,"date":"2020-12-19T18:46:42","date_gmt":"2020-12-19T17:46:42","guid":{"rendered":"https:\/\/makutano.cd\/?page_id=2303"},"modified":"2020-12-19T22:06:00","modified_gmt":"2020-12-19T21:06:00","slug":"actes-de-conference","status":"publish","type":"page","link":"https:\/\/makutano.cd\/fr\/institut\/publications\/actes-de-conference\/","title":{"rendered":"Actes de conf\u00e9rence"},"content":{"rendered":"\t\t<div data-elementor-type=\"wp-page\" data-elementor-id=\"2303\" class=\"elementor elementor-2303\" data-elementor-post-type=\"page\">\n\t\t\t\t\t\t<section data-dce-background-color=\"#D44236\" class=\"elementor-section elementor-top-section elementor-element elementor-element-1f8e7f47 animated-fast elementor-section-boxed elementor-section-height-default elementor-section-height-default elementor-invisible\" data-id=\"1f8e7f47\" data-element_type=\"section\" data-e-type=\"section\" data-settings=\"{&quot;background_background&quot;:&quot;classic&quot;,&quot;sticky&quot;:&quot;top&quot;,&quot;animation&quot;:&quot;fadeInUp&quot;,&quot;animation_delay&quot;:0.5,&quot;sticky_on&quot;:[&quot;desktop&quot;,&quot;tablet&quot;,&quot;mobile&quot;],&quot;sticky_offset&quot;:0,&quot;sticky_effects_offset&quot;:0,&quot;sticky_anchor_link_offset&quot;:0}\">\n\t\t\t\t\t\t<div class=\"elementor-container elementor-column-gap-default\">\n\t\t\t\t\t<div class=\"elementor-column elementor-col-100 elementor-top-column elementor-element elementor-element-5e8b9718\" data-id=\"5e8b9718\" data-element_type=\"column\" data-e-type=\"column\">\n\t\t\t<div class=\"elementor-widget-wrap elementor-element-populated\">\n\t\t\t\t\t\t<div class=\"elementor-element elementor-element-6fd81070 elementor-nav-menu__align-center elementor-nav-menu--dropdown-mobile elementor-nav-menu--stretch elementor-nav-menu__text-align-center menu-institut elementor-nav-menu--toggle elementor-nav-menu--burger elementor-widget elementor-widget-nav-menu\" data-id=\"6fd81070\" data-element_type=\"widget\" data-e-type=\"widget\" data-settings=\"{&quot;full_width&quot;:&quot;stretch&quot;,&quot;layout&quot;:&quot;horizontal&quot;,&quot;submenu_icon&quot;:{&quot;value&quot;:&quot;&lt;i class=\\&quot;fas fa-caret-down\\&quot; aria-hidden=\\&quot;true\\&quot;&gt;&lt;\\\/i&gt;&quot;,&quot;library&quot;:&quot;fa-solid&quot;},&quot;toggle&quot;:&quot;burger&quot;}\" data-widget_type=\"nav-menu.default\">\n\t\t\t\t<div class=\"elementor-widget-container\">\n\t\t\t\t\t\t\t\t<nav aria-label=\"Menu\" class=\"elementor-nav-menu--main elementor-nav-menu__container elementor-nav-menu--layout-horizontal e--pointer-underline e--animation-slide\">\n\t\t\t\t<ul id=\"menu-1-6fd81070\" class=\"elementor-nav-menu\"><li class=\"menu-item menu-item-type-post_type menu-item-object-page menu-item-2247\"><a href=\"https:\/\/makutano.cd\/fr\/institut\/\" class=\"elementor-item\">Institut<\/a><\/li>\n<li class=\"menu-item menu-item-type-post_type menu-item-object-page menu-item-has-children menu-item-2206\"><a href=\"https:\/\/makutano.cd\/fr\/institut\/publications\/\" class=\"elementor-item\">Publications<\/a>\n<ul class=\"sub-menu elementor-nav-menu--dropdown\">\n\t<li class=\"menu-item menu-item-type-post_type menu-item-object-page menu-item-2310\"><a href=\"https:\/\/makutano.cd\/fr\/institut\/publications\/actes-de-conference\/\" class=\"elementor-sub-item\">Actes de conf\u00e9rence<\/a><\/li>\n\t<li class=\"menu-item menu-item-type-post_type menu-item-object-page menu-item-2311\"><a href=\"https:\/\/makutano.cd\/fr\/institut\/publications\/analyses-makutano\/\" class=\"elementor-sub-item\">Analyses Makutano<\/a><\/li>\n\t<li class=\"menu-item menu-item-type-post_type menu-item-object-page menu-item-2312\"><a href=\"https:\/\/makutano.cd\/fr\/institut\/publications\/documents-de-travail\/\" class=\"elementor-sub-item\">Documents de travail<\/a><\/li>\n\t<li class=\"menu-item menu-item-type-post_type menu-item-object-page menu-item-6071\"><a href=\"https:\/\/makutano.cd\/fr\/institut\/publications\/raba-arbi\/\" class=\"elementor-sub-item\">Revue Africaine de la Banque et des Assurances (African Review of Banking and Insurance)<\/a><\/li>\n<\/ul>\n<\/li>\n<li class=\"menu-item menu-item-type-post_type menu-item-object-page menu-item-2207\"><a href=\"https:\/\/makutano.cd\/fr\/institut\/conferences\/\" class=\"elementor-item\">Conf\u00e9rences<\/a><\/li>\n<li class=\"menu-item menu-item-type-post_type menu-item-object-page menu-item-2209\"><a href=\"https:\/\/makutano.cd\/fr\/institut\/statuts\/\" class=\"elementor-item\">Statuts<\/a><\/li>\n<\/ul>\t\t\t<\/nav>\n\t\t\t\t\t<div class=\"elementor-menu-toggle\" role=\"button\" tabindex=\"0\" aria-label=\"Permuter le menu\" aria-expanded=\"false\">\n\t\t\t<i aria-hidden=\"true\" role=\"presentation\" class=\"elementor-menu-toggle__icon--open eicon-menu-bar\"><\/i><i aria-hidden=\"true\" role=\"presentation\" class=\"elementor-menu-toggle__icon--close eicon-close\"><\/i>\t\t<\/div>\n\t\t\t\t\t<nav class=\"elementor-nav-menu--dropdown elementor-nav-menu__container\" aria-hidden=\"true\">\n\t\t\t\t<ul id=\"menu-2-6fd81070\" class=\"elementor-nav-menu\"><li class=\"menu-item menu-item-type-post_type menu-item-object-page menu-item-2247\"><a href=\"https:\/\/makutano.cd\/fr\/institut\/\" class=\"elementor-item\" tabindex=\"-1\">Institut<\/a><\/li>\n<li class=\"menu-item menu-item-type-post_type menu-item-object-page menu-item-has-children menu-item-2206\"><a href=\"https:\/\/makutano.cd\/fr\/institut\/publications\/\" class=\"elementor-item\" tabindex=\"-1\">Publications<\/a>\n<ul class=\"sub-menu elementor-nav-menu--dropdown\">\n\t<li class=\"menu-item menu-item-type-post_type menu-item-object-page menu-item-2310\"><a href=\"https:\/\/makutano.cd\/fr\/institut\/publications\/actes-de-conference\/\" class=\"elementor-sub-item\" tabindex=\"-1\">Actes de conf\u00e9rence<\/a><\/li>\n\t<li class=\"menu-item menu-item-type-post_type menu-item-object-page menu-item-2311\"><a href=\"https:\/\/makutano.cd\/fr\/institut\/publications\/analyses-makutano\/\" class=\"elementor-sub-item\" tabindex=\"-1\">Analyses Makutano<\/a><\/li>\n\t<li class=\"menu-item menu-item-type-post_type menu-item-object-page menu-item-2312\"><a href=\"https:\/\/makutano.cd\/fr\/institut\/publications\/documents-de-travail\/\" class=\"elementor-sub-item\" tabindex=\"-1\">Documents de travail<\/a><\/li>\n\t<li class=\"menu-item menu-item-type-post_type menu-item-object-page menu-item-6071\"><a href=\"https:\/\/makutano.cd\/fr\/institut\/publications\/raba-arbi\/\" class=\"elementor-sub-item\" tabindex=\"-1\">Revue Africaine de la Banque et des Assurances (African Review of Banking and Insurance)<\/a><\/li>\n<\/ul>\n<\/li>\n<li class=\"menu-item menu-item-type-post_type menu-item-object-page menu-item-2207\"><a href=\"https:\/\/makutano.cd\/fr\/institut\/conferences\/\" class=\"elementor-item\" tabindex=\"-1\">Conf\u00e9rences<\/a><\/li>\n<li class=\"menu-item menu-item-type-post_type menu-item-object-page menu-item-2209\"><a href=\"https:\/\/makutano.cd\/fr\/institut\/statuts\/\" class=\"elementor-item\" tabindex=\"-1\">Statuts<\/a><\/li>\n<\/ul>\t\t\t<\/nav>\n\t\t\t\t\t\t<\/div>\n\t\t\t\t<\/div>\n\t\t\t\t\t<\/div>\n\t\t<\/div>\n\t\t\t\t\t<\/div>\n\t\t<\/section>\n\t\t\t\t<section data-dce-background-color=\"#052093\" data-dce-background-image-url=\"https:\/\/makutano.cd\/wp-content\/uploads\/2020\/07\/pattern-roue-deux-orange-2.png\" class=\"elementor-section elementor-top-section elementor-element elementor-element-2a8b74a2 elementor-section-boxed elementor-section-height-default elementor-section-height-default elementor-invisible\" data-id=\"2a8b74a2\" data-element_type=\"section\" data-e-type=\"section\" data-settings=\"{&quot;background_background&quot;:&quot;classic&quot;,&quot;animation&quot;:&quot;fadeIn&quot;,&quot;background_motion_fx_motion_fx_scrolling&quot;:&quot;yes&quot;,&quot;background_motion_fx_translateX_effect&quot;:&quot;yes&quot;,&quot;background_motion_fx_translateX_speed&quot;:{&quot;unit&quot;:&quot;px&quot;,&quot;size&quot;:7,&quot;sizes&quot;:[]},&quot;background_motion_fx_translateX_affectedRange&quot;:{&quot;unit&quot;:&quot;%&quot;,&quot;size&quot;:&quot;&quot;,&quot;sizes&quot;:{&quot;start&quot;:0,&quot;end&quot;:100}},&quot;background_motion_fx_devices&quot;:[&quot;desktop&quot;,&quot;tablet&quot;,&quot;mobile&quot;]}\">\n\t\t\t\t\t\t<div class=\"elementor-container elementor-column-gap-default\">\n\t\t\t\t\t<div data-dce-background-color=\"#052093\" class=\"elementor-column elementor-col-50 elementor-top-column elementor-element elementor-element-395b78df\" data-id=\"395b78df\" data-element_type=\"column\" data-e-type=\"column\" data-settings=\"{&quot;background_background&quot;:&quot;classic&quot;}\">\n\t\t\t<div class=\"elementor-widget-wrap elementor-element-populated\">\n\t\t\t\t\t\t<div data-dce-title-color=\"#E9431B\" data-dce-advanced-background-image-url=\"https:\/\/makutano.cd\/wp-content\/uploads\/2020\/06\/red-line-lf-bg.png\" class=\"elementor-element elementor-element-5f8e8f40 elementor-invisible elementor-widget elementor-widget-heading\" data-id=\"5f8e8f40\" data-element_type=\"widget\" data-e-type=\"widget\" data-settings=\"{&quot;_animation&quot;:&quot;fadeInRight&quot;,&quot;_animation_tablet&quot;:&quot;fadeIn&quot;,&quot;_animation_delay&quot;:100}\" data-widget_type=\"heading.default\">\n\t\t\t\t<div class=\"elementor-widget-container\">\n\t\t\t\t\t<h3 class=\"elementor-heading-title elementor-size-default\">Institut<\/h3>\t\t\t\t<\/div>\n\t\t\t\t<\/div>\n\t\t\t\t<div data-dce-title-color=\"#FFFFFF\" class=\"elementor-element elementor-element-2617369b elementor-invisible elementor-widget elementor-widget-heading\" data-id=\"2617369b\" data-element_type=\"widget\" data-e-type=\"widget\" data-settings=\"{&quot;_animation&quot;:&quot;fadeInLeft&quot;}\" data-widget_type=\"heading.default\">\n\t\t\t\t<div class=\"elementor-widget-container\">\n\t\t\t\t\t<h1 class=\"elementor-heading-title elementor-size-default\">Actes de conf\u00e9rence.<\/h1>\t\t\t\t<\/div>\n\t\t\t\t<\/div>\n\t\t\t\t\t<\/div>\n\t\t<\/div>\n\t\t\t\t<div class=\"elementor-column elementor-col-50 elementor-top-column elementor-element elementor-element-68d1e91c\" data-id=\"68d1e91c\" data-element_type=\"column\" data-e-type=\"column\">\n\t\t\t<div class=\"elementor-widget-wrap\">\n\t\t\t\t\t\t\t<\/div>\n\t\t<\/div>\n\t\t\t\t\t<\/div>\n\t\t<\/section>\n\t\t\t\t<section data-dce-background-color=\"#FFFFFF\" class=\"elementor-section elementor-top-section elementor-element elementor-element-34b54478 elementor-section-boxed elementor-section-height-default elementor-section-height-default elementor-invisible\" data-id=\"34b54478\" data-element_type=\"section\" data-e-type=\"section\" data-settings=\"{&quot;background_background&quot;:&quot;classic&quot;,&quot;animation&quot;:&quot;fadeIn&quot;}\">\n\t\t\t\t\t\t<div class=\"elementor-container elementor-column-gap-default\">\n\t\t\t\t\t<div class=\"elementor-column elementor-col-100 elementor-top-column elementor-element elementor-element-471f6758\" data-id=\"471f6758\" data-element_type=\"column\" data-e-type=\"column\">\n\t\t\t<div class=\"elementor-widget-wrap elementor-element-populated\">\n\t\t\t\t\t\t<div class=\"elementor-element elementor-element-7c33177f titre-2-puce elementor-invisible elementor-widget elementor-widget-heading\" data-id=\"7c33177f\" data-element_type=\"widget\" data-e-type=\"widget\" data-settings=\"{&quot;_animation&quot;:&quot;fadeInUp&quot;,&quot;_animation_tablet&quot;:&quot;fadeIn&quot;,&quot;_animation_mobile&quot;:&quot;fadeIn&quot;}\" data-widget_type=\"heading.default\">\n\t\t\t\t<div class=\"elementor-widget-container\">\n\t\t\t\t\t<h2 class=\"elementor-heading-title elementor-size-default\">Les Actes de conf\u00e9rence de l'institut.<\/h2>\t\t\t\t<\/div>\n\t\t\t\t<\/div>\n\t\t\t\t<div class=\"elementor-element elementor-element-43904404 elementor-grid-3 elementor-grid-tablet-2 elementor-grid-mobile-1 elementor-posts--thumbnail-top elementor-invisible elementor-widget elementor-widget-posts\" data-id=\"43904404\" data-element_type=\"widget\" data-e-type=\"widget\" data-settings=\"{&quot;classic_row_gap&quot;:{&quot;unit&quot;:&quot;px&quot;,&quot;size&quot;:30,&quot;sizes&quot;:[]},&quot;_animation&quot;:&quot;fadeInUp&quot;,&quot;_animation_tablet&quot;:&quot;fadeIn&quot;,&quot;pagination_type&quot;:&quot;numbers_and_prev_next&quot;,&quot;classic_columns&quot;:&quot;3&quot;,&quot;classic_columns_tablet&quot;:&quot;2&quot;,&quot;classic_columns_mobile&quot;:&quot;1&quot;,&quot;classic_row_gap_tablet&quot;:{&quot;unit&quot;:&quot;px&quot;,&quot;size&quot;:&quot;&quot;,&quot;sizes&quot;:[]},&quot;classic_row_gap_mobile&quot;:{&quot;unit&quot;:&quot;px&quot;,&quot;size&quot;:&quot;&quot;,&quot;sizes&quot;:[]}}\" data-widget_type=\"posts.classic\">\n\t\t\t\t<div class=\"elementor-widget-container\">\n\t\t\t\t\t\t\t<div class=\"elementor-posts-container elementor-posts elementor-posts--skin-classic elementor-grid\" role=\"list\">\n\t\t\t\t<article class=\"elementor-post elementor-grid-item post-2377 post type-post status-publish format-standard has-post-thumbnail hentry category-documents-de-travail tag-protected\" role=\"listitem\">\n\t\t\t\t<a class=\"elementor-post__thumbnail__link\" href=\"https:\/\/makutano.cd\/fr\/application-de-la-loi-de-la-sous-traitance-en-republique-democratique-du-congo-analyse-de-la-rationalite-economico-juridique\/\" tabindex=\"-1\" >\n\t\t\t<div class=\"elementor-post__thumbnail\"><img fetchpriority=\"high\" decoding=\"async\" width=\"1200\" height=\"675\" src=\"https:\/\/makutano.cd\/wp-content\/uploads\/2020\/07\/blog-institut-defaut.jpg\" class=\"attachment-full size-full wp-image-1290\" alt=\"\" srcset=\"https:\/\/makutano.cd\/wp-content\/uploads\/2020\/07\/blog-institut-defaut.jpg 1200w, https:\/\/makutano.cd\/wp-content\/uploads\/2020\/07\/blog-institut-defaut-600x338.jpg 600w, https:\/\/makutano.cd\/wp-content\/uploads\/2020\/07\/blog-institut-defaut-300x169.jpg 300w, https:\/\/makutano.cd\/wp-content\/uploads\/2020\/07\/blog-institut-defaut-1024x576.jpg 1024w, https:\/\/makutano.cd\/wp-content\/uploads\/2020\/07\/blog-institut-defaut-768x432.jpg 768w, https:\/\/makutano.cd\/wp-content\/uploads\/2020\/07\/blog-institut-defaut-610x343.jpg 610w\" sizes=\"(max-width: 1200px) 100vw, 1200px\" \/><\/div>\n\t\t<\/a>\n\t\t\t\t<div class=\"elementor-post__text\">\n\t\t\t\t<h3 class=\"elementor-post__title\">\n\t\t\t<a href=\"https:\/\/makutano.cd\/fr\/application-de-la-loi-de-la-sous-traitance-en-republique-democratique-du-congo-analyse-de-la-rationalite-economico-juridique\/\" >\n\t\t\t\t\u00ab Application de la loi de la sous-traitance en R\u00e9publique d\u00e9mocratique du Congo : Analyse de la rationalit\u00e9 \u00e9conomico-juridique \u00bb\t\t\t<\/a>\n\t\t<\/h3>\n\t\t\t\t<div class=\"elementor-post__meta-data\">\n\t\t\t\t\t<span class=\"elementor-post-date\">\n\t\t\t20 d\u00e9cembre 2020\t\t<\/span>\n\t\t\t\t<\/div>\n\t\t\n\t\t<a class=\"elementor-post__read-more\" href=\"https:\/\/makutano.cd\/fr\/application-de-la-loi-de-la-sous-traitance-en-republique-democratique-du-congo-analyse-de-la-rationalite-economico-juridique\/\" aria-label=\"En savoir plus sur \u00ab Application de la loi de la sous-traitance en R\u00e9publique d\u00e9mocratique du Congo : Analyse de la rationalit\u00e9 \u00e9conomico-juridique \u00bb\" tabindex=\"-1\" >\n\t\t\tLire la suite\t\t<\/a>\n\n\t\t\t\t<\/div>\n\t\t\t\t<\/article>\n\t\t\t\t<article class=\"elementor-post elementor-grid-item post-1351 post type-post status-publish format-standard has-post-thumbnail hentry category-documents-de-travail category-institute\" role=\"listitem\">\n\t\t\t\t<a class=\"elementor-post__thumbnail__link\" href=\"https:\/\/makutano.cd\/fr\/a-la-poursuite-de-lindependance-economique-de-la-republique-democratique-du-congo-3\/\" tabindex=\"-1\" >\n\t\t\t<div class=\"elementor-post__thumbnail\"><img fetchpriority=\"high\" decoding=\"async\" width=\"1200\" height=\"675\" src=\"https:\/\/makutano.cd\/wp-content\/uploads\/2020\/07\/blog-institut-defaut.jpg\" class=\"attachment-full size-full wp-image-1290\" alt=\"\" srcset=\"https:\/\/makutano.cd\/wp-content\/uploads\/2020\/07\/blog-institut-defaut.jpg 1200w, https:\/\/makutano.cd\/wp-content\/uploads\/2020\/07\/blog-institut-defaut-600x338.jpg 600w, https:\/\/makutano.cd\/wp-content\/uploads\/2020\/07\/blog-institut-defaut-300x169.jpg 300w, https:\/\/makutano.cd\/wp-content\/uploads\/2020\/07\/blog-institut-defaut-1024x576.jpg 1024w, https:\/\/makutano.cd\/wp-content\/uploads\/2020\/07\/blog-institut-defaut-768x432.jpg 768w, https:\/\/makutano.cd\/wp-content\/uploads\/2020\/07\/blog-institut-defaut-610x343.jpg 610w\" sizes=\"(max-width: 1200px) 100vw, 1200px\" \/><\/div>\n\t\t<\/a>\n\t\t\t\t<div class=\"elementor-post__text\">\n\t\t\t\t<h3 class=\"elementor-post__title\">\n\t\t\t<a href=\"https:\/\/makutano.cd\/fr\/a-la-poursuite-de-lindependance-economique-de-la-republique-democratique-du-congo-3\/\" >\n\t\t\t\tA la poursuite de l\u2019ind\u00e9pendance \u00e9conomique de la R\u00e9publique d\u00e9mocratique du Congo\t\t\t<\/a>\n\t\t<\/h3>\n\t\t\t\t<div class=\"elementor-post__meta-data\">\n\t\t\t\t\t<span class=\"elementor-post-date\">\n\t\t\t28 juillet 2020\t\t<\/span>\n\t\t\t\t<\/div>\n\t\t\n\t\t<a class=\"elementor-post__read-more\" href=\"https:\/\/makutano.cd\/fr\/a-la-poursuite-de-lindependance-economique-de-la-republique-democratique-du-congo-3\/\" aria-label=\"En savoir plus sur A la poursuite de l\u2019ind\u00e9pendance \u00e9conomique de la R\u00e9publique d\u00e9mocratique du Congo\" tabindex=\"-1\" >\n\t\t\tLire la suite\t\t<\/a>\n\n\t\t\t\t<\/div>\n\t\t\t\t<\/article>\n\t\t\t\t<\/div>\n\t\t\n\t\t\t\t\t\t<\/div>\n\t\t\t\t<\/div>\n\t\t\t\t\t<\/div>\n\t\t<\/div>\n\t\t\t\t\t<\/div>\n\t\t<\/section>\n\t\t<!-- dce invisible element 15a6b50 -->\t\t<\/div>\n\t\t","protected":false},"excerpt":{"rendered":"<p>Institut Actes de conf\u00e9rence. Les Actes de conf\u00e9rence de l&rsquo;institut.<\/p>\n","protected":false},"author":3,"featured_media":0,"parent":2066,"menu_order":0,"comment_status":"closed","ping_status":"closed","template":"","meta":{"inline_featured_image":false,"footnotes":""},"class_list":["post-2303","page","type-page","status-publish","hentry"],"yoast_head":"<!-- This site is optimized with the Yoast SEO plugin v27.3 - https:\/\/yoast.com\/product\/yoast-seo-wordpress\/ -->\n<title>Actes de conf\u00e9rence - Makutano<\/title>\n<meta name=\"robots\" content=\"index, follow, max-snippet:-1, max-image-preview:large, max-video-preview:-1\" \/>\n<link rel=\"canonical\" href=\"https:\/\/makutano.cd\/fr\/institut\/publications\/actes-de-conference\/\" \/>\n<meta property=\"og:locale\" content=\"fr_FR\" \/>\n<meta property=\"og:type\" content=\"article\" \/>\n<meta property=\"og:title\" content=\"Actes de conf\u00e9rence - Makutano\" \/>\n<meta property=\"og:description\" content=\"Institut Actes de conf\u00e9rence. Les Actes de conf\u00e9rence de l&rsquo;institut.\" \/>\n<meta property=\"og:url\" content=\"https:\/\/makutano.cd\/fr\/institut\/publications\/actes-de-conference\/\" \/>\n<meta property=\"og:site_name\" content=\"Makutano\" \/>\n<meta property=\"article:publisher\" content=\"https:\/\/facebook.com\/MakutanoNetwork\" \/>\n<meta property=\"article:modified_time\" content=\"2020-12-19T21:06:00+00:00\" \/>\n<meta name=\"twitter:card\" content=\"summary_large_image\" \/>\n<meta name=\"twitter:site\" content=\"@MakutanoForum\" \/>\n<script type=\"application\/ld+json\" class=\"yoast-schema-graph\">{\"@context\":\"https:\\\/\\\/schema.org\",\"@graph\":[{\"@type\":\"WebPage\",\"@id\":\"https:\\\/\\\/makutano.cd\\\/institut\\\/publications\\\/actes-de-conference\\\/\",\"url\":\"https:\\\/\\\/makutano.cd\\\/institut\\\/publications\\\/actes-de-conference\\\/\",\"name\":\"Actes de conf\u00e9rence - Makutano\",\"isPartOf\":{\"@id\":\"https:\\\/\\\/makutano.cd\\\/fr\\\/#website\"},\"datePublished\":\"2020-12-19T17:46:42+00:00\",\"dateModified\":\"2020-12-19T21:06:00+00:00\",\"breadcrumb\":{\"@id\":\"https:\\\/\\\/makutano.cd\\\/institut\\\/publications\\\/actes-de-conference\\\/#breadcrumb\"},\"inLanguage\":\"fr-FR\",\"potentialAction\":[{\"@type\":\"ReadAction\",\"target\":[\"https:\\\/\\\/makutano.cd\\\/institut\\\/publications\\\/actes-de-conference\\\/\"]}]},{\"@type\":\"BreadcrumbList\",\"@id\":\"https:\\\/\\\/makutano.cd\\\/institut\\\/publications\\\/actes-de-conference\\\/#breadcrumb\",\"itemListElement\":[{\"@type\":\"ListItem\",\"position\":1,\"name\":\"Accueil\",\"item\":\"https:\\\/\\\/makutano.cd\\\/\"},{\"@type\":\"ListItem\",\"position\":2,\"name\":\"Institut\",\"item\":\"https:\\\/\\\/makutano.cd\\\/institut\\\/\"},{\"@type\":\"ListItem\",\"position\":3,\"name\":\"Publications\",\"item\":\"https:\\\/\\\/makutano.cd\\\/institut\\\/publications\\\/\"},{\"@type\":\"ListItem\",\"position\":4,\"name\":\"Actes de conf\u00e9rence\"}]},{\"@type\":\"WebSite\",\"@id\":\"https:\\\/\\\/makutano.cd\\\/fr\\\/#website\",\"url\":\"https:\\\/\\\/makutano.cd\\\/fr\\\/\",\"name\":\"Makutano\",\"description\":\"If we don&#039;t, who will ?\",\"publisher\":{\"@id\":\"https:\\\/\\\/makutano.cd\\\/fr\\\/#organization\"},\"potentialAction\":[{\"@type\":\"SearchAction\",\"target\":{\"@type\":\"EntryPoint\",\"urlTemplate\":\"https:\\\/\\\/makutano.cd\\\/fr\\\/?s={search_term_string}\"},\"query-input\":{\"@type\":\"PropertyValueSpecification\",\"valueRequired\":true,\"valueName\":\"search_term_string\"}}],\"inLanguage\":\"fr-FR\"},{\"@type\":\"Organization\",\"@id\":\"https:\\\/\\\/makutano.cd\\\/fr\\\/#organization\",\"name\":\"Makutano\",\"url\":\"https:\\\/\\\/makutano.cd\\\/fr\\\/\",\"logo\":{\"@type\":\"ImageObject\",\"inLanguage\":\"fr-FR\",\"@id\":\"https:\\\/\\\/makutano.cd\\\/fr\\\/#\\\/schema\\\/logo\\\/image\\\/\",\"url\":\"https:\\\/\\\/makutano.cd\\\/wp-content\\\/uploads\\\/2020\\\/06\\\/Logo-Makutano-inblock.svg\",\"contentUrl\":\"https:\\\/\\\/makutano.cd\\\/wp-content\\\/uploads\\\/2020\\\/06\\\/Logo-Makutano-inblock.svg\",\"width\":293,\"height\":80,\"caption\":\"Makutano\"},\"image\":{\"@id\":\"https:\\\/\\\/makutano.cd\\\/fr\\\/#\\\/schema\\\/logo\\\/image\\\/\"},\"sameAs\":[\"https:\\\/\\\/facebook.com\\\/MakutanoNetwork\",\"https:\\\/\\\/x.com\\\/MakutanoForum\",\"https:\\\/\\\/www.linkedin.com\\\/in\\\/sultanimakutano\\\/\",\"https:\\\/\\\/www.instagram.com\\\/p\\\/B192OJ8nkVx\\\/\",\"https:\\\/\\\/www.youtube.com\\\/channel\\\/UCb_Won5SE0j8B2yMo0zigoQ\"]}]}<\/script>\n<!-- \/ Yoast SEO plugin. -->","yoast_head_json":{"title":"Actes de conf\u00e9rence - Makutano","robots":{"index":"index","follow":"follow","max-snippet":"max-snippet:-1","max-image-preview":"max-image-preview:large","max-video-preview":"max-video-preview:-1"},"canonical":"https:\/\/makutano.cd\/fr\/institut\/publications\/actes-de-conference\/","og_locale":"fr_FR","og_type":"article","og_title":"Actes de conf\u00e9rence - Makutano","og_description":"Institut Actes de conf\u00e9rence. Les Actes de conf\u00e9rence de l&rsquo;institut.","og_url":"https:\/\/makutano.cd\/fr\/institut\/publications\/actes-de-conference\/","og_site_name":"Makutano","article_publisher":"https:\/\/facebook.com\/MakutanoNetwork","article_modified_time":"2020-12-19T21:06:00+00:00","twitter_card":"summary_large_image","twitter_site":"@MakutanoForum","schema":{"@context":"https:\/\/schema.org","@graph":[{"@type":"WebPage","@id":"https:\/\/makutano.cd\/institut\/publications\/actes-de-conference\/","url":"https:\/\/makutano.cd\/institut\/publications\/actes-de-conference\/","name":"Actes de conf\u00e9rence - Makutano","isPartOf":{"@id":"https:\/\/makutano.cd\/fr\/#website"},"datePublished":"2020-12-19T17:46:42+00:00","dateModified":"2020-12-19T21:06:00+00:00","breadcrumb":{"@id":"https:\/\/makutano.cd\/institut\/publications\/actes-de-conference\/#breadcrumb"},"inLanguage":"fr-FR","potentialAction":[{"@type":"ReadAction","target":["https:\/\/makutano.cd\/institut\/publications\/actes-de-conference\/"]}]},{"@type":"BreadcrumbList","@id":"https:\/\/makutano.cd\/institut\/publications\/actes-de-conference\/#breadcrumb","itemListElement":[{"@type":"ListItem","position":1,"name":"Accueil","item":"https:\/\/makutano.cd\/"},{"@type":"ListItem","position":2,"name":"Institut","item":"https:\/\/makutano.cd\/institut\/"},{"@type":"ListItem","position":3,"name":"Publications","item":"https:\/\/makutano.cd\/institut\/publications\/"},{"@type":"ListItem","position":4,"name":"Actes de conf\u00e9rence"}]},{"@type":"WebSite","@id":"https:\/\/makutano.cd\/fr\/#website","url":"https:\/\/makutano.cd\/fr\/","name":"Makutano","description":"If we don&#039;t, who will ?","publisher":{"@id":"https:\/\/makutano.cd\/fr\/#organization"},"potentialAction":[{"@type":"SearchAction","target":{"@type":"EntryPoint","urlTemplate":"https:\/\/makutano.cd\/fr\/?s={search_term_string}"},"query-input":{"@type":"PropertyValueSpecification","valueRequired":true,"valueName":"search_term_string"}}],"inLanguage":"fr-FR"},{"@type":"Organization","@id":"https:\/\/makutano.cd\/fr\/#organization","name":"Makutano","url":"https:\/\/makutano.cd\/fr\/","logo":{"@type":"ImageObject","inLanguage":"fr-FR","@id":"https:\/\/makutano.cd\/fr\/#\/schema\/logo\/image\/","url":"https:\/\/makutano.cd\/wp-content\/uploads\/2020\/06\/Logo-Makutano-inblock.svg","contentUrl":"https:\/\/makutano.cd\/wp-content\/uploads\/2020\/06\/Logo-Makutano-inblock.svg","width":293,"height":80,"caption":"Makutano"},"image":{"@id":"https:\/\/makutano.cd\/fr\/#\/schema\/logo\/image\/"},"sameAs":["https:\/\/facebook.com\/MakutanoNetwork","https:\/\/x.com\/MakutanoForum","https:\/\/www.linkedin.com\/in\/sultanimakutano\/","https:\/\/www.instagram.com\/p\/B192OJ8nkVx\/","https:\/\/www.youtube.com\/channel\/UCb_Won5SE0j8B2yMo0zigoQ"]}]}},"_links":{"self":[{"href":"https:\/\/makutano.cd\/fr\/wp-json\/wp\/v2\/pages\/2303","targetHints":{"allow":["GET"]}}],"collection":[{"href":"https:\/\/makutano.cd\/fr\/wp-json\/wp\/v2\/pages"}],"about":[{"href":"https:\/\/makutano.cd\/fr\/wp-json\/wp\/v2\/types\/page"}],"author":[{"embeddable":true,"href":"https:\/\/makutano.cd\/fr\/wp-json\/wp\/v2\/users\/3"}],"replies":[{"embeddable":true,"href":"https:\/\/makutano.cd\/fr\/wp-json\/wp\/v2\/comments?post=2303"}],"version-history":[{"count":0,"href":"https:\/\/makutano.cd\/fr\/wp-json\/wp\/v2\/pages\/2303\/revisions"}],"up":[{"embeddable":true,"href":"https:\/\/makutano.cd\/fr\/wp-json\/wp\/v2\/pages\/2066"}],"wp:attachment":[{"href":"https:\/\/makutano.cd\/fr\/wp-json\/wp\/v2\/media?parent=2303"}],"curies":[{"name":"wp","href":"https:\/\/api.w.org\/{rel}","templated":true}]}}