{"id":711,"date":"2020-07-13T14:46:41","date_gmt":"2020-07-13T12:46:41","guid":{"rendered":"http:\/\/fwltvvj.cluster028.hosting.ovh.net\/?page_id=711"},"modified":"2024-10-13T01:10:24","modified_gmt":"2024-10-12T23:10:24","slug":"foundation","status":"publish","type":"page","link":"https:\/\/makutano.cd\/en\/foundation\/","title":{"rendered":"Foundation"},"content":{"rendered":"\t\t<div data-elementor-type=\"wp-page\" data-elementor-id=\"711\" class=\"elementor elementor-711\" data-elementor-post-type=\"page\">\n\t\t\t\t\t\t<section data-dce-background-overlay-color=\"#8F0D3D\" data-dce-background-image-url=\"https:\/\/makutano.cd\/wp-content\/uploads\/2020\/07\/makutano-institute-header.jpg\" class=\"elementor-section elementor-top-section elementor-element elementor-element-2d0082af elementor-section-boxed elementor-section-height-default elementor-section-height-default elementor-invisible\" data-id=\"2d0082af\" data-element_type=\"section\" data-e-type=\"section\" data-settings=\"{&quot;background_background&quot;:&quot;classic&quot;,&quot;background_motion_fx_motion_fx_scrolling&quot;:&quot;yes&quot;,&quot;background_motion_fx_devices&quot;:[&quot;desktop&quot;],&quot;animation&quot;:&quot;fadeIn&quot;,&quot;background_motion_fx_translateX_effect&quot;:&quot;yes&quot;,&quot;background_motion_fx_translateX_speed&quot;:{&quot;unit&quot;:&quot;px&quot;,&quot;size&quot;:2.4,&quot;sizes&quot;:[]},&quot;background_motion_fx_translateX_affectedRange&quot;:{&quot;unit&quot;:&quot;%&quot;,&quot;size&quot;:&quot;&quot;,&quot;sizes&quot;:{&quot;start&quot;:0,&quot;end&quot;:100}}}\">\n\t\t\t\t\t\t\t<div class=\"elementor-background-overlay\"><\/div>\n\t\t\t\t\t\t\t<div class=\"elementor-container elementor-column-gap-default\">\n\t\t\t\t\t<div data-dce-background-color=\"#FFFFFF\" class=\"elementor-column elementor-col-50 elementor-top-column elementor-element elementor-element-42327c78 elementor-invisible\" data-id=\"42327c78\" data-element_type=\"column\" data-e-type=\"column\" data-settings=\"{&quot;background_background&quot;:&quot;classic&quot;,&quot;animation&quot;:&quot;fadeInLeft&quot;,&quot;animation_tablet&quot;:&quot;fadeIn&quot;}\">\n\t\t\t<div class=\"elementor-widget-wrap elementor-element-populated\">\n\t\t\t\t\t\t<div data-dce-title-color=\"#FF5733\" data-dce-advanced-background-image-url=\"https:\/\/makutano.cd\/wp-content\/uploads\/2020\/07\/orange-line-lf-bg.png\" class=\"elementor-element elementor-element-2cf42ece elementor-invisible elementor-widget elementor-widget-heading\" data-id=\"2cf42ece\" data-element_type=\"widget\" data-e-type=\"widget\" data-settings=\"{&quot;_animation&quot;:&quot;fadeInRight&quot;,&quot;_animation_tablet&quot;:&quot;fadeIn&quot;,&quot;_animation_delay&quot;:100}\" data-widget_type=\"heading.default\">\n\t\t\t\t<div class=\"elementor-widget-container\">\n\t\t\t\t\t<h3 class=\"elementor-heading-title elementor-size-default\">La Fondation<\/h3>\t\t\t\t<\/div>\n\t\t\t\t<\/div>\n\t\t\t\t<div data-dce-title-color=\"#8F0D3D\" class=\"elementor-element elementor-element-3964bde4 animated-slow elementor-invisible elementor-widget elementor-widget-heading\" data-id=\"3964bde4\" data-element_type=\"widget\" data-e-type=\"widget\" data-settings=\"{&quot;_animation&quot;:&quot;fadeInRight&quot;,&quot;_animation_tablet&quot;:&quot;fadeIn&quot;,&quot;_animation_delay&quot;:100,&quot;_animation_mobile&quot;:&quot;fadeIn&quot;}\" data-widget_type=\"heading.default\">\n\t\t\t\t<div class=\"elementor-widget-container\">\n\t\t\t\t\t<h1 class=\"elementor-heading-title elementor-size-default\">DES VALEURS,<br \/>\nDES ACTES.<\/h1>\t\t\t\t<\/div>\n\t\t\t\t<\/div>\n\t\t\t\t<div class=\"elementor-element elementor-element-69e184e elementor-invisible elementor-widget elementor-widget-text-editor\" data-id=\"69e184e\" data-element_type=\"widget\" data-e-type=\"widget\" data-settings=\"{&quot;_animation&quot;:&quot;fadeInRight&quot;,&quot;_animation_tablet&quot;:&quot;fadeIn&quot;,&quot;_animation_delay&quot;:300}\" data-widget_type=\"text-editor.default\">\n\t\t\t\t<div class=\"elementor-widget-container\">\n\t\t\t\t\t\t\t\t\t<p>Lanc\u00e9e en 2018, la\u00a0<strong>Fondation\u00a0Makutano<\/strong>\u00a0apporte<strong>\u00a0appui technique et financier<\/strong>\u00a0\u00e0 des projets \u00e0 forte valeur ajout\u00e9e rigoureusement s\u00e9lectionn\u00e9s par un comit\u00e9 r\u00e9serv\u00e9 \u00e0 cet effet.<br \/><br \/>La\u00a0<strong>Fondation\u00a0Makutano<\/strong>\u00a0s\u2019int\u00e9resse particuli\u00e8rement aux sujets relatifs \u00e0\u00a0<strong>l\u2019\u00e9ducation<\/strong>\u00a0et au\u00a0<strong>leadership f\u00e9minin<\/strong>. Ainsi soutient-elle depuis janvier 2020 la construction d\u2019un\u00a0<strong>laboratoire de sciences et technologies<\/strong>\u00a0\u00e0 la Kivu International School de Goma sans oublier l\u2019attribution de\u00a0<strong>bourses scientifiques<\/strong>\u00a0aux femmes en partenariat avec Investing in People ASBL.<\/p>\t\t\t\t\t\t\t\t<\/div>\n\t\t\t\t<\/div>\n\t\t\t\t\t<\/div>\n\t\t<\/div>\n\t\t\t\t<div class=\"elementor-column elementor-col-50 elementor-top-column elementor-element elementor-element-5b1430eb elementor-hidden-phone elementor-invisible\" data-id=\"5b1430eb\" data-element_type=\"column\" data-e-type=\"column\" data-settings=\"{&quot;animation&quot;:&quot;fadeInRight&quot;}\">\n\t\t\t<div class=\"elementor-widget-wrap elementor-element-populated\">\n\t\t\t\t\t\t<div class=\"elementor-element elementor-element-3212f6d dce_masking-none elementor-widget elementor-widget-video\" data-id=\"3212f6d\" data-element_type=\"widget\" data-e-type=\"widget\" data-settings=\"{&quot;video_type&quot;:&quot;hosted&quot;,&quot;controls&quot;:&quot;yes&quot;}\" data-widget_type=\"video.default\">\n\t\t\t\t<div class=\"elementor-widget-container\">\n\t\t\t\t\t\t\t<div class=\"e-hosted-video elementor-wrapper elementor-open-inline\">\n\t\t\t\t\t<video class=\"elementor-video\" src=\"https:\/\/makutano.cd\/wp-content\/uploads\/2020\/12\/MAKUTANO-2020.mp4\" controls=\"\" preload=\"metadata\" controlsList=\"nodownload\" poster=\"https:\/\/makutano.cd\/wp-content\/uploads\/2020\/11\/poster-vdeo-trailer-2020.jpg\"><\/video>\n\t\t\t\t<\/div>\n\t\t\t\t\t\t<\/div>\n\t\t\t\t<\/div>\n\t\t\t\t\t<\/div>\n\t\t<\/div>\n\t\t\t\t\t<\/div>\n\t\t<\/section>\n\t\t\t\t<section data-dce-background-color=\"#FFFFFF\" class=\"elementor-section elementor-top-section elementor-element elementor-element-6a71039f elementor-section-boxed elementor-section-height-default elementor-section-height-default elementor-invisible\" data-id=\"6a71039f\" data-element_type=\"section\" data-e-type=\"section\" data-settings=\"{&quot;background_background&quot;:&quot;classic&quot;,&quot;animation&quot;:&quot;fadeIn&quot;}\">\n\t\t\t\t\t\t<div class=\"elementor-container elementor-column-gap-default\">\n\t\t\t\t\t<div class=\"elementor-column elementor-col-100 elementor-top-column elementor-element elementor-element-50254351\" data-id=\"50254351\" data-element_type=\"column\" data-e-type=\"column\">\n\t\t\t<div class=\"elementor-widget-wrap elementor-element-populated\">\n\t\t\t\t\t\t<div data-dce-title-color=\"#8F0D3D\" class=\"elementor-element elementor-element-29b7b3c5 titre-2-puce elementor-invisible elementor-widget elementor-widget-heading\" data-id=\"29b7b3c5\" data-element_type=\"widget\" data-e-type=\"widget\" data-settings=\"{&quot;_animation&quot;:&quot;fadeInUp&quot;,&quot;_animation_tablet&quot;:&quot;fadeIn&quot;,&quot;_animation_mobile&quot;:&quot;fadeIn&quot;}\" data-widget_type=\"heading.default\">\n\t\t\t\t<div class=\"elementor-widget-container\">\n\t\t\t\t\t<h2 class=\"elementor-heading-title elementor-size-default\">L\u2019ACTUALIT\u00c9 DE LA FONDATION.<\/h2>\t\t\t\t<\/div>\n\t\t\t\t<\/div>\n\t\t\t\t<div class=\"elementor-element elementor-element-7de11ed6 elementor-grid-3 elementor-grid-tablet-2 elementor-grid-mobile-1 elementor-posts--thumbnail-top elementor-invisible elementor-widget elementor-widget-posts\" data-id=\"7de11ed6\" data-element_type=\"widget\" data-e-type=\"widget\" data-settings=\"{&quot;classic_row_gap&quot;:{&quot;unit&quot;:&quot;px&quot;,&quot;size&quot;:30,&quot;sizes&quot;:[]},&quot;_animation&quot;:&quot;fadeInUp&quot;,&quot;_animation_tablet&quot;:&quot;fadeIn&quot;,&quot;pagination_type&quot;:&quot;numbers_and_prev_next&quot;,&quot;classic_columns&quot;:&quot;3&quot;,&quot;classic_columns_tablet&quot;:&quot;2&quot;,&quot;classic_columns_mobile&quot;:&quot;1&quot;,&quot;classic_row_gap_tablet&quot;:{&quot;unit&quot;:&quot;px&quot;,&quot;size&quot;:&quot;&quot;,&quot;sizes&quot;:[]},&quot;classic_row_gap_mobile&quot;:{&quot;unit&quot;:&quot;px&quot;,&quot;size&quot;:&quot;&quot;,&quot;sizes&quot;:[]}}\" data-widget_type=\"posts.classic\">\n\t\t\t\t<div class=\"elementor-widget-container\">\n\t\t\t\t\t\t\t<div class=\"elementor-posts-container elementor-posts elementor-posts--skin-classic elementor-grid\" role=\"list\">\n\t\t\t\t<article class=\"elementor-post elementor-grid-item post-686 post type-post status-publish format-standard has-post-thumbnail hentry category-foundation\" role=\"listitem\">\n\t\t\t\t<a class=\"elementor-post__thumbnail__link\" href=\"https:\/\/makutano.cd\/en\/des-puits-pour-encourager-la-prevention-sanitaire\/\" tabindex=\"-1\" >\n\t\t\t<div class=\"elementor-post__thumbnail\"><img fetchpriority=\"high\" decoding=\"async\" width=\"900\" height=\"600\" src=\"https:\/\/makutano.cd\/wp-content\/uploads\/2020\/06\/Puits.jpg\" class=\"attachment-full size-full wp-image-1003\" alt=\"\" srcset=\"https:\/\/makutano.cd\/wp-content\/uploads\/2020\/06\/Puits.jpg 900w, https:\/\/makutano.cd\/wp-content\/uploads\/2020\/06\/Puits-600x400.jpg 600w, https:\/\/makutano.cd\/wp-content\/uploads\/2020\/06\/Puits-300x200.jpg 300w, https:\/\/makutano.cd\/wp-content\/uploads\/2020\/06\/Puits-768x512.jpg 768w\" sizes=\"(max-width: 900px) 100vw, 900px\" \/><\/div>\n\t\t<\/a>\n\t\t\t\t<div class=\"elementor-post__text\">\n\t\t\t\t<h3 class=\"elementor-post__title\">\n\t\t\t<a href=\"https:\/\/makutano.cd\/en\/des-puits-pour-encourager-la-prevention-sanitaire\/\" >\n\t\t\t\tDes puits pour encourager la pr\u00e9vention sanitaire\t\t\t<\/a>\n\t\t<\/h3>\n\t\t\t\t<div class=\"elementor-post__meta-data\">\n\t\t\t\t\t<span class=\"elementor-post-date\">\n\t\t\t13 June 2020\t\t<\/span>\n\t\t\t\t<\/div>\n\t\t\t\t<div class=\"elementor-post__excerpt\">\n\t\t\t<p>Une cinquantaine de personnes ont r\u00e9pondu pr\u00e9sent \u00e0 la lev\u00e9e de fonds qui a \u00e9t\u00e9 organis\u00e9e au sein du r\u00e9seau Makutano pour donner acc\u00e8s \u00e0<\/p>\n\t\t<\/div>\n\t\t\n\t\t<a class=\"elementor-post__read-more\" href=\"https:\/\/makutano.cd\/en\/des-puits-pour-encourager-la-prevention-sanitaire\/\" aria-label=\"Read more about Des puits pour encourager la pr\u00e9vention sanitaire\" tabindex=\"-1\" >\n\t\t\tLire la suite\t\t<\/a>\n\n\t\t\t\t<\/div>\n\t\t\t\t<\/article>\n\t\t\t\t<article class=\"elementor-post elementor-grid-item post-683 post type-post status-publish format-standard has-post-thumbnail hentry category-foundation\" role=\"listitem\">\n\t\t\t\t<a class=\"elementor-post__thumbnail__link\" href=\"https:\/\/makutano.cd\/en\/20-femmes-scientifiques-recoivent-les-bourses-makutano-et-investing-in-people-asbl\/\" tabindex=\"-1\" >\n\t\t\t<div class=\"elementor-post__thumbnail\"><img decoding=\"async\" width=\"2190\" height=\"1204\" src=\"https:\/\/makutano.cd\/wp-content\/uploads\/2020\/07\/Capture-d\u2019e\u0301cran-2020-07-13-a\u0300-12.07.01.png\" class=\"attachment-full size-full wp-image-684\" alt=\"\" srcset=\"https:\/\/makutano.cd\/wp-content\/uploads\/2020\/07\/Capture-d\u2019e\u0301cran-2020-07-13-a\u0300-12.07.01.png 2190w, https:\/\/makutano.cd\/wp-content\/uploads\/2020\/07\/Capture-d\u2019e\u0301cran-2020-07-13-a\u0300-12.07.01-600x330.png 600w, https:\/\/makutano.cd\/wp-content\/uploads\/2020\/07\/Capture-d\u2019e\u0301cran-2020-07-13-a\u0300-12.07.01-300x165.png 300w, https:\/\/makutano.cd\/wp-content\/uploads\/2020\/07\/Capture-d\u2019e\u0301cran-2020-07-13-a\u0300-12.07.01-1024x563.png 1024w, https:\/\/makutano.cd\/wp-content\/uploads\/2020\/07\/Capture-d\u2019e\u0301cran-2020-07-13-a\u0300-12.07.01-768x422.png 768w, https:\/\/makutano.cd\/wp-content\/uploads\/2020\/07\/Capture-d\u2019e\u0301cran-2020-07-13-a\u0300-12.07.01-1536x844.png 1536w, https:\/\/makutano.cd\/wp-content\/uploads\/2020\/07\/Capture-d\u2019e\u0301cran-2020-07-13-a\u0300-12.07.01-2048x1126.png 2048w\" sizes=\"(max-width: 2190px) 100vw, 2190px\" \/><\/div>\n\t\t<\/a>\n\t\t\t\t<div class=\"elementor-post__text\">\n\t\t\t\t<h3 class=\"elementor-post__title\">\n\t\t\t<a href=\"https:\/\/makutano.cd\/en\/20-femmes-scientifiques-recoivent-les-bourses-makutano-et-investing-in-people-asbl\/\" >\n\t\t\t\t20 femmes scientifiques re\u00e7oivent les bourses Makutano et Investing in people Asbl\t\t\t<\/a>\n\t\t<\/h3>\n\t\t\t\t<div class=\"elementor-post__meta-data\">\n\t\t\t\t\t<span class=\"elementor-post-date\">\n\t\t\t15 May 2020\t\t<\/span>\n\t\t\t\t<\/div>\n\t\t\t\t<div class=\"elementor-post__excerpt\">\n\t\t\t<p>Gr\u00e2ce \u00e0 une premi\u00e8re campagne de lev\u00e9e de fonds lanc\u00e9e en janvier 2020, l\u2019ASBL Investing in People et Makutano ont attribu\u00e9 mi mai 20 bourses<\/p>\n\t\t<\/div>\n\t\t\n\t\t<a class=\"elementor-post__read-more\" href=\"https:\/\/makutano.cd\/en\/20-femmes-scientifiques-recoivent-les-bourses-makutano-et-investing-in-people-asbl\/\" aria-label=\"Read more about 20 femmes scientifiques re\u00e7oivent les bourses Makutano et Investing in people Asbl\" tabindex=\"-1\" >\n\t\t\tLire la suite\t\t<\/a>\n\n\t\t\t\t<\/div>\n\t\t\t\t<\/article>\n\t\t\t\t<article class=\"elementor-post elementor-grid-item post-693 post type-post status-publish format-standard has-post-thumbnail hentry category-foundation\" role=\"listitem\">\n\t\t\t\t<a class=\"elementor-post__thumbnail__link\" href=\"https:\/\/makutano.cd\/en\/100-ateliers-de-couture-contre-le-coronavirus\/\" tabindex=\"-1\" >\n\t\t\t<div class=\"elementor-post__thumbnail\"><img decoding=\"async\" width=\"900\" height=\"600\" src=\"https:\/\/makutano.cd\/wp-content\/uploads\/2020\/06\/task-f.jpg\" class=\"attachment-full size-full wp-image-1004\" alt=\"\" srcset=\"https:\/\/makutano.cd\/wp-content\/uploads\/2020\/06\/task-f.jpg 900w, https:\/\/makutano.cd\/wp-content\/uploads\/2020\/06\/task-f-600x400.jpg 600w, https:\/\/makutano.cd\/wp-content\/uploads\/2020\/06\/task-f-300x200.jpg 300w, https:\/\/makutano.cd\/wp-content\/uploads\/2020\/06\/task-f-768x512.jpg 768w\" sizes=\"(max-width: 900px) 100vw, 900px\" \/><\/div>\n\t\t<\/a>\n\t\t\t\t<div class=\"elementor-post__text\">\n\t\t\t\t<h3 class=\"elementor-post__title\">\n\t\t\t<a href=\"https:\/\/makutano.cd\/en\/100-ateliers-de-couture-contre-le-coronavirus\/\" >\n\t\t\t\t100 ateliers de couture contre le Coronavirus\t\t\t<\/a>\n\t\t<\/h3>\n\t\t\t\t<div class=\"elementor-post__meta-data\">\n\t\t\t\t\t<span class=\"elementor-post-date\">\n\t\t\t23 April 2020\t\t<\/span>\n\t\t\t\t<\/div>\n\t\t\t\t<div class=\"elementor-post__excerpt\">\n\t\t\t<p>A l\u2019initiative du R\u00e9seau&nbsp;Makutano&nbsp;et du&nbsp;PNUD, une centaine d\u2019ateliers de couture de Kinshasa ont \u00e9t\u00e9 appel\u00e9s \u00e0 proposer leurs services pour la confection de&nbsp;masques&nbsp;de protection en<\/p>\n\t\t<\/div>\n\t\t\n\t\t<a class=\"elementor-post__read-more\" href=\"https:\/\/makutano.cd\/en\/100-ateliers-de-couture-contre-le-coronavirus\/\" aria-label=\"Read more about 100 ateliers de couture contre le Coronavirus\" tabindex=\"-1\" >\n\t\t\tLire la suite\t\t<\/a>\n\n\t\t\t\t<\/div>\n\t\t\t\t<\/article>\n\t\t\t\t<\/div>\n\t\t\n\t\t\t\t\t\t<\/div>\n\t\t\t\t<\/div>\n\t\t\t\t\t<\/div>\n\t\t<\/div>\n\t\t\t\t\t<\/div>\n\t\t<\/section>\n\t\t\t\t<\/div>\n\t\t","protected":false},"excerpt":{"rendered":"<p>La Fondation DES VALEURS, DES ACTES. Lanc\u00e9e en 2018, la\u00a0Fondation\u00a0Makutano\u00a0apporte\u00a0appui technique et financier\u00a0\u00e0 des projets \u00e0 forte valeur ajout\u00e9e rigoureusement s\u00e9lectionn\u00e9s par un comit\u00e9 r\u00e9serv\u00e9 \u00e0 cet effet. La\u00a0Fondation\u00a0Makutano\u00a0s\u2019int\u00e9resse particuli\u00e8rement aux sujets relatifs \u00e0\u00a0l\u2019\u00e9ducation\u00a0et au\u00a0leadership f\u00e9minin. Ainsi soutient-elle depuis janvier 2020 la construction d\u2019un\u00a0laboratoire de sciences et technologies\u00a0\u00e0 la Kivu International School de Goma sans [&hellip;]<\/p>\n","protected":false},"author":3,"featured_media":0,"parent":0,"menu_order":0,"comment_status":"closed","ping_status":"closed","template":"elementor_header_footer","meta":{"inline_featured_image":false,"footnotes":""},"class_list":["post-711","page","type-page","status-publish","hentry"],"yoast_head":"<!-- This site is optimized with the Yoast SEO plugin v27.3 - https:\/\/yoast.com\/product\/yoast-seo-wordpress\/ -->\n<title>Foundation - Makutano<\/title>\n<meta name=\"robots\" content=\"index, follow, max-snippet:-1, max-image-preview:large, max-video-preview:-1\" \/>\n<link rel=\"canonical\" href=\"https:\/\/makutano.cd\/en\/foundation\/\" \/>\n<meta property=\"og:locale\" content=\"en_US\" \/>\n<meta property=\"og:type\" content=\"article\" \/>\n<meta property=\"og:title\" content=\"Foundation - Makutano\" \/>\n<meta property=\"og:description\" content=\"La Fondation DES VALEURS, DES ACTES. Lanc\u00e9e en 2018, la\u00a0Fondation\u00a0Makutano\u00a0apporte\u00a0appui technique et financier\u00a0\u00e0 des projets \u00e0 forte valeur ajout\u00e9e rigoureusement s\u00e9lectionn\u00e9s par un comit\u00e9 r\u00e9serv\u00e9 \u00e0 cet effet. La\u00a0Fondation\u00a0Makutano\u00a0s\u2019int\u00e9resse particuli\u00e8rement aux sujets relatifs \u00e0\u00a0l\u2019\u00e9ducation\u00a0et au\u00a0leadership f\u00e9minin. Ainsi soutient-elle depuis janvier 2020 la construction d\u2019un\u00a0laboratoire de sciences et technologies\u00a0\u00e0 la Kivu International School de Goma sans [&hellip;]\" \/>\n<meta property=\"og:url\" content=\"https:\/\/makutano.cd\/en\/foundation\/\" \/>\n<meta property=\"og:site_name\" content=\"Makutano\" \/>\n<meta property=\"article:publisher\" content=\"https:\/\/facebook.com\/MakutanoNetwork\" \/>\n<meta property=\"article:modified_time\" content=\"2024-10-12T23:10:24+00:00\" \/>\n<meta name=\"twitter:card\" content=\"summary_large_image\" \/>\n<meta name=\"twitter:site\" content=\"@MakutanoForum\" \/>\n<script type=\"application\/ld+json\" class=\"yoast-schema-graph\">{\"@context\":\"https:\\\/\\\/schema.org\",\"@graph\":[{\"@type\":\"WebPage\",\"@id\":\"https:\\\/\\\/makutano.cd\\\/foundation\\\/\",\"url\":\"https:\\\/\\\/makutano.cd\\\/foundation\\\/\",\"name\":\"Foundation - Makutano\",\"isPartOf\":{\"@id\":\"https:\\\/\\\/makutano.cd\\\/fr\\\/#website\"},\"datePublished\":\"2020-07-13T12:46:41+00:00\",\"dateModified\":\"2024-10-12T23:10:24+00:00\",\"breadcrumb\":{\"@id\":\"https:\\\/\\\/makutano.cd\\\/foundation\\\/#breadcrumb\"},\"inLanguage\":\"en-US\",\"potentialAction\":[{\"@type\":\"ReadAction\",\"target\":[\"https:\\\/\\\/makutano.cd\\\/foundation\\\/\"]}]},{\"@type\":\"BreadcrumbList\",\"@id\":\"https:\\\/\\\/makutano.cd\\\/foundation\\\/#breadcrumb\",\"itemListElement\":[{\"@type\":\"ListItem\",\"position\":1,\"name\":\"Accueil\",\"item\":\"https:\\\/\\\/makutano.cd\\\/\"},{\"@type\":\"ListItem\",\"position\":2,\"name\":\"Foundation\"}]},{\"@type\":\"WebSite\",\"@id\":\"https:\\\/\\\/makutano.cd\\\/fr\\\/#website\",\"url\":\"https:\\\/\\\/makutano.cd\\\/fr\\\/\",\"name\":\"Makutano\",\"description\":\"If we don&#039;t, who will ?\",\"publisher\":{\"@id\":\"https:\\\/\\\/makutano.cd\\\/fr\\\/#organization\"},\"potentialAction\":[{\"@type\":\"SearchAction\",\"target\":{\"@type\":\"EntryPoint\",\"urlTemplate\":\"https:\\\/\\\/makutano.cd\\\/fr\\\/?s={search_term_string}\"},\"query-input\":{\"@type\":\"PropertyValueSpecification\",\"valueRequired\":true,\"valueName\":\"search_term_string\"}}],\"inLanguage\":\"en-US\"},{\"@type\":\"Organization\",\"@id\":\"https:\\\/\\\/makutano.cd\\\/fr\\\/#organization\",\"name\":\"Makutano\",\"url\":\"https:\\\/\\\/makutano.cd\\\/fr\\\/\",\"logo\":{\"@type\":\"ImageObject\",\"inLanguage\":\"en-US\",\"@id\":\"https:\\\/\\\/makutano.cd\\\/fr\\\/#\\\/schema\\\/logo\\\/image\\\/\",\"url\":\"https:\\\/\\\/makutano.cd\\\/wp-content\\\/uploads\\\/2020\\\/06\\\/Logo-Makutano-inblock.svg\",\"contentUrl\":\"https:\\\/\\\/makutano.cd\\\/wp-content\\\/uploads\\\/2020\\\/06\\\/Logo-Makutano-inblock.svg\",\"width\":293,\"height\":80,\"caption\":\"Makutano\"},\"image\":{\"@id\":\"https:\\\/\\\/makutano.cd\\\/fr\\\/#\\\/schema\\\/logo\\\/image\\\/\"},\"sameAs\":[\"https:\\\/\\\/facebook.com\\\/MakutanoNetwork\",\"https:\\\/\\\/x.com\\\/MakutanoForum\",\"https:\\\/\\\/www.linkedin.com\\\/in\\\/sultanimakutano\\\/\",\"https:\\\/\\\/www.instagram.com\\\/p\\\/B192OJ8nkVx\\\/\",\"https:\\\/\\\/www.youtube.com\\\/channel\\\/UCb_Won5SE0j8B2yMo0zigoQ\"]}]}<\/script>\n<!-- \/ Yoast SEO plugin. -->","yoast_head_json":{"title":"Foundation - Makutano","robots":{"index":"index","follow":"follow","max-snippet":"max-snippet:-1","max-image-preview":"max-image-preview:large","max-video-preview":"max-video-preview:-1"},"canonical":"https:\/\/makutano.cd\/en\/foundation\/","og_locale":"en_US","og_type":"article","og_title":"Foundation - Makutano","og_description":"La Fondation DES VALEURS, DES ACTES. Lanc\u00e9e en 2018, la\u00a0Fondation\u00a0Makutano\u00a0apporte\u00a0appui technique et financier\u00a0\u00e0 des projets \u00e0 forte valeur ajout\u00e9e rigoureusement s\u00e9lectionn\u00e9s par un comit\u00e9 r\u00e9serv\u00e9 \u00e0 cet effet. La\u00a0Fondation\u00a0Makutano\u00a0s\u2019int\u00e9resse particuli\u00e8rement aux sujets relatifs \u00e0\u00a0l\u2019\u00e9ducation\u00a0et au\u00a0leadership f\u00e9minin. Ainsi soutient-elle depuis janvier 2020 la construction d\u2019un\u00a0laboratoire de sciences et technologies\u00a0\u00e0 la Kivu International School de Goma sans [&hellip;]","og_url":"https:\/\/makutano.cd\/en\/foundation\/","og_site_name":"Makutano","article_publisher":"https:\/\/facebook.com\/MakutanoNetwork","article_modified_time":"2024-10-12T23:10:24+00:00","twitter_card":"summary_large_image","twitter_site":"@MakutanoForum","schema":{"@context":"https:\/\/schema.org","@graph":[{"@type":"WebPage","@id":"https:\/\/makutano.cd\/foundation\/","url":"https:\/\/makutano.cd\/foundation\/","name":"Foundation - Makutano","isPartOf":{"@id":"https:\/\/makutano.cd\/fr\/#website"},"datePublished":"2020-07-13T12:46:41+00:00","dateModified":"2024-10-12T23:10:24+00:00","breadcrumb":{"@id":"https:\/\/makutano.cd\/foundation\/#breadcrumb"},"inLanguage":"en-US","potentialAction":[{"@type":"ReadAction","target":["https:\/\/makutano.cd\/foundation\/"]}]},{"@type":"BreadcrumbList","@id":"https:\/\/makutano.cd\/foundation\/#breadcrumb","itemListElement":[{"@type":"ListItem","position":1,"name":"Accueil","item":"https:\/\/makutano.cd\/"},{"@type":"ListItem","position":2,"name":"Foundation"}]},{"@type":"WebSite","@id":"https:\/\/makutano.cd\/fr\/#website","url":"https:\/\/makutano.cd\/fr\/","name":"Makutano","description":"If we don&#039;t, who will ?","publisher":{"@id":"https:\/\/makutano.cd\/fr\/#organization"},"potentialAction":[{"@type":"SearchAction","target":{"@type":"EntryPoint","urlTemplate":"https:\/\/makutano.cd\/fr\/?s={search_term_string}"},"query-input":{"@type":"PropertyValueSpecification","valueRequired":true,"valueName":"search_term_string"}}],"inLanguage":"en-US"},{"@type":"Organization","@id":"https:\/\/makutano.cd\/fr\/#organization","name":"Makutano","url":"https:\/\/makutano.cd\/fr\/","logo":{"@type":"ImageObject","inLanguage":"en-US","@id":"https:\/\/makutano.cd\/fr\/#\/schema\/logo\/image\/","url":"https:\/\/makutano.cd\/wp-content\/uploads\/2020\/06\/Logo-Makutano-inblock.svg","contentUrl":"https:\/\/makutano.cd\/wp-content\/uploads\/2020\/06\/Logo-Makutano-inblock.svg","width":293,"height":80,"caption":"Makutano"},"image":{"@id":"https:\/\/makutano.cd\/fr\/#\/schema\/logo\/image\/"},"sameAs":["https:\/\/facebook.com\/MakutanoNetwork","https:\/\/x.com\/MakutanoForum","https:\/\/www.linkedin.com\/in\/sultanimakutano\/","https:\/\/www.instagram.com\/p\/B192OJ8nkVx\/","https:\/\/www.youtube.com\/channel\/UCb_Won5SE0j8B2yMo0zigoQ"]}]}},"_links":{"self":[{"href":"https:\/\/makutano.cd\/en\/wp-json\/wp\/v2\/pages\/711","targetHints":{"allow":["GET"]}}],"collection":[{"href":"https:\/\/makutano.cd\/en\/wp-json\/wp\/v2\/pages"}],"about":[{"href":"https:\/\/makutano.cd\/en\/wp-json\/wp\/v2\/types\/page"}],"author":[{"embeddable":true,"href":"https:\/\/makutano.cd\/en\/wp-json\/wp\/v2\/users\/3"}],"replies":[{"embeddable":true,"href":"https:\/\/makutano.cd\/en\/wp-json\/wp\/v2\/comments?post=711"}],"version-history":[{"count":3,"href":"https:\/\/makutano.cd\/en\/wp-json\/wp\/v2\/pages\/711\/revisions"}],"predecessor-version":[{"id":6849,"href":"https:\/\/makutano.cd\/en\/wp-json\/wp\/v2\/pages\/711\/revisions\/6849"}],"wp:attachment":[{"href":"https:\/\/makutano.cd\/en\/wp-json\/wp\/v2\/media?parent=711"}],"curies":[{"name":"wp","href":"https:\/\/api.w.org\/{rel}","templated":true}]}}