{"id":2968,"date":"2021-11-22T12:26:30","date_gmt":"2021-11-22T11:26:30","guid":{"rendered":"https:\/\/makutano.cd\/?page_id=2968"},"modified":"2021-12-28T14:32:13","modified_gmt":"2021-12-28T13:32:13","slug":"programme","status":"publish","type":"page","link":"https:\/\/makutano.cd\/en\/programme\/","title":{"rendered":"Program"},"content":{"rendered":"\t\t<div data-elementor-type=\"wp-page\" data-elementor-id=\"2968\" class=\"elementor elementor-2968\" data-elementor-post-type=\"page\">\n\t\t\t\t\t\t<section data-dce-background-color=\"#052093\" data-dce-background-overlay-color=\"#052093\" data-dce-background-image-url=\"https:\/\/makutano.cd\/wp-content\/uploads\/2021\/12\/MAK7.PR_.FAR_.jpeg\" class=\"elementor-section elementor-top-section elementor-element elementor-element-32ca6a2 elementor-section-boxed elementor-section-height-default elementor-section-height-default elementor-invisible\" data-id=\"32ca6a2\" data-element_type=\"section\" data-e-type=\"section\" data-settings=\"{&quot;background_background&quot;:&quot;classic&quot;,&quot;animation&quot;:&quot;fadeIn&quot;,&quot;background_motion_fx_motion_fx_scrolling&quot;:&quot;yes&quot;,&quot;background_motion_fx_translateX_effect&quot;:&quot;yes&quot;,&quot;background_motion_fx_translateX_speed&quot;:{&quot;unit&quot;:&quot;px&quot;,&quot;size&quot;:7,&quot;sizes&quot;:[]},&quot;background_motion_fx_translateX_affectedRange&quot;:{&quot;unit&quot;:&quot;%&quot;,&quot;size&quot;:&quot;&quot;,&quot;sizes&quot;:{&quot;start&quot;:0,&quot;end&quot;:100}},&quot;background_motion_fx_devices&quot;:[&quot;desktop&quot;,&quot;tablet&quot;,&quot;mobile&quot;]}\">\n\t\t\t\t\t\t\t<div class=\"elementor-background-overlay\"><\/div>\n\t\t\t\t\t\t\t<div class=\"elementor-container elementor-column-gap-default\">\n\t\t\t\t\t<div data-dce-background-color=\"#052093D4\" class=\"elementor-column elementor-col-100 elementor-top-column elementor-element elementor-element-eed69c1\" data-id=\"eed69c1\" data-element_type=\"column\" data-e-type=\"column\" data-settings=\"{&quot;background_background&quot;:&quot;classic&quot;}\">\n\t\t\t<div class=\"elementor-widget-wrap elementor-element-populated\">\n\t\t\t\t\t\t<div data-dce-title-color=\"#FFFFFF\" class=\"elementor-element elementor-element-4e16e92 titre-2-puce-haut elementor-invisible elementor-widget elementor-widget-heading\" data-id=\"4e16e92\" data-element_type=\"widget\" data-e-type=\"widget\" data-settings=\"{&quot;_animation&quot;:&quot;fadeInRight&quot;}\" data-widget_type=\"heading.default\">\n\t\t\t\t<div class=\"elementor-widget-container\">\n\t\t\t\t\t<h2 class=\"elementor-heading-title elementor-size-default\">Programme du Forum #Makutano7<\/h2>\t\t\t\t<\/div>\n\t\t\t\t<\/div>\n\t\t\t\t<div data-dce-title-color=\"#FFFFFF\" class=\"elementor-element elementor-element-e1a22c8 elementor-invisible elementor-widget elementor-widget-heading\" data-id=\"e1a22c8\" data-element_type=\"widget\" data-e-type=\"widget\" data-settings=\"{&quot;_animation&quot;:&quot;fadeInRight&quot;}\" data-widget_type=\"heading.default\">\n\t\t\t\t<div class=\"elementor-widget-container\">\n\t\t\t\t\t<h4 class=\"elementor-heading-title elementor-size-default\">International Business Forum<br>\u00ab Out of the box ! \u00bb<\/h4>\t\t\t\t<\/div>\n\t\t\t\t<\/div>\n\t\t\t\t\t<\/div>\n\t\t<\/div>\n\t\t\t\t\t<\/div>\n\t\t<\/section>\n\t\t\t\t<section data-dce-background-color=\"#EA4335\" data-dce-background-overlay-image-url=\"https:\/\/makutano.cd\/wp-content\/uploads\/2020\/06\/pattern-roue-blanc.png\" class=\"elementor-section elementor-top-section elementor-element elementor-element-b3c1909 elementor-section-boxed elementor-section-height-default elementor-section-height-default\" data-id=\"b3c1909\" data-element_type=\"section\" data-e-type=\"section\" data-settings=\"{&quot;background_background&quot;:&quot;classic&quot;}\">\n\t\t\t\t\t\t\t<div class=\"elementor-background-overlay\"><\/div>\n\t\t\t\t\t\t\t<div class=\"elementor-container elementor-column-gap-default\">\n\t\t\t\t\t<div class=\"elementor-column elementor-col-100 elementor-top-column elementor-element elementor-element-3c66903\" data-id=\"3c66903\" data-element_type=\"column\" data-e-type=\"column\">\n\t\t\t<div class=\"elementor-widget-wrap elementor-element-populated\">\n\t\t\t\t\t\t<div class=\"elementor-element elementor-element-4c9a7ce dce_masking-none elementor-widget elementor-widget-image\" data-id=\"4c9a7ce\" data-element_type=\"widget\" data-e-type=\"widget\" data-widget_type=\"image.default\">\n\t\t\t\t<div class=\"elementor-widget-container\">\n\t\t\t\t\t\t\t\t\t\t\t\t\t\t\t<img fetchpriority=\"high\" decoding=\"async\" width=\"1241\" height=\"1754\" src=\"https:\/\/makutano.cd\/wp-content\/uploads\/2021\/12\/programme-MAK7-simplifie\u0301-OKOK_page-0001.jpg\" class=\"attachment-full size-full wp-image-3633\" alt=\"\" srcset=\"https:\/\/makutano.cd\/wp-content\/uploads\/2021\/12\/programme-MAK7-simplifie\u0301-OKOK_page-0001.jpg 1241w, https:\/\/makutano.cd\/wp-content\/uploads\/2021\/12\/programme-MAK7-simplifie\u0301-OKOK_page-0001-600x848.jpg 600w, https:\/\/makutano.cd\/wp-content\/uploads\/2021\/12\/programme-MAK7-simplifie\u0301-OKOK_page-0001-212x300.jpg 212w, https:\/\/makutano.cd\/wp-content\/uploads\/2021\/12\/programme-MAK7-simplifie\u0301-OKOK_page-0001-725x1024.jpg 725w, https:\/\/makutano.cd\/wp-content\/uploads\/2021\/12\/programme-MAK7-simplifie\u0301-OKOK_page-0001-768x1085.jpg 768w, https:\/\/makutano.cd\/wp-content\/uploads\/2021\/12\/programme-MAK7-simplifie\u0301-OKOK_page-0001-1087x1536.jpg 1087w, https:\/\/makutano.cd\/wp-content\/uploads\/2021\/12\/programme-MAK7-simplifie\u0301-OKOK_page-0001-8x12.jpg 8w\" sizes=\"(max-width: 1241px) 100vw, 1241px\" \/>\t\t\t\t\t\t\t\t\t\t\t\t\t\t\t<\/div>\n\t\t\t\t<\/div>\n\t\t\t\t<div class=\"elementor-element elementor-element-11ca376 dce_masking-none elementor-widget elementor-widget-image\" data-id=\"11ca376\" data-element_type=\"widget\" data-e-type=\"widget\" data-widget_type=\"image.default\">\n\t\t\t\t<div class=\"elementor-widget-container\">\n\t\t\t\t\t\t\t\t\t\t\t\t\t\t\t<img decoding=\"async\" width=\"1241\" height=\"1754\" src=\"https:\/\/makutano.cd\/wp-content\/uploads\/2021\/12\/programme-MAK7-simplifie\u0301-OKOK_page-0002.jpg\" class=\"attachment-full size-full wp-image-3634\" alt=\"\" srcset=\"https:\/\/makutano.cd\/wp-content\/uploads\/2021\/12\/programme-MAK7-simplifie\u0301-OKOK_page-0002.jpg 1241w, https:\/\/makutano.cd\/wp-content\/uploads\/2021\/12\/programme-MAK7-simplifie\u0301-OKOK_page-0002-600x848.jpg 600w, https:\/\/makutano.cd\/wp-content\/uploads\/2021\/12\/programme-MAK7-simplifie\u0301-OKOK_page-0002-212x300.jpg 212w, https:\/\/makutano.cd\/wp-content\/uploads\/2021\/12\/programme-MAK7-simplifie\u0301-OKOK_page-0002-725x1024.jpg 725w, https:\/\/makutano.cd\/wp-content\/uploads\/2021\/12\/programme-MAK7-simplifie\u0301-OKOK_page-0002-768x1085.jpg 768w, https:\/\/makutano.cd\/wp-content\/uploads\/2021\/12\/programme-MAK7-simplifie\u0301-OKOK_page-0002-1087x1536.jpg 1087w, https:\/\/makutano.cd\/wp-content\/uploads\/2021\/12\/programme-MAK7-simplifie\u0301-OKOK_page-0002-8x12.jpg 8w\" sizes=\"(max-width: 1241px) 100vw, 1241px\" \/>\t\t\t\t\t\t\t\t\t\t\t\t\t\t\t<\/div>\n\t\t\t\t<\/div>\n\t\t\t\t<div class=\"elementor-element elementor-element-7766565 elementor-align-center elementor-tablet-align-left cta-big elementor-mobile-align-center elementor-invisible elementor-widget elementor-widget-button\" data-id=\"7766565\" data-element_type=\"widget\" data-e-type=\"widget\" data-settings=\"{&quot;_animation&quot;:&quot;fadeInRight&quot;,&quot;_animation_tablet&quot;:&quot;fadeIn&quot;,&quot;_animation_delay&quot;:400}\" data-widget_type=\"button.default\">\n\t\t\t\t<div class=\"elementor-widget-container\">\n\t\t\t\t\t\t\t\t\t<div class=\"elementor-button-wrapper\">\n\t\t\t\t\t<a class=\"elementor-button elementor-button-link elementor-size-sm elementor-animation-float\" href=\"https:\/\/makutano.cd\/wp-content\/uploads\/2021\/12\/P.Programme-MAK7.pdf\" target=\"_blank\">\n\t\t\t\t\t\t<span class=\"elementor-button-content-wrapper\">\n\t\t\t\t\t\t<span class=\"elementor-button-icon\">\n\t\t\t\t<svg xmlns=\"http:\/\/www.w3.org\/2000\/svg\" width=\"34\" height=\"18\" viewBox=\"0 0 34 18\" fill=\"none\"><path d=\"M1 8.25962H0.875V8.38462V9.61539V9.74039H1H30.7751L24.527 15.9885L24.4438 16.0717L24.5218 16.1598L25.339 17.0829L25.4271 17.1823L25.521 17.0884L33.521 9.08839L33.6094 9L33.521 8.91161L25.521 0.911612L25.4271 0.817684L25.339 0.917141L24.5218 1.84022L24.4438 1.92829L24.527 2.01147L30.7751 8.25962H1Z\" fill=\"white\" stroke=\"white\" stroke-width=\"0.25\"><\/path><\/svg>\t\t\t<\/span>\n\t\t\t\t\t\t\t\t\t<span class=\"elementor-button-text\">T\u00e9l\u00e9charger le programme<\/span>\n\t\t\t\t\t<\/span>\n\t\t\t\t\t<\/a>\n\t\t\t\t<\/div>\n\t\t\t\t\t\t\t\t<\/div>\n\t\t\t\t<\/div>\n\t\t\t\t\t<\/div>\n\t\t<\/div>\n\t\t\t\t\t<\/div>\n\t\t<\/section>\n\t\t\t\t<section data-dce-background-color=\"#EA4335\" data-dce-background-image-url=\"https:\/\/makutano.cd\/wp-content\/uploads\/2020\/07\/pattern-roue-petite-orange.jpg\" class=\"elementor-section elementor-top-section elementor-element elementor-element-cfee05e elementor-hidden-desktop elementor-hidden-tablet elementor-hidden-mobile elementor-section-boxed elementor-section-height-default elementor-section-height-default\" data-id=\"cfee05e\" data-element_type=\"section\" data-e-type=\"section\" id=\"programme\" data-settings=\"{&quot;background_background&quot;:&quot;classic&quot;}\">\n\t\t\t\t\t\t<div class=\"elementor-container elementor-column-gap-default\">\n\t\t\t\t\t<div class=\"elementor-column elementor-col-100 elementor-top-column elementor-element elementor-element-bcab478\" data-id=\"bcab478\" data-element_type=\"column\" data-e-type=\"column\">\n\t\t\t<div class=\"elementor-widget-wrap elementor-element-populated\">\n\t\t\t\t\t\t<div data-dce-title-color=\"#FFFFFF\" class=\"elementor-element elementor-element-9bf6ffa elementor-widget elementor-widget-heading\" data-id=\"9bf6ffa\" data-element_type=\"widget\" data-e-type=\"widget\" data-widget_type=\"heading.default\">\n\t\t\t\t<div class=\"elementor-widget-container\">\n\t\t\t\t\t<h2 class=\"elementor-heading-title elementor-size-default\">Programme du Forum #Makutano2021<\/h2>\t\t\t\t<\/div>\n\t\t\t\t<\/div>\n\t\t\t\t<div data-dce-text-color=\"#FFFFFF\" class=\"elementor-element elementor-element-739923f elementor-widget elementor-widget-text-editor\" data-id=\"739923f\" data-element_type=\"widget\" data-e-type=\"widget\" data-widget_type=\"text-editor.default\">\n\t\t\t\t<div class=\"elementor-widget-container\">\n\t\t\t\t\t\t\t\t\t<p>Programme sous r\u00e9serve de modifications<\/p>\t\t\t\t\t\t\t\t<\/div>\n\t\t\t\t<\/div>\n\t\t\t\t<div class=\"elementor-element elementor-element-2eea97c elementor-align-center elementor-tablet-align-left cta-big elementor-mobile-align-center elementor-invisible elementor-widget elementor-widget-button\" data-id=\"2eea97c\" data-element_type=\"widget\" data-e-type=\"widget\" data-settings=\"{&quot;_animation&quot;:&quot;fadeInRight&quot;,&quot;_animation_tablet&quot;:&quot;fadeIn&quot;,&quot;_animation_delay&quot;:400}\" data-widget_type=\"button.default\">\n\t\t\t\t<div class=\"elementor-widget-container\">\n\t\t\t\t\t\t\t\t\t<div class=\"elementor-button-wrapper\">\n\t\t\t\t\t<a class=\"elementor-button elementor-size-sm elementor-animation-float\" role=\"button\">\n\t\t\t\t\t\t<span class=\"elementor-button-content-wrapper\">\n\t\t\t\t\t\t<span class=\"elementor-button-icon\">\n\t\t\t\t<svg xmlns=\"http:\/\/www.w3.org\/2000\/svg\" width=\"34\" height=\"18\" viewBox=\"0 0 34 18\" fill=\"none\"><path d=\"M1 8.25962H0.875V8.38462V9.61539V9.74039H1H30.7751L24.527 15.9885L24.4438 16.0717L24.5218 16.1598L25.339 17.0829L25.4271 17.1823L25.521 17.0884L33.521 9.08839L33.6094 9L33.521 8.91161L25.521 0.911612L25.4271 0.817684L25.339 0.917141L24.5218 1.84022L24.4438 1.92829L24.527 2.01147L30.7751 8.25962H1Z\" fill=\"white\" stroke=\"white\" stroke-width=\"0.25\"><\/path><\/svg>\t\t\t<\/span>\n\t\t\t\t\t\t\t\t\t<span class=\"elementor-button-text\">T\u00e9l\u00e9charger le programme<\/span>\n\t\t\t\t\t<\/span>\n\t\t\t\t\t<\/a>\n\t\t\t\t<\/div>\n\t\t\t\t\t\t\t\t<\/div>\n\t\t\t\t<\/div>\n\t\t\t\t\t<\/div>\n\t\t<\/div>\n\t\t\t\t\t<\/div>\n\t\t<\/section>\n\t\t\t\t<\/div>\n\t\t","protected":false},"excerpt":{"rendered":"<p>Programme du Forum #Makutano7 International Business Forum\u00ab Out of the box ! \u00bb T\u00e9l\u00e9charger le programme Programme du Forum #Makutano2021 Programme sous r\u00e9serve de modifications MARDI 07 D\u00c9CEMBRE 2021 \/ TUESDAY, 7TH DECEMBER, 2021 MERCREDI 08 D\u00c9CEMBRE 2021 \/ WEDNESDAY 8TH DECEMBER, 2021 ACCUEIL DES PARTICIPANTSWELCOMING PARTICIPANTS 7h30 &#8211; 8h15 \/ 7:30am &#8211; 8:15am \/ [&hellip;]<\/p>\n","protected":false},"author":3,"featured_media":0,"parent":0,"menu_order":0,"comment_status":"closed","ping_status":"closed","template":"elementor_header_footer","meta":{"inline_featured_image":false,"footnotes":""},"class_list":["post-2968","page","type-page","status-publish","hentry"],"yoast_head":"<!-- This site is optimized with the Yoast SEO plugin v27.3 - https:\/\/yoast.com\/product\/yoast-seo-wordpress\/ -->\n<title>Programme - Makutano<\/title>\n<meta name=\"robots\" content=\"index, follow, max-snippet:-1, max-image-preview:large, max-video-preview:-1\" \/>\n<link rel=\"canonical\" href=\"https:\/\/makutano.cd\/en\/programme\/\" \/>\n<meta property=\"og:locale\" content=\"en_US\" \/>\n<meta property=\"og:type\" content=\"article\" \/>\n<meta property=\"og:title\" content=\"Programme - Makutano\" \/>\n<meta property=\"og:description\" content=\"Programme du Forum #Makutano7 International Business Forum\u00ab Out of the box ! \u00bb T\u00e9l\u00e9charger le programme Programme du Forum #Makutano2021 Programme sous r\u00e9serve de modifications MARDI 07 D\u00c9CEMBRE 2021 \/ TUESDAY, 7TH DECEMBER, 2021 MERCREDI 08 D\u00c9CEMBRE 2021 \/ WEDNESDAY 8TH DECEMBER, 2021 ACCUEIL DES PARTICIPANTSWELCOMING PARTICIPANTS 7h30 &#8211; 8h15 \/ 7:30am &#8211; 8:15am \/ [&hellip;]\" \/>\n<meta property=\"og:url\" content=\"https:\/\/makutano.cd\/en\/programme\/\" \/>\n<meta property=\"og:site_name\" content=\"Makutano\" \/>\n<meta property=\"article:publisher\" content=\"https:\/\/facebook.com\/MakutanoNetwork\" \/>\n<meta property=\"article:modified_time\" content=\"2021-12-28T13:32:13+00:00\" \/>\n<meta property=\"og:image\" content=\"https:\/\/makutano.cd\/wp-content\/uploads\/2021\/12\/NEW-logoTMB-V2-quadri1-281x300.png\" \/>\n<meta name=\"twitter:card\" content=\"summary_large_image\" \/>\n<meta name=\"twitter:site\" content=\"@MakutanoForum\" \/>\n<meta name=\"twitter:label1\" content=\"Est. reading time\" \/>\n\t<meta name=\"twitter:data1\" content=\"4 minutes\" \/>\n<script type=\"application\/ld+json\" class=\"yoast-schema-graph\">{\"@context\":\"https:\\\/\\\/schema.org\",\"@graph\":[{\"@type\":\"WebPage\",\"@id\":\"https:\\\/\\\/makutano.cd\\\/programme\\\/\",\"url\":\"https:\\\/\\\/makutano.cd\\\/programme\\\/\",\"name\":\"Programme - Makutano\",\"isPartOf\":{\"@id\":\"https:\\\/\\\/makutano.cd\\\/fr\\\/#website\"},\"primaryImageOfPage\":{\"@id\":\"https:\\\/\\\/makutano.cd\\\/programme\\\/#primaryimage\"},\"image\":{\"@id\":\"https:\\\/\\\/makutano.cd\\\/programme\\\/#primaryimage\"},\"thumbnailUrl\":\"https:\\\/\\\/makutano.cd\\\/wp-content\\\/uploads\\\/2021\\\/12\\\/NEW-logoTMB-V2-quadri1-281x300.png\",\"datePublished\":\"2021-11-22T11:26:30+00:00\",\"dateModified\":\"2021-12-28T13:32:13+00:00\",\"breadcrumb\":{\"@id\":\"https:\\\/\\\/makutano.cd\\\/programme\\\/#breadcrumb\"},\"inLanguage\":\"en-US\",\"potentialAction\":[{\"@type\":\"ReadAction\",\"target\":[\"https:\\\/\\\/makutano.cd\\\/programme\\\/\"]}]},{\"@type\":\"ImageObject\",\"inLanguage\":\"en-US\",\"@id\":\"https:\\\/\\\/makutano.cd\\\/programme\\\/#primaryimage\",\"url\":\"https:\\\/\\\/makutano.cd\\\/wp-content\\\/uploads\\\/2021\\\/12\\\/NEW-logoTMB-V2-quadri1-281x300.png\",\"contentUrl\":\"https:\\\/\\\/makutano.cd\\\/wp-content\\\/uploads\\\/2021\\\/12\\\/NEW-logoTMB-V2-quadri1-281x300.png\"},{\"@type\":\"BreadcrumbList\",\"@id\":\"https:\\\/\\\/makutano.cd\\\/programme\\\/#breadcrumb\",\"itemListElement\":[{\"@type\":\"ListItem\",\"position\":1,\"name\":\"Accueil\",\"item\":\"https:\\\/\\\/makutano.cd\\\/\"},{\"@type\":\"ListItem\",\"position\":2,\"name\":\"Programme\"}]},{\"@type\":\"WebSite\",\"@id\":\"https:\\\/\\\/makutano.cd\\\/fr\\\/#website\",\"url\":\"https:\\\/\\\/makutano.cd\\\/fr\\\/\",\"name\":\"Makutano\",\"description\":\"If we don&#039;t, who will ?\",\"publisher\":{\"@id\":\"https:\\\/\\\/makutano.cd\\\/fr\\\/#organization\"},\"potentialAction\":[{\"@type\":\"SearchAction\",\"target\":{\"@type\":\"EntryPoint\",\"urlTemplate\":\"https:\\\/\\\/makutano.cd\\\/fr\\\/?s={search_term_string}\"},\"query-input\":{\"@type\":\"PropertyValueSpecification\",\"valueRequired\":true,\"valueName\":\"search_term_string\"}}],\"inLanguage\":\"en-US\"},{\"@type\":\"Organization\",\"@id\":\"https:\\\/\\\/makutano.cd\\\/fr\\\/#organization\",\"name\":\"Makutano\",\"url\":\"https:\\\/\\\/makutano.cd\\\/fr\\\/\",\"logo\":{\"@type\":\"ImageObject\",\"inLanguage\":\"en-US\",\"@id\":\"https:\\\/\\\/makutano.cd\\\/fr\\\/#\\\/schema\\\/logo\\\/image\\\/\",\"url\":\"https:\\\/\\\/makutano.cd\\\/wp-content\\\/uploads\\\/2020\\\/06\\\/Logo-Makutano-inblock.svg\",\"contentUrl\":\"https:\\\/\\\/makutano.cd\\\/wp-content\\\/uploads\\\/2020\\\/06\\\/Logo-Makutano-inblock.svg\",\"width\":293,\"height\":80,\"caption\":\"Makutano\"},\"image\":{\"@id\":\"https:\\\/\\\/makutano.cd\\\/fr\\\/#\\\/schema\\\/logo\\\/image\\\/\"},\"sameAs\":[\"https:\\\/\\\/facebook.com\\\/MakutanoNetwork\",\"https:\\\/\\\/x.com\\\/MakutanoForum\",\"https:\\\/\\\/www.linkedin.com\\\/in\\\/sultanimakutano\\\/\",\"https:\\\/\\\/www.instagram.com\\\/p\\\/B192OJ8nkVx\\\/\",\"https:\\\/\\\/www.youtube.com\\\/channel\\\/UCb_Won5SE0j8B2yMo0zigoQ\"]}]}<\/script>\n<!-- \/ Yoast SEO plugin. -->","yoast_head_json":{"title":"Programme - Makutano","robots":{"index":"index","follow":"follow","max-snippet":"max-snippet:-1","max-image-preview":"max-image-preview:large","max-video-preview":"max-video-preview:-1"},"canonical":"https:\/\/makutano.cd\/en\/programme\/","og_locale":"en_US","og_type":"article","og_title":"Programme - Makutano","og_description":"Programme du Forum #Makutano7 International Business Forum\u00ab Out of the box ! \u00bb T\u00e9l\u00e9charger le programme Programme du Forum #Makutano2021 Programme sous r\u00e9serve de modifications MARDI 07 D\u00c9CEMBRE 2021 \/ TUESDAY, 7TH DECEMBER, 2021 MERCREDI 08 D\u00c9CEMBRE 2021 \/ WEDNESDAY 8TH DECEMBER, 2021 ACCUEIL DES PARTICIPANTSWELCOMING PARTICIPANTS 7h30 &#8211; 8h15 \/ 7:30am &#8211; 8:15am \/ [&hellip;]","og_url":"https:\/\/makutano.cd\/en\/programme\/","og_site_name":"Makutano","article_publisher":"https:\/\/facebook.com\/MakutanoNetwork","article_modified_time":"2021-12-28T13:32:13+00:00","og_image":[{"url":"https:\/\/makutano.cd\/wp-content\/uploads\/2021\/12\/NEW-logoTMB-V2-quadri1-281x300.png","type":"","width":"","height":""}],"twitter_card":"summary_large_image","twitter_site":"@MakutanoForum","twitter_misc":{"Est. reading time":"4 minutes"},"schema":{"@context":"https:\/\/schema.org","@graph":[{"@type":"WebPage","@id":"https:\/\/makutano.cd\/programme\/","url":"https:\/\/makutano.cd\/programme\/","name":"Programme - Makutano","isPartOf":{"@id":"https:\/\/makutano.cd\/fr\/#website"},"primaryImageOfPage":{"@id":"https:\/\/makutano.cd\/programme\/#primaryimage"},"image":{"@id":"https:\/\/makutano.cd\/programme\/#primaryimage"},"thumbnailUrl":"https:\/\/makutano.cd\/wp-content\/uploads\/2021\/12\/NEW-logoTMB-V2-quadri1-281x300.png","datePublished":"2021-11-22T11:26:30+00:00","dateModified":"2021-12-28T13:32:13+00:00","breadcrumb":{"@id":"https:\/\/makutano.cd\/programme\/#breadcrumb"},"inLanguage":"en-US","potentialAction":[{"@type":"ReadAction","target":["https:\/\/makutano.cd\/programme\/"]}]},{"@type":"ImageObject","inLanguage":"en-US","@id":"https:\/\/makutano.cd\/programme\/#primaryimage","url":"https:\/\/makutano.cd\/wp-content\/uploads\/2021\/12\/NEW-logoTMB-V2-quadri1-281x300.png","contentUrl":"https:\/\/makutano.cd\/wp-content\/uploads\/2021\/12\/NEW-logoTMB-V2-quadri1-281x300.png"},{"@type":"BreadcrumbList","@id":"https:\/\/makutano.cd\/programme\/#breadcrumb","itemListElement":[{"@type":"ListItem","position":1,"name":"Accueil","item":"https:\/\/makutano.cd\/"},{"@type":"ListItem","position":2,"name":"Programme"}]},{"@type":"WebSite","@id":"https:\/\/makutano.cd\/fr\/#website","url":"https:\/\/makutano.cd\/fr\/","name":"Makutano","description":"If we don&#039;t, who will ?","publisher":{"@id":"https:\/\/makutano.cd\/fr\/#organization"},"potentialAction":[{"@type":"SearchAction","target":{"@type":"EntryPoint","urlTemplate":"https:\/\/makutano.cd\/fr\/?s={search_term_string}"},"query-input":{"@type":"PropertyValueSpecification","valueRequired":true,"valueName":"search_term_string"}}],"inLanguage":"en-US"},{"@type":"Organization","@id":"https:\/\/makutano.cd\/fr\/#organization","name":"Makutano","url":"https:\/\/makutano.cd\/fr\/","logo":{"@type":"ImageObject","inLanguage":"en-US","@id":"https:\/\/makutano.cd\/fr\/#\/schema\/logo\/image\/","url":"https:\/\/makutano.cd\/wp-content\/uploads\/2020\/06\/Logo-Makutano-inblock.svg","contentUrl":"https:\/\/makutano.cd\/wp-content\/uploads\/2020\/06\/Logo-Makutano-inblock.svg","width":293,"height":80,"caption":"Makutano"},"image":{"@id":"https:\/\/makutano.cd\/fr\/#\/schema\/logo\/image\/"},"sameAs":["https:\/\/facebook.com\/MakutanoNetwork","https:\/\/x.com\/MakutanoForum","https:\/\/www.linkedin.com\/in\/sultanimakutano\/","https:\/\/www.instagram.com\/p\/B192OJ8nkVx\/","https:\/\/www.youtube.com\/channel\/UCb_Won5SE0j8B2yMo0zigoQ"]}]}},"_links":{"self":[{"href":"https:\/\/makutano.cd\/en\/wp-json\/wp\/v2\/pages\/2968","targetHints":{"allow":["GET"]}}],"collection":[{"href":"https:\/\/makutano.cd\/en\/wp-json\/wp\/v2\/pages"}],"about":[{"href":"https:\/\/makutano.cd\/en\/wp-json\/wp\/v2\/types\/page"}],"author":[{"embeddable":true,"href":"https:\/\/makutano.cd\/en\/wp-json\/wp\/v2\/users\/3"}],"replies":[{"embeddable":true,"href":"https:\/\/makutano.cd\/en\/wp-json\/wp\/v2\/comments?post=2968"}],"version-history":[{"count":0,"href":"https:\/\/makutano.cd\/en\/wp-json\/wp\/v2\/pages\/2968\/revisions"}],"wp:attachment":[{"href":"https:\/\/makutano.cd\/en\/wp-json\/wp\/v2\/media?parent=2968"}],"curies":[{"name":"wp","href":"https:\/\/api.w.org\/{rel}","templated":true}]}}